{"id":24537,"date":"2019-12-04T09:12:01","date_gmt":"2019-12-04T08:12:01","guid":{"rendered":"https:\/\/wibit.sechsp.de\/unsere-community\/"},"modified":"2025-04-07T11:52:46","modified_gmt":"2025-04-07T09:52:46","slug":"unsere-community","status":"publish","type":"page","link":"https:\/\/wibit.sechsp.de\/de\/unsere-community\/","title":{"rendered":"Community"},"content":{"rendered":"<div class=\"wpb-content-wrapper\"><p>[vc_section el_class=&#8220;has-slider&#8220;][vc_row full_width=&#8220;stretch_row_content_no_spaces&#8220; el_class=&#8220;has-slider&#8220; smartphonebbresponsive=&#8220;.bb_custom_1688368898232{margin-bottom:30px!important;}&#8220; css=&#8220;.vc_custom_1688368898232{padding-bottom: 0px !important;}&#8220;][vc_column][slider_new slider_id=&#8220;slider-580188&#8243; arrows=&#8220;true&#8220; height_desktop=&#8220;80vh&#8220; height_tablet=&#8220;60vh&#8220; height_smartphone=&#8220;50vh&#8220;][slider_new_item img=&#8220;18253&#8243;][\/slider_new_item][\/slider_new][\/vc_column][\/vc_row][vc_row css_animation=&#8220;none&#8220;][vc_column css_animation=&#8220;none&#8220; offset=&#8220;vc_col-lg-offset-2 vc_col-lg-8 vc_col-md-offset-2 vc_col-md-8&#8243;][vc_column_text smartphonebbresponsive=&#8220;.bb_custom_1580383195068{margin-bottom:20px!important;}&#8220;]<\/p>\n<h1 class=\"fauna-one\" style=\"text-align: center;\">Das Gl\u00fcck beginnt mit Wibit<\/h1>\n<p>[\/vc_column_text][vc_column_text]<\/p>\n<p style=\"text-align: center;\">Bei Wibit widmen wir uns <strong>Menschen gl\u00fccklich machen<\/strong>. Wir haben dieses Unternehmen vor \u00fcber 25 Jahren gegr\u00fcndet, um Millionen von <a href=\"https:\/\/wibit.sechsp.de\/de\/unsere-sports-parks\/\">SportsPark-<\/a> und <a href=\"https:\/\/wibit.sechsp.de\/de\/unsere-pooltracks\/\">PoolTrack-<\/a>Nutzern weltweit Freude zu bereiten. Wenn unsere Nutzer gl\u00fccklich sind, dann sind es auch unsere Partner &#8211; und wir ebenfalls!<\/p>\n<p>[\/vc_column_text][\/vc_column][\/vc_row][vc_row css_animation=&#8220;bottom-to-top&#8220;][vc_column css_animation=&#8220;none&#8220; offset=&#8220;vc_col-lg-offset-2 vc_col-lg-8 vc_col-md-offset-2 vc_col-md-8&#8243;][vertical_line][vc_column_text smartphonebbresponsive=&#8220;.bb_custom_1583136231694{margin-bottom:10px!important;}&#8220;]<\/p>\n<h2 class=\"fauna-one\" style=\"text-align: center;\">Worin liegt das Geheimnis des besonderen Wibit-L\u00e4chelns?<\/h2>\n<p>[\/vc_column_text][\/vc_column][\/vc_row][vc_row full_width=&#8220;stretch_row_content_no_spaces&#8220; css_animation=&#8220;bottom-to-top&#8220;][vc_column css_animation=&#8220;none&#8220; offset=&#8220;vc_hidden-md vc_hidden-sm vc_hidden-xs&#8220;][vc_single_image image=&#8220;20061&#8243; img_size=&#8220;full&#8220; alignment=&#8220;center&#8220; smartphonebbresponsive=&#8220;.bb_custom_1583136114354{margin-top:20px!important;margin-bottom:20px!important;}&#8220;][\/vc_column][\/vc_row][vc_row full_width=&#8220;stretch_row_content_no_spaces&#8220; css_animation=&#8220;bottom-to-top&#8220;][vc_column css_animation=&#8220;none&#8220; offset=&#8220;vc_hidden-lg vc_hidden-xs&#8220;][vc_single_image image=&#8220;20062&#8243; img_size=&#8220;full&#8220; alignment=&#8220;center&#8220; smartphonebbresponsive=&#8220;.bb_custom_1583136142299{margin-top:20px!important;margin-bottom:20px!important;}&#8220;][\/vc_column][\/vc_row][vc_row full_width=&#8220;stretch_row_content_no_spaces&#8220; css_animation=&#8220;bottom-to-top&#8220;][vc_column css_animation=&#8220;none&#8220; offset=&#8220;vc_hidden-lg vc_hidden-md vc_hidden-sm&#8220;][vc_single_image image=&#8220;20063&#8243; img_size=&#8220;full&#8220; alignment=&#8220;center&#8220; smartphonebbresponsive=&#8220;.bb_custom_1583136152895{margin-top:20px!important;margin-bottom:20px!important;}&#8220;][\/vc_column][\/vc_row][vc_row css_animation=&#8220;bottom-to-top&#8220;][vc_column offset=&#8220;vc_col-lg-offset-1 vc_col-lg-10 vc_col-md-offset-1 vc_col-md-10&#8243;][vertical_line][\/vc_column][\/vc_row][vc_row css_animation=&#8220;bottom-to-top&#8220;][vc_column css_animation=&#8220;none&#8220; offset=&#8220;vc_col-lg-offset-2 vc_col-lg-8 vc_col-md-offset-2 vc_col-md-8&#8243;][vc_column_text smartphonebbresponsive=&#8220;.bb_custom_1581435140826{margin-bottom:20px!important;}&#8220;]<\/p>\n<h2 class=\"fauna-one\" style=\"text-align: center;\">Beste Benutzererfahrung<\/h2>\n<p>[\/vc_column_text][vc_column_text]<\/p>\n<p style=\"text-align: center;\">Wibit garantiert Spa\u00df f\u00fcr alle! Unsere Kombinationen sind perfekt f\u00fcr <a href=\"https:\/\/wibit.sechsp.de\/de\/mehr-spass-durch-organisierte-spiele-und-events\/\">Familienaktivit\u00e4ten<\/a>, Teambildungs\u00fcbungen, Fitnesskurse und vieles mehr. Unsere innovativen Produkte f\u00f6rdern die soziale Interaktion, das Gleichgewicht, die Koordination und die Entwicklung der motorischen F\u00e4higkeiten f\u00fcr Benutzer<\/p>\n<p>[\/vc_column_text][\/vc_column][\/vc_row][vc_row full_width=&#8220;stretch_row_content&#8220; css_animation=&#8220;bottom-to-top&#8220; smartphonebbresponsive=&#8220;.bb_custom_1580383797440{margin-top:20px!important;margin-bottom:20px!important;padding-top:20px!important;padding-bottom:20px!important;background-color:#003865!important;}&#8220;][vc_column css_animation=&#8220;none&#8220; offset=&#8220;vc_col-lg-offset-2 vc_col-lg-8 vc_col-md-offset-2 vc_col-md-8&#8243;][vc_column_text css=&#8220;&#8220;]<\/p>\n<table align=\"center\">\n<tbody>\n<tr>\n<th style=\"text-align: right;\">\n<h2 class=\"text-white fauna-one\">aller<br \/>\naller<br \/>\naller<\/h2>\n<\/th>\n<th style=\"text-align: left;\">\n<h2 class=\"text-white fauna-one\"><strong>\u00a0Altersstufen,<\/strong><br \/>\n<strong>\u00a0Fitness-Levels &amp;<\/strong><br \/>\n<strong>\u00a0Kulturen.<\/strong><\/h2>\n<\/th>\n<\/tr>\n<\/tbody>\n<\/table>\n<p>[\/vc_column_text][\/vc_column][\/vc_row][vc_row css_animation=&#8220;bottom-to-top&#8220;][vc_column css_animation=&#8220;none&#8220; offset=&#8220;vc_col-lg-offset-2 vc_col-lg-8 vc_col-md-offset-2 vc_col-md-8&#8243;][vertical_line][vc_column_text smartphonebbresponsive=&#8220;.bb_custom_1581435571152{margin-bottom:20px!important;}&#8220;]<\/p>\n<h2 style=\"text-align: center;\">Maximierter Spa\u00df<\/h2>\n<p>[\/vc_column_text][vc_column_text]<\/p>\n<p style=\"text-align: center;\"><a href=\"https:\/\/wibit.sechsp.de\/de\/unsere-einzigartigen-systeme\/\">Unsere einzigartigen Systeme<\/a> wie unser RouteFinder, InfinityLoops oder das Step-Up-System (SUS) garantieren maximalen Spa\u00df, l\u00e4ngere Spielzeiten ohne Engp\u00e4sse und die beste Benutzererfahrung.<\/p>\n<p>[\/vc_column_text][\/vc_column][\/vc_row][vc_row css_animation=&#8220;bottom-to-top&#8220;][vc_column css_animation=&#8220;none&#8220; offset=&#8220;vc_col-lg-offset-2 vc_col-lg-8 vc_col-md-offset-2 vc_col-md-8&#8243;][vertical_line][vc_column_text smartphonebbresponsive=&#8220;.bb_custom_1580394000545{margin-bottom:20px!important;}&#8220;]<\/p>\n<h2 class=\"fauna-one\" style=\"text-align: center;\">Sicherheit &amp; Qualit\u00e4t<\/h2>\n<p>[\/vc_column_text][vc_column_text]<\/p>\n<p style=\"text-align: center;\">Gl\u00fcck kann nur garantiert werden, wenn die Benutzer in <strong>sicheren Wibit-H\u00e4nden<\/strong> sind. Wir sind stolz auf unsere <a href=\"https:\/\/wibit.sechsp.de\/de\/sicherheit-und-qualitaet\/\">Sicherheitsbilanz<\/a>, darunter die Zertifizierung aller unserer Produkte durch das renommierte deutsche Pr\u00fcfinstitut f\u00fcr Produktsicherheit <strong>T\u00dcV<\/strong> und das Erreichen der Sicherheitsauszeichnung nach EN ISO 25649.<\/p>\n<p style=\"text-align: center;\">Alle Wibit-Produkte werden in Deutschland entworfen und aus den <strong> hochwertigsten Materialien<\/strong> hergestellt.<\/p>\n<p>[\/vc_column_text][vc_single_image image=&#8220;13050&#8243; alignment=&#8220;center&#8220; smartphonebbresponsive=&#8220;.bb_custom_1580804547946{margin-top:30px!important;margin-bottom:20px!important;}&#8220;][vertical_line][\/vc_column][\/vc_row][vc_row full_width=&#8220;stretch_row_content_no_spaces&#8220; css_animation=&#8220;bottom-to-top&#8220;][vc_column css_animation=&#8220;none&#8220; offset=&#8220;vc_col-lg-offset-2 vc_col-lg-8 vc_col-md-offset-2 vc_col-md-8&#8243;][vc_column_text css=&#8220;&#8220;]<\/p>\n<h2 style=\"text-align: center;\">Teile dein Wibit-L\u00e4cheln mit uns!<img loading=\"lazy\" decoding=\"async\" class=\"alignnone wp-image-15817 size-thumbnail\" src=\"https:\/\/wibit.sechsp.de\/wordpress\/wp-content\/uploads\/2020\/02\/Picto_269_happy_people_2019-150x150.png\" alt=\"\" width=\"60\" height=\"60\" srcset=\"https:\/\/wibit.sechsp.de\/wp-content\/uploads\/2020\/02\/Picto_269_happy_people_2019-150x150.png 150w, https:\/\/wibit.sechsp.de\/wp-content\/uploads\/2020\/02\/Picto_269_happy_people_2019-350x350.png 350w, https:\/\/wibit.sechsp.de\/wp-content\/uploads\/2020\/02\/Picto_269_happy_people_2019-400x400.png 400w, https:\/\/wibit.sechsp.de\/wp-content\/uploads\/2020\/02\/Picto_269_happy_people_2019-250x250.png 250w, https:\/\/wibit.sechsp.de\/wp-content\/uploads\/2020\/02\/Picto_269_happy_people_2019.png 625w\" sizes=\"auto, (max-width: 60px) 100vw, 60px\" \/><\/h2>\n<p>[\/vc_column_text][vc_column_text css=&#8220;&#8220; smartphonebbresponsive=&#8220;.bb_custom_1744019554317{margin-top:20px!important;}&#8220; bb_tab_container=&#8220;&#8220;]<\/p>\n<table align=\"center\">\n<tbody>\n<tr>\n<th><a href=\"https:\/\/de-de.facebook.com\/wibitsports\/\"><img loading=\"lazy\" decoding=\"async\" class=\"alignnone wp-image-18043 size-thumbnail\" role=\"img\" src=\"https:\/\/wibit.sechsp.de\/wp-content\/uploads\/2019\/08\/facebook.svg\" alt=\"\" width=\"40\" height=\"40\" \/><\/a><\/th>\n<th>\u00a0 <a href=\"https:\/\/de.linkedin.com\/company\/wibit-sports-gmbh\"><img loading=\"lazy\" decoding=\"async\" class=\"alignnone wp-image-18045 size-thumbnail\" role=\"img\" src=\"https:\/\/wibit.sechsp.de\/wp-content\/uploads\/2019\/08\/linkedin.svg\" alt=\"\" width=\"40\" height=\"40\" \/><\/a><\/th>\n<th>\u00a0 <a href=\"https:\/\/www.youtube.com\/channel\/UCzASgAg8sErOKpNwnDQDtxA\"><img loading=\"lazy\" decoding=\"async\" class=\"alignnone wp-image-18046 size-thumbnail\" role=\"img\" src=\"https:\/\/wibit.sechsp.de\/wp-content\/uploads\/2019\/08\/youtube.svg\" alt=\"\" width=\"40\" height=\"40\" \/><\/a><\/th>\n<th>\u00a0 <a href=\"https:\/\/www.instagram.com\/wibit\/?hl=de\"><img loading=\"lazy\" decoding=\"async\" class=\"alignnone wp-image-18044 size-thumbnail\" role=\"img\" src=\"https:\/\/wibit.sechsp.de\/wp-content\/uploads\/2019\/08\/instagram.svg\" alt=\"\" width=\"40\" height=\"40\" \/><\/a><\/th>\n<\/tr>\n<\/tbody>\n<\/table>\n<p>[\/vc_column_text][\/vc_column][\/vc_row][vc_row full_width=&#8220;stretch_row_content_no_spaces&#8220; css_animation=&#8220;bottom-to-top&#8220;][vc_column css_animation=&#8220;none&#8220; offset=&#8220;vc_hidden-md vc_hidden-sm vc_hidden-xs&#8220;][vc_single_image image=&#8220;18241&#8243; img_size=&#8220;full&#8220; alignment=&#8220;center&#8220; smartphonebbresponsive=&#8220;.bb_custom_1581430361250{margin-top:20px!important;margin-bottom:20px!important;}&#8220;][\/vc_column][\/vc_row][vc_row full_width=&#8220;stretch_row_content_no_spaces&#8220; css_animation=&#8220;bottom-to-top&#8220;][vc_column css_animation=&#8220;none&#8220; offset=&#8220;vc_hidden-lg vc_hidden-xs&#8220;][vc_single_image image=&#8220;18242&#8243; img_size=&#8220;full&#8220; alignment=&#8220;center&#8220; smartphonebbresponsive=&#8220;.bb_custom_1581430375617{margin-top:20px!important;margin-bottom:20px!important;}&#8220;][\/vc_column][\/vc_row][vc_row full_width=&#8220;stretch_row_content_no_spaces&#8220; css_animation=&#8220;bottom-to-top&#8220;][vc_column css_animation=&#8220;none&#8220; offset=&#8220;vc_hidden-lg vc_hidden-md vc_hidden-sm&#8220;][vc_single_image image=&#8220;18243&#8243; img_size=&#8220;full&#8220; alignment=&#8220;center&#8220; smartphonebbresponsive=&#8220;.bb_custom_1581430386630{margin-top:20px!important;margin-bottom:20px!important;}&#8220;][\/vc_column][\/vc_row][vc_row][vc_column][vertical_line][\/vc_column][\/vc_row][vc_row full_width=&#8220;stretch_row&#8220; css_animation=&#8220;bottom-to-top&#8220; el_id=&#8220;super_quote&#8220; smartphonebbresponsive=&#8220;.bb_custom_1579095721649{padding-top:30px!important;padding-bottom:20px!important;border-color:#003865!important;background-color:#003865!important;}&#8220;][vc_column css_animation=&#8220;none&#8220; offset=&#8220;vc_col-lg-offset-1 vc_col-lg-10 vc_col-md-offset-1 vc_col-md-10&#8243;][vc_single_image image=&#8220;2621&#8243; alignment=&#8220;center&#8220; style=&#8220;vc_box_circle&#8220; onclick=&#8220;img_link_large&#8220; img_link_target=&#8220;_blank&#8220; tabletbbresponsive=&#8220;.bb_custom_1580804194759{padding-top:0px!important;padding-bottom:0px!important;}&#8220; css=&#8220;.vc_custom_1575978076553{margin-top: 0px !important;}&#8220;][vc_column_text css_animation=&#8220;none&#8220; tabletbbresponsive=&#8220;.bb_custom_1580397121953{margin-bottom:20px!important;}&#8220; smartphonebbresponsive=&#8220;.bb_custom_1580397121953{padding-top:10px!important;padding-bottom:10px!important;}&#8220;]<\/p>\n<p class=\"text-white\" style=\"text-align: center;\"><strong>Deborah O. und Familie<br \/>\n<\/strong>Olympiabad Montr\u00e9al<\/p>\n<p>[\/vc_column_text][vc_column_text css_animation=&#8220;none&#8220;]<\/p>\n<p class=\"headline-h3 text-white\" style=\"text-align: center;\">\u201cIch bin die Mutter einer jungen Familie und wir haben vor kurzem Wibit im Olympiabad entdeckt. Es hat unser Leben komplett ver\u00e4ndert. Unsere Tochter liebt jetzt das Wasserspiel, das Schwimmen, und ihre Einstellung zum Wasser hat sich durch Wibit komplett ver\u00e4ndert. Es ist hier so gut eingerichtet, und obwohl sie noch sehr jung ist (6), hat es unserer Familie wirklich geholfen, aktiv zu werden, am Wochenende aus dem Haus zu kommen, aber in der Stadt zu bleiben. Vor allem aber macht es so viel Spa\u00df!\u201d<\/p>\n<p>[\/vc_column_text][\/vc_column][\/vc_row][\/vc_section][vc_row full_width=&#8220;stretch_row_content_no_spaces&#8220; css_animation=&#8220;bottom-to-top&#8220;][vc_column css_animation=&#8220;none&#8220;][vertical_line][vc_column_text smartphonebbresponsive=&#8220;.bb_custom_1580734973660{margin-bottom:30px!important;}&#8220;]<\/p>\n<h2 style=\"text-align: center;\"><span class=\"fauna-one\">Erfolgsgeschichten<br \/>\n<\/span><\/h2>\n<p>[\/vc_column_text][success_stories success_stories_select=&#8220;13151,13147,13163,13161,13160,13156,13132,13157,13153,19863,13148&#8243;][\/vc_column][\/vc_row]<\/p>\n<\/div>","protected":false},"excerpt":{"rendered":"<p>[vc_section el_class=&#8220;has-slider&#8220;][vc_row full_width=&#8220;stretch_row_content_no_spaces&#8220; el_class=&#8220;has-slider&#8220; smartphonebbresponsive=&#8220;.bb_custom_1688368898232{margin-bottom:30px!important;}&#8220; css=&#8220;.vc_custom_1688368898232{padding-bottom: 0px !important;}&#8220;][vc_column][slider_new slider_id=&#8220;slider-580188&#8243; arrows=&#8220;true&#8220; height_desktop=&#8220;80vh&#8220; height_tablet=&#8220;60vh&#8220; height_smartphone=&#8220;50vh&#8220;][slider_new_item img=&#8220;18253&#8243;][\/slider_new_item][\/slider_new][\/vc_column][\/vc_row][vc_row css_animation=&#8220;none&#8220;][vc_column css_animation=&#8220;none&#8220; offset=&#8220;vc_col-lg-offset-2 vc_col-lg-8 vc_col-md-offset-2 vc_col-md-8&#8243;][vc_column_text smartphonebbresponsive=&#8220;.bb_custom_1580383195068{margin-bottom:20px!important;}&#8220;] Das Gl\u00fcck beginnt mit Wibit [\/vc_column_text][vc_column_text] Bei Wibit widmen wir uns Menschen gl\u00fccklich machen. Wir haben dieses Unternehmen vor \u00fcber 25 Jahren gegr\u00fcndet, um Millionen von SportsPark- und PoolTrack-Nutzern weltweit Freude zu bereiten. Wenn [&hellip;]<\/p>\n","protected":false},"author":5,"featured_media":0,"parent":0,"menu_order":25,"comment_status":"closed","ping_status":"closed","template":"","meta":{"_acf_changed":false,"footnotes":""},"class_list":["post-24537","page","type-page","status-publish","hentry"],"acf":[],"yoast_head":"<!-- This site is optimized with the Yoast SEO plugin v25.6 - https:\/\/yoast.com\/wordpress\/plugins\/seo\/ -->\n<title>Unsere Community - Das Gl\u00fcck beginnt mit Wibit<\/title>\n<meta name=\"description\" content=\"Bei Wibit widmen wir uns Menschen gl\u00fccklich machen. Wir haben dieses Unternehmen gegr\u00fcndet, um Millionen von SportsPark und PoolTrack Nutzern weltweit Freude zu bereiten.\" \/>\n<meta name=\"robots\" content=\"noindex, follow, max-snippet:-1, max-image-preview:large, max-video-preview:-1\" \/>\n<meta property=\"og:locale\" content=\"de_DE\" \/>\n<meta property=\"og:type\" content=\"article\" \/>\n<meta property=\"og:title\" content=\"Unsere Community - Das Gl\u00fcck beginnt mit Wibit\" \/>\n<meta property=\"og:description\" content=\"Bei Wibit widmen wir uns Menschen gl\u00fccklich machen. Wir haben dieses Unternehmen gegr\u00fcndet, um Millionen von SportsPark und PoolTrack Nutzern weltweit Freude zu bereiten.\" \/>\n<meta property=\"og:url\" content=\"https:\/\/wibit.sechsp.de\/de\/unsere-community\/\" \/>\n<meta property=\"og:site_name\" content=\"wibit sports\" \/>\n<meta property=\"article:publisher\" content=\"https:\/\/www.facebook.com\/wibitsports\/\" \/>\n<meta property=\"article:modified_time\" content=\"2025-04-07T09:52:46+00:00\" \/>\n<meta property=\"og:image\" content=\"https:\/\/wibit.sechsp.de\/wordpress\/wp-content\/uploads\/2020\/02\/Picto_269_happy_people_2019-150x150.png\" \/>\n<meta name=\"twitter:card\" content=\"summary_large_image\" \/>\n<meta name=\"twitter:label1\" content=\"Gesch\u00e4tzte Lesezeit\" \/>\n\t<meta name=\"twitter:data1\" content=\"6\u00a0Minuten\" \/>\n<script type=\"application\/ld+json\" class=\"yoast-schema-graph\">{\"@context\":\"https:\/\/schema.org\",\"@graph\":[{\"@type\":\"WebPage\",\"@id\":\"https:\/\/wibit.sechsp.de\/de\/unsere-community\/\",\"url\":\"https:\/\/wibit.sechsp.de\/de\/unsere-community\/\",\"name\":\"Unsere Community - Das Gl\u00fcck beginnt mit Wibit\",\"isPartOf\":{\"@id\":\"https:\/\/wibit.sechsp.de\/de\/#website\"},\"primaryImageOfPage\":{\"@id\":\"https:\/\/wibit.sechsp.de\/de\/unsere-community\/#primaryimage\"},\"image\":{\"@id\":\"https:\/\/wibit.sechsp.de\/de\/unsere-community\/#primaryimage\"},\"thumbnailUrl\":\"https:\/\/wibit.sechsp.de\/wordpress\/wp-content\/uploads\/2020\/02\/Picto_269_happy_people_2019-150x150.png\",\"datePublished\":\"2019-12-04T08:12:01+00:00\",\"dateModified\":\"2025-04-07T09:52:46+00:00\",\"description\":\"Bei Wibit widmen wir uns Menschen gl\u00fccklich machen. Wir haben dieses Unternehmen gegr\u00fcndet, um Millionen von SportsPark und PoolTrack Nutzern weltweit Freude zu bereiten.\",\"breadcrumb\":{\"@id\":\"https:\/\/wibit.sechsp.de\/de\/unsere-community\/#breadcrumb\"},\"inLanguage\":\"de\",\"potentialAction\":[{\"@type\":\"ReadAction\",\"target\":[\"https:\/\/wibit.sechsp.de\/de\/unsere-community\/\"]}]},{\"@type\":\"ImageObject\",\"inLanguage\":\"de\",\"@id\":\"https:\/\/wibit.sechsp.de\/de\/unsere-community\/#primaryimage\",\"url\":\"https:\/\/wibit.sechsp.de\/wordpress\/wp-content\/uploads\/2020\/02\/Picto_269_happy_people_2019-150x150.png\",\"contentUrl\":\"https:\/\/wibit.sechsp.de\/wordpress\/wp-content\/uploads\/2020\/02\/Picto_269_happy_people_2019-150x150.png\"},{\"@type\":\"BreadcrumbList\",\"@id\":\"https:\/\/wibit.sechsp.de\/de\/unsere-community\/#breadcrumb\",\"itemListElement\":[{\"@type\":\"ListItem\",\"position\":1,\"name\":\"Home\",\"item\":\"https:\/\/wibit.sechsp.de\/de\/\"},{\"@type\":\"ListItem\",\"position\":2,\"name\":\"Community\"}]},{\"@type\":\"WebSite\",\"@id\":\"https:\/\/wibit.sechsp.de\/de\/#website\",\"url\":\"https:\/\/wibit.sechsp.de\/de\/\",\"name\":\"wibit sports\",\"description\":\"We are waterpark!\",\"potentialAction\":[{\"@type\":\"SearchAction\",\"target\":{\"@type\":\"EntryPoint\",\"urlTemplate\":\"https:\/\/wibit.sechsp.de\/de\/?s={search_term_string}\"},\"query-input\":{\"@type\":\"PropertyValueSpecification\",\"valueRequired\":true,\"valueName\":\"search_term_string\"}}],\"inLanguage\":\"de\"}]}<\/script>\n<!-- \/ Yoast SEO plugin. -->","yoast_head_json":{"title":"Unsere Community - Das Gl\u00fcck beginnt mit Wibit","description":"Bei Wibit widmen wir uns Menschen gl\u00fccklich machen. Wir haben dieses Unternehmen gegr\u00fcndet, um Millionen von SportsPark und PoolTrack Nutzern weltweit Freude zu bereiten.","robots":{"index":"noindex","follow":"follow","max-snippet":"max-snippet:-1","max-image-preview":"max-image-preview:large","max-video-preview":"max-video-preview:-1"},"og_locale":"de_DE","og_type":"article","og_title":"Unsere Community - Das Gl\u00fcck beginnt mit Wibit","og_description":"Bei Wibit widmen wir uns Menschen gl\u00fccklich machen. Wir haben dieses Unternehmen gegr\u00fcndet, um Millionen von SportsPark und PoolTrack Nutzern weltweit Freude zu bereiten.","og_url":"https:\/\/wibit.sechsp.de\/de\/unsere-community\/","og_site_name":"wibit sports","article_publisher":"https:\/\/www.facebook.com\/wibitsports\/","article_modified_time":"2025-04-07T09:52:46+00:00","og_image":[{"url":"https:\/\/wibit.sechsp.de\/wordpress\/wp-content\/uploads\/2020\/02\/Picto_269_happy_people_2019-150x150.png","type":"","width":"","height":""}],"twitter_card":"summary_large_image","twitter_misc":{"Gesch\u00e4tzte Lesezeit":"6\u00a0Minuten"},"schema":{"@context":"https:\/\/schema.org","@graph":[{"@type":"WebPage","@id":"https:\/\/wibit.sechsp.de\/de\/unsere-community\/","url":"https:\/\/wibit.sechsp.de\/de\/unsere-community\/","name":"Unsere Community - Das Gl\u00fcck beginnt mit Wibit","isPartOf":{"@id":"https:\/\/wibit.sechsp.de\/de\/#website"},"primaryImageOfPage":{"@id":"https:\/\/wibit.sechsp.de\/de\/unsere-community\/#primaryimage"},"image":{"@id":"https:\/\/wibit.sechsp.de\/de\/unsere-community\/#primaryimage"},"thumbnailUrl":"https:\/\/wibit.sechsp.de\/wordpress\/wp-content\/uploads\/2020\/02\/Picto_269_happy_people_2019-150x150.png","datePublished":"2019-12-04T08:12:01+00:00","dateModified":"2025-04-07T09:52:46+00:00","description":"Bei Wibit widmen wir uns Menschen gl\u00fccklich machen. Wir haben dieses Unternehmen gegr\u00fcndet, um Millionen von SportsPark und PoolTrack Nutzern weltweit Freude zu bereiten.","breadcrumb":{"@id":"https:\/\/wibit.sechsp.de\/de\/unsere-community\/#breadcrumb"},"inLanguage":"de","potentialAction":[{"@type":"ReadAction","target":["https:\/\/wibit.sechsp.de\/de\/unsere-community\/"]}]},{"@type":"ImageObject","inLanguage":"de","@id":"https:\/\/wibit.sechsp.de\/de\/unsere-community\/#primaryimage","url":"https:\/\/wibit.sechsp.de\/wordpress\/wp-content\/uploads\/2020\/02\/Picto_269_happy_people_2019-150x150.png","contentUrl":"https:\/\/wibit.sechsp.de\/wordpress\/wp-content\/uploads\/2020\/02\/Picto_269_happy_people_2019-150x150.png"},{"@type":"BreadcrumbList","@id":"https:\/\/wibit.sechsp.de\/de\/unsere-community\/#breadcrumb","itemListElement":[{"@type":"ListItem","position":1,"name":"Home","item":"https:\/\/wibit.sechsp.de\/de\/"},{"@type":"ListItem","position":2,"name":"Community"}]},{"@type":"WebSite","@id":"https:\/\/wibit.sechsp.de\/de\/#website","url":"https:\/\/wibit.sechsp.de\/de\/","name":"wibit sports","description":"We are waterpark!","potentialAction":[{"@type":"SearchAction","target":{"@type":"EntryPoint","urlTemplate":"https:\/\/wibit.sechsp.de\/de\/?s={search_term_string}"},"query-input":{"@type":"PropertyValueSpecification","valueRequired":true,"valueName":"search_term_string"}}],"inLanguage":"de"}]}},"_links":{"self":[{"href":"https:\/\/wibit.sechsp.de\/de\/wp-json\/wp\/v2\/pages\/24537","targetHints":{"allow":["GET"]}}],"collection":[{"href":"https:\/\/wibit.sechsp.de\/de\/wp-json\/wp\/v2\/pages"}],"about":[{"href":"https:\/\/wibit.sechsp.de\/de\/wp-json\/wp\/v2\/types\/page"}],"author":[{"embeddable":true,"href":"https:\/\/wibit.sechsp.de\/de\/wp-json\/wp\/v2\/users\/5"}],"replies":[{"embeddable":true,"href":"https:\/\/wibit.sechsp.de\/de\/wp-json\/wp\/v2\/comments?post=24537"}],"version-history":[{"count":27,"href":"https:\/\/wibit.sechsp.de\/de\/wp-json\/wp\/v2\/pages\/24537\/revisions"}],"predecessor-version":[{"id":47637,"href":"https:\/\/wibit.sechsp.de\/de\/wp-json\/wp\/v2\/pages\/24537\/revisions\/47637"}],"wp:attachment":[{"href":"https:\/\/wibit.sechsp.de\/de\/wp-json\/wp\/v2\/media?parent=24537"}],"curies":[{"name":"wp","href":"https:\/\/api.w.org\/{rel}","templated":true}]}}