{"id":24138,"date":"2020-01-30T10:10:01","date_gmt":"2020-01-30T09:10:01","guid":{"rendered":"https:\/\/wibit.sechsp.de\/all-products\/"},"modified":"2024-12-09T09:08:29","modified_gmt":"2024-12-09T08:08:29","slug":"alle-produkte-offene-gewaesser","status":"publish","type":"page","link":"https:\/\/wibit.sechsp.de\/de\/alle-produkte-offene-gewaesser\/","title":{"rendered":"Alle Produkte Offene Gew\u00e4sser"},"content":{"rendered":"<div class=\"wpb-content-wrapper\"><p>[vc_row full_width=&#8220;stretch_row_content_no_spaces&#8220; content_placement=&#8220;middle&#8220; el_class=&#8220;has-slider&#8220; css=&#8220;.vc_custom_1688368799606{padding-bottom: 0px !important;}&#8220;][vc_column][slider_new slider_id=&#8220;slider-469610&#8243; arrows=&#8220;true&#8220; height_desktop=&#8220;80vh&#8220; height_tablet=&#8220;60vh&#8220; height_smartphone=&#8220;50vh&#8220;][slider_new_item img=&#8220;2828&#8243;][\/slider_new_item][slider_new_item img=&#8220;47453&#8243; bb_tab_container=&#8220;&#8220;][\/slider_new_item][slider_new_item img=&#8220;12332&#8243;][\/slider_new_item][slider_new_item img=&#8220;19589&#8243; img_alignment=&#8220;img_align_bottom_center&#8220;][\/slider_new_item][slider_new_item img=&#8220;47454&#8243; bb_tab_container=&#8220;&#8220;][\/slider_new_item][slider_new_item img=&#8220;47451&#8243; bb_tab_container=&#8220;&#8220;][\/slider_new_item][\/slider_new][\/vc_column][\/vc_row][vc_row css=&#8220;.vc_custom_1727075916086{padding-top: 50px !important;}&#8220;][vc_column][vc_column_text smartphonebbresponsive=&#8220;.bb_custom_1581679662903{margin-top:20px!important;padding-bottom:20px!important;}&#8220;]<\/p>\n<h1 style=\"text-align: center;\">Alle Produkte f\u00fcr offene Gew\u00e4sser<\/h1>\n<p>[\/vc_column_text][vc_column_text]<\/p>\n<p style=\"text-align: center;\">Unser Ziel bei Wibit ist es, Sie und Ihre G\u00e4ste mit innovativen, qualitativ hochwertigen Produkten,<br \/>\n<strong>die die beste und sicherste Benutzererfahrung bieten, gl\u00fccklich zu machen.<\/strong><\/p>\n<p style=\"text-align: center;\">Unsere Produkte sind f\u00fcr alle Alters- und Fitnessstufen konzipiert und f\u00fcr Spa\u00df, Sicherheit, Betrieb und technische Konstruktion optimiert. Es gibt sie in verschiedenen Schwierigkeitsgraden, was es uns erm\u00f6glicht, verschiedene Routen f\u00fcr verschiedene G\u00e4stetypen zu erstellen und Ihre SportsParks<strong>f\u00fcr alle unterhaltsam zu gestalten<\/strong>.<\/p>\n<p>[\/vc_column_text][vertical_line css_animation=&#8220;bottom-to-top&#8220;][\/vc_column][\/vc_row][vc_row][vc_column width=&#8220;1\/3&#8243;][button text=&#8220;Spa\u00dfprodukte&#8220; link=&#8220;url:%23spassprodukte&#8220; css=&#8220;.vc_custom_1727076217877{padding-bottom: 15px !important;}&#8220;][\/vc_column][vc_column width=&#8220;1\/3&#8243;][button text=&#8220;Technische Produkte&#8220; link=&#8220;url:%23technischeprodukte&#8220; smartphonebbresponsive=&#8220;.bb_custom_1727076224996{padding-bottom:15px!important;}&#8220; css=&#8220;.vc_custom_1727076224995{padding-bottom: 15px !important;}&#8220;][\/vc_column][vc_column width=&#8220;1\/3&#8243; css=&#8220;.vc_custom_1727076058349{padding-bottom: 15px !important;}&#8220;][button text=&#8220;WatchLine&#8220; link=&#8220;url:%23watchline&#8220;][\/vc_column][\/vc_row][vc_row][vc_column][vertical_line css_animation=&#8220;bottom-to-top&#8220;][vc_column_text css_animation=&#8220;bottom-to-top&#8220; smartphonebbresponsive=&#8220;.bb_custom_1728390428605{margin-top:20px!important;padding-bottom:20px!important;}&#8220;]<\/p>\n<h2 style=\"text-align: center;\">Neue Produkte<\/h2>\n<p>[\/vc_column_text][products groups=&#8220;new-products&#8220; level=&#8220;easy,heavy,middle,sporty&#8220; phasing_out=&#8220;no&#8220; type=&#8220;open-water&#8220; css_animation=&#8220;bottom-to-top&#8220; taxonomies=&#8220;parks&#8220; types=&#8220;parks&#8220;][vertical_line css_animation=&#8220;bottom-to-top&#8220;][vc_column_text css_animation=&#8220;bottom-to-top&#8220; smartphonebbresponsive=&#8220;.bb_custom_1727075959663{margin-top:20px!important;padding-bottom:20px!important;}&#8220;]<\/p>\n<h2 style=\"text-align: center;\">Spa\u00dfprodukte<\/h2>\n<p>[\/vc_column_text][products groups=&#8220;fun-modular,fun-standalone&#8220; level=&#8220;easy,heavy,middle,sporty&#8220; phasing_out=&#8220;no&#8220; type=&#8220;open-water&#8220; css_animation=&#8220;bottom-to-top&#8220; taxonomies=&#8220;parks&#8220; types=&#8220;parks&#8220;][vertical_line css_animation=&#8220;bottom-to-top&#8220;][vc_column_text css_animation=&#8220;bottom-to-top&#8220; smartphonebbresponsive=&#8220;.bb_custom_1727075969632{margin-top:20px!important;padding-bottom:20px!important;}&#8220; el_id=&#8220;technischeprodukte&#8220;]<\/p>\n<h2 style=\"text-align: center;\">Technische Produkte<\/h2>\n<p>[\/vc_column_text][products groups=&#8220;fun-modular,fun-standalone&#8220; level=&#8220;technical&#8220; phasing_out=&#8220;no&#8220; type=&#8220;open-water&#8220; css_animation=&#8220;bottom-to-top&#8220; taxonomies=&#8220;parks&#8220; types=&#8220;parks&#8220;][vc_column_text css_animation=&#8220;bottom-to-top&#8220; smartphonebbresponsive=&#8220;.bb_custom_1727075976296{margin-top:20px!important;padding-bottom:20px!important;}&#8220; el_id=&#8220;watchline&#8220;]<\/p>\n<h2 style=\"text-align: center;\">WatchLine<\/h2>\n<p>[\/vc_column_text][products groups=&#8220;watchline&#8220; phasing_out=&#8220;no&#8220; type=&#8220;open-water&#8220; css_animation=&#8220;bottom-to-top&#8220; taxonomies=&#8220;parks&#8220; types=&#8220;parks&#8220;][\/vc_column][\/vc_row][vc_row full_width=&#8220;stretch_row_content_no_spaces&#8220; css_animation=&#8220;bottom-to-top&#8220;][vc_column css_animation=&#8220;none&#8220;][vertical_line][vc_column_text smartphonebbresponsive=&#8220;.bb_custom_1580734973660{margin-bottom:30px!important;}&#8220;]<\/p>\n<h2 style=\"text-align: center;\"><span class=\"fauna-one\">Erfolgsgeschichten<br \/>\n<\/span><\/h2>\n<p>[\/vc_column_text][success_stories success_stories_select=&#8220;13151,13147,13163,13161,13160,13156,13132,13157,13153&#8243;][\/vc_column][\/vc_row]<\/p>\n<\/div>","protected":false},"excerpt":{"rendered":"<p>[vc_row full_width=&#8220;stretch_row_content_no_spaces&#8220; content_placement=&#8220;middle&#8220; el_class=&#8220;has-slider&#8220; css=&#8220;.vc_custom_1688368799606{padding-bottom: 0px !important;}&#8220;][vc_column][slider_new slider_id=&#8220;slider-469610&#8243; arrows=&#8220;true&#8220; height_desktop=&#8220;80vh&#8220; height_tablet=&#8220;60vh&#8220; height_smartphone=&#8220;50vh&#8220;][slider_new_item img=&#8220;2828&#8243;][\/slider_new_item][slider_new_item img=&#8220;47453&#8243; bb_tab_container=&#8220;&#8220;][\/slider_new_item][slider_new_item img=&#8220;12332&#8243;][\/slider_new_item][slider_new_item img=&#8220;19589&#8243; img_alignment=&#8220;img_align_bottom_center&#8220;][\/slider_new_item][slider_new_item img=&#8220;47454&#8243; bb_tab_container=&#8220;&#8220;][\/slider_new_item][slider_new_item img=&#8220;47451&#8243; bb_tab_container=&#8220;&#8220;][\/slider_new_item][\/slider_new][\/vc_column][\/vc_row][vc_row css=&#8220;.vc_custom_1727075916086{padding-top: 50px !important;}&#8220;][vc_column][vc_column_text smartphonebbresponsive=&#8220;.bb_custom_1581679662903{margin-top:20px!important;padding-bottom:20px!important;}&#8220;] Alle Produkte f\u00fcr offene Gew\u00e4sser [\/vc_column_text][vc_column_text] Unser Ziel bei Wibit ist es, Sie und Ihre G\u00e4ste mit innovativen, qualitativ hochwertigen Produkten, die die beste und sicherste Benutzererfahrung bieten, gl\u00fccklich [&hellip;]<\/p>\n","protected":false},"author":16,"featured_media":0,"parent":0,"menu_order":18,"comment_status":"closed","ping_status":"closed","template":"","meta":{"_acf_changed":false,"footnotes":""},"class_list":["post-24138","page","type-page","status-publish","hentry"],"acf":[],"yoast_head":"<!-- This site is optimized with the Yoast SEO plugin v25.6 - https:\/\/yoast.com\/wordpress\/plugins\/seo\/ -->\n<title>Alle Produkte Offene Gew\u00e4sser - wibit sports<\/title>\n<meta name=\"robots\" content=\"noindex, follow, max-snippet:-1, max-image-preview:large, max-video-preview:-1\" \/>\n<meta property=\"og:locale\" content=\"de_DE\" \/>\n<meta property=\"og:type\" content=\"article\" \/>\n<meta property=\"og:title\" content=\"Alle Produkte Offene Gew\u00e4sser - wibit sports\" \/>\n<meta property=\"og:description\" content=\"[vc_row full_width=&#8220;stretch_row_content_no_spaces&#8220; content_placement=&#8220;middle&#8220; el_class=&#8220;has-slider&#8220; css=&#8220;.vc_custom_1688368799606{padding-bottom: 0px !important;}&#8220;][vc_column][slider_new slider_id=&#8220;slider-469610&#8243; arrows=&#8220;true&#8220; height_desktop=&#8220;80vh&#8220; height_tablet=&#8220;60vh&#8220; height_smartphone=&#8220;50vh&#8220;][slider_new_item img=&#8220;2828&#8243;][\/slider_new_item][slider_new_item img=&#8220;47453&#8243; bb_tab_container=&#8220;&#8220;][\/slider_new_item][slider_new_item img=&#8220;12332&#8243;][\/slider_new_item][slider_new_item img=&#8220;19589&#8243; img_alignment=&#8220;img_align_bottom_center&#8220;][\/slider_new_item][slider_new_item img=&#8220;47454&#8243; bb_tab_container=&#8220;&#8220;][\/slider_new_item][slider_new_item img=&#8220;47451&#8243; bb_tab_container=&#8220;&#8220;][\/slider_new_item][\/slider_new][\/vc_column][\/vc_row][vc_row css=&#8220;.vc_custom_1727075916086{padding-top: 50px !important;}&#8220;][vc_column][vc_column_text smartphonebbresponsive=&#8220;.bb_custom_1581679662903{margin-top:20px!important;padding-bottom:20px!important;}&#8220;] Alle Produkte f\u00fcr offene Gew\u00e4sser [\/vc_column_text][vc_column_text] Unser Ziel bei Wibit ist es, Sie und Ihre G\u00e4ste mit innovativen, qualitativ hochwertigen Produkten, die die beste und sicherste Benutzererfahrung bieten, gl\u00fccklich [&hellip;]\" \/>\n<meta property=\"og:url\" content=\"https:\/\/wibit.sechsp.de\/de\/alle-produkte-offene-gewaesser\/\" \/>\n<meta property=\"og:site_name\" content=\"wibit sports\" \/>\n<meta property=\"article:publisher\" content=\"https:\/\/www.facebook.com\/wibitsports\/\" \/>\n<meta property=\"article:modified_time\" content=\"2024-12-09T08:08:29+00:00\" \/>\n<meta name=\"twitter:card\" content=\"summary_large_image\" \/>\n<meta name=\"twitter:label1\" content=\"Gesch\u00e4tzte Lesezeit\" \/>\n\t<meta name=\"twitter:data1\" content=\"3\u00a0Minuten\" \/>\n<script type=\"application\/ld+json\" class=\"yoast-schema-graph\">{\"@context\":\"https:\/\/schema.org\",\"@graph\":[{\"@type\":\"WebPage\",\"@id\":\"https:\/\/wibit.sechsp.de\/de\/alle-produkte-offene-gewaesser\/\",\"url\":\"https:\/\/wibit.sechsp.de\/de\/alle-produkte-offene-gewaesser\/\",\"name\":\"Alle Produkte Offene Gew\u00e4sser - wibit sports\",\"isPartOf\":{\"@id\":\"https:\/\/wibit.sechsp.de\/de\/#website\"},\"datePublished\":\"2020-01-30T09:10:01+00:00\",\"dateModified\":\"2024-12-09T08:08:29+00:00\",\"breadcrumb\":{\"@id\":\"https:\/\/wibit.sechsp.de\/de\/alle-produkte-offene-gewaesser\/#breadcrumb\"},\"inLanguage\":\"de\",\"potentialAction\":[{\"@type\":\"ReadAction\",\"target\":[\"https:\/\/wibit.sechsp.de\/de\/alle-produkte-offene-gewaesser\/\"]}]},{\"@type\":\"BreadcrumbList\",\"@id\":\"https:\/\/wibit.sechsp.de\/de\/alle-produkte-offene-gewaesser\/#breadcrumb\",\"itemListElement\":[{\"@type\":\"ListItem\",\"position\":1,\"name\":\"Home\",\"item\":\"https:\/\/wibit.sechsp.de\/de\/\"},{\"@type\":\"ListItem\",\"position\":2,\"name\":\"Alle Produkte Offene Gew\u00e4sser\"}]},{\"@type\":\"WebSite\",\"@id\":\"https:\/\/wibit.sechsp.de\/de\/#website\",\"url\":\"https:\/\/wibit.sechsp.de\/de\/\",\"name\":\"wibit sports\",\"description\":\"We are waterpark!\",\"potentialAction\":[{\"@type\":\"SearchAction\",\"target\":{\"@type\":\"EntryPoint\",\"urlTemplate\":\"https:\/\/wibit.sechsp.de\/de\/?s={search_term_string}\"},\"query-input\":{\"@type\":\"PropertyValueSpecification\",\"valueRequired\":true,\"valueName\":\"search_term_string\"}}],\"inLanguage\":\"de\"}]}<\/script>\n<!-- \/ Yoast SEO plugin. -->","yoast_head_json":{"title":"Alle Produkte Offene Gew\u00e4sser - wibit sports","robots":{"index":"noindex","follow":"follow","max-snippet":"max-snippet:-1","max-image-preview":"max-image-preview:large","max-video-preview":"max-video-preview:-1"},"og_locale":"de_DE","og_type":"article","og_title":"Alle Produkte Offene Gew\u00e4sser - wibit sports","og_description":"[vc_row full_width=&#8220;stretch_row_content_no_spaces&#8220; content_placement=&#8220;middle&#8220; el_class=&#8220;has-slider&#8220; css=&#8220;.vc_custom_1688368799606{padding-bottom: 0px !important;}&#8220;][vc_column][slider_new slider_id=&#8220;slider-469610&#8243; arrows=&#8220;true&#8220; height_desktop=&#8220;80vh&#8220; height_tablet=&#8220;60vh&#8220; height_smartphone=&#8220;50vh&#8220;][slider_new_item img=&#8220;2828&#8243;][\/slider_new_item][slider_new_item img=&#8220;47453&#8243; bb_tab_container=&#8220;&#8220;][\/slider_new_item][slider_new_item img=&#8220;12332&#8243;][\/slider_new_item][slider_new_item img=&#8220;19589&#8243; img_alignment=&#8220;img_align_bottom_center&#8220;][\/slider_new_item][slider_new_item img=&#8220;47454&#8243; bb_tab_container=&#8220;&#8220;][\/slider_new_item][slider_new_item img=&#8220;47451&#8243; bb_tab_container=&#8220;&#8220;][\/slider_new_item][\/slider_new][\/vc_column][\/vc_row][vc_row css=&#8220;.vc_custom_1727075916086{padding-top: 50px !important;}&#8220;][vc_column][vc_column_text smartphonebbresponsive=&#8220;.bb_custom_1581679662903{margin-top:20px!important;padding-bottom:20px!important;}&#8220;] Alle Produkte f\u00fcr offene Gew\u00e4sser [\/vc_column_text][vc_column_text] Unser Ziel bei Wibit ist es, Sie und Ihre G\u00e4ste mit innovativen, qualitativ hochwertigen Produkten, die die beste und sicherste Benutzererfahrung bieten, gl\u00fccklich [&hellip;]","og_url":"https:\/\/wibit.sechsp.de\/de\/alle-produkte-offene-gewaesser\/","og_site_name":"wibit sports","article_publisher":"https:\/\/www.facebook.com\/wibitsports\/","article_modified_time":"2024-12-09T08:08:29+00:00","twitter_card":"summary_large_image","twitter_misc":{"Gesch\u00e4tzte Lesezeit":"3\u00a0Minuten"},"schema":{"@context":"https:\/\/schema.org","@graph":[{"@type":"WebPage","@id":"https:\/\/wibit.sechsp.de\/de\/alle-produkte-offene-gewaesser\/","url":"https:\/\/wibit.sechsp.de\/de\/alle-produkte-offene-gewaesser\/","name":"Alle Produkte Offene Gew\u00e4sser - wibit sports","isPartOf":{"@id":"https:\/\/wibit.sechsp.de\/de\/#website"},"datePublished":"2020-01-30T09:10:01+00:00","dateModified":"2024-12-09T08:08:29+00:00","breadcrumb":{"@id":"https:\/\/wibit.sechsp.de\/de\/alle-produkte-offene-gewaesser\/#breadcrumb"},"inLanguage":"de","potentialAction":[{"@type":"ReadAction","target":["https:\/\/wibit.sechsp.de\/de\/alle-produkte-offene-gewaesser\/"]}]},{"@type":"BreadcrumbList","@id":"https:\/\/wibit.sechsp.de\/de\/alle-produkte-offene-gewaesser\/#breadcrumb","itemListElement":[{"@type":"ListItem","position":1,"name":"Home","item":"https:\/\/wibit.sechsp.de\/de\/"},{"@type":"ListItem","position":2,"name":"Alle Produkte Offene Gew\u00e4sser"}]},{"@type":"WebSite","@id":"https:\/\/wibit.sechsp.de\/de\/#website","url":"https:\/\/wibit.sechsp.de\/de\/","name":"wibit sports","description":"We are waterpark!","potentialAction":[{"@type":"SearchAction","target":{"@type":"EntryPoint","urlTemplate":"https:\/\/wibit.sechsp.de\/de\/?s={search_term_string}"},"query-input":{"@type":"PropertyValueSpecification","valueRequired":true,"valueName":"search_term_string"}}],"inLanguage":"de"}]}},"_links":{"self":[{"href":"https:\/\/wibit.sechsp.de\/de\/wp-json\/wp\/v2\/pages\/24138","targetHints":{"allow":["GET"]}}],"collection":[{"href":"https:\/\/wibit.sechsp.de\/de\/wp-json\/wp\/v2\/pages"}],"about":[{"href":"https:\/\/wibit.sechsp.de\/de\/wp-json\/wp\/v2\/types\/page"}],"author":[{"embeddable":true,"href":"https:\/\/wibit.sechsp.de\/de\/wp-json\/wp\/v2\/users\/16"}],"replies":[{"embeddable":true,"href":"https:\/\/wibit.sechsp.de\/de\/wp-json\/wp\/v2\/comments?post=24138"}],"version-history":[{"count":20,"href":"https:\/\/wibit.sechsp.de\/de\/wp-json\/wp\/v2\/pages\/24138\/revisions"}],"predecessor-version":[{"id":47456,"href":"https:\/\/wibit.sechsp.de\/de\/wp-json\/wp\/v2\/pages\/24138\/revisions\/47456"}],"wp:attachment":[{"href":"https:\/\/wibit.sechsp.de\/de\/wp-json\/wp\/v2\/media?parent=24138"}],"curies":[{"name":"wp","href":"https:\/\/api.w.org\/{rel}","templated":true}]}}