{"id":20389,"date":"2020-02-10T17:43:01","date_gmt":"2020-02-10T16:43:01","guid":{"rendered":"https:\/\/wibit.sechsp.de\/all-products-pool\/"},"modified":"2024-12-09T08:50:39","modified_gmt":"2024-12-09T07:50:39","slug":"unsere-produkte-fuer-schwimmbaeder","status":"publish","type":"page","link":"https:\/\/wibit.sechsp.de\/de\/unsere-produkte-fuer-schwimmbaeder\/","title":{"rendered":"Unsere Produkte f\u00fcr Schwimmb\u00e4der"},"content":{"rendered":"<div class=\"wpb-content-wrapper\"><p>[vc_row full_width=&#8220;stretch_row_content_no_spaces&#8220; content_placement=&#8220;middle&#8220; el_class=&#8220;has-slider&#8220; css=&#8220;.vc_custom_1688368811081{padding-bottom: 0px !important;}&#8220;][vc_column][slider_new slider_id=&#8220;slider-469610&#8243; arrows=&#8220;true&#8220; height_desktop=&#8220;80vh&#8220; height_tablet=&#8220;60vh&#8220; height_smartphone=&#8220;50vh&#8220;][slider_new_item img=&#8220;47438&#8243;][\/slider_new_item][slider_new_item img=&#8220;47425&#8243;][\/slider_new_item][slider_new_item img=&#8220;12513&#8243;][\/slider_new_item][slider_new_item img=&#8220;19591&#8243;][\/slider_new_item][slider_new_item img=&#8220;2717&#8243;][\/slider_new_item][\/slider_new][\/vc_column][\/vc_row][vc_row][vc_column][vc_column_text smartphonebbresponsive=&#8220;.bb_custom_1581679904377{margin-top:20px!important;padding-bottom:20px!important;}&#8220;]<\/p>\n<h1 style=\"text-align: center;\">Unsere Produkte f\u00fcr Schwimmb\u00e4der<\/h1>\n<p>[\/vc_column_text][vc_column_text]<\/p>\n<p style=\"text-align: center;\">Wir bei Wibit wollen dich und deine G\u00e4ste gl\u00fccklich machen \u2013 mit innovativen, qualitativ hochwertigen Produkten,<br \/>\n<strong>die deinen Besuchern ein absolut sicheres und unvergessliches Erlebnis bescheren.<\/strong><\/p>\n<p style=\"text-align: center;\">Unsere Produkte sind f\u00fcr alle Alters- und Fitnessstufen konzipiert und sind auf optimalen Betrieb, Spa\u00df und Sicherheit ausgelegt. Sie bieten unterschiedliche Schwierigkeitsgrade, wodurch wir verschiedene Parcours f\u00fcr verschiedene Besucher konfigurieren k\u00f6nnen und dein PoolTracks somit <strong>Spa\u00df f\u00fcr alle<\/strong> garantiert.<\/p>\n<p>[\/vc_column_text][vertical_line css_animation=&#8220;bottom-to-top&#8220;][vc_column_text css_animation=&#8220;bottom-to-top&#8220; smartphonebbresponsive=&#8220;.bb_custom_1728423012444{margin-top:20px!important;padding-bottom:20px!important;}&#8220;]<\/p>\n<h2 style=\"text-align: center;\">Neue Produkte<\/h2>\n<p>[\/vc_column_text][products groups=&#8220;new-products&#8220; level=&#8220;easy,heavy,middle,sporty&#8220; phasing_out=&#8220;no&#8220; type=&#8220;pool&#8220; css_animation=&#8220;bottom-to-top&#8220; taxonomies=&#8220;parks&#8220; types=&#8220;parks&#8220;][vertical_line css_animation=&#8220;bottom-to-top&#8220;][vc_column_text css_animation=&#8220;bottom-to-top&#8220; smartphonebbresponsive=&#8220;.bb_custom_1702208998562{margin-top:20px!important;padding-bottom:20px!important;}&#8220;]<\/p>\n<h2 style=\"text-align: center;\">Spa\u00dfprodukte<\/h2>\n<p>[\/vc_column_text][products groups=&#8220;fun-modular,fun-standalone&#8220; level=&#8220;easy,heavy,middle,sporty&#8220; phasing_out=&#8220;no&#8220; type=&#8220;pool&#8220; css_animation=&#8220;bottom-to-top&#8220; taxonomies=&#8220;parks&#8220; types=&#8220;parks&#8220;][vertical_line css_animation=&#8220;bottom-to-top&#8220;][vc_column_text css_animation=&#8220;bottom-to-top&#8220; smartphonebbresponsive=&#8220;.bb_custom_1702209008731{margin-top:20px!important;padding-bottom:20px!important;}&#8220;]<\/p>\n<h2 style=\"text-align: center;\">Technische Produkte<\/h2>\n<p>[\/vc_column_text][products groups=&#8220;fun-modular,fun-standalone&#8220; level=&#8220;technical&#8220; phasing_out=&#8220;no&#8220; type=&#8220;pool&#8220; css_animation=&#8220;bottom-to-top&#8220; taxonomies=&#8220;parks&#8220; types=&#8220;parks&#8220;][\/vc_column][\/vc_row]<\/p>\n<\/div>","protected":false},"excerpt":{"rendered":"<p>[vc_row full_width=&#8220;stretch_row_content_no_spaces&#8220; content_placement=&#8220;middle&#8220; el_class=&#8220;has-slider&#8220; css=&#8220;.vc_custom_1688368811081{padding-bottom: 0px !important;}&#8220;][vc_column][slider_new slider_id=&#8220;slider-469610&#8243; arrows=&#8220;true&#8220; height_desktop=&#8220;80vh&#8220; height_tablet=&#8220;60vh&#8220; height_smartphone=&#8220;50vh&#8220;][slider_new_item img=&#8220;47438&#8243;][\/slider_new_item][slider_new_item img=&#8220;47425&#8243;][\/slider_new_item][slider_new_item img=&#8220;12513&#8243;][\/slider_new_item][slider_new_item img=&#8220;19591&#8243;][\/slider_new_item][slider_new_item img=&#8220;2717&#8243;][\/slider_new_item][\/slider_new][\/vc_column][\/vc_row][vc_row][vc_column][vc_column_text smartphonebbresponsive=&#8220;.bb_custom_1581679904377{margin-top:20px!important;padding-bottom:20px!important;}&#8220;] Unsere Produkte f\u00fcr Schwimmb\u00e4der [\/vc_column_text][vc_column_text] Wir bei Wibit wollen dich und deine G\u00e4ste gl\u00fccklich machen \u2013 mit innovativen, qualitativ hochwertigen Produkten, die deinen Besuchern ein absolut sicheres und unvergessliches Erlebnis bescheren. Unsere Produkte sind f\u00fcr alle Alters- [&hellip;]<\/p>\n","protected":false},"author":16,"featured_media":0,"parent":0,"menu_order":19,"comment_status":"closed","ping_status":"closed","template":"","meta":{"_acf_changed":false,"footnotes":""},"class_list":["post-20389","page","type-page","status-publish","hentry"],"acf":[],"yoast_head":"<!-- This site is optimized with the Yoast SEO plugin v25.6 - https:\/\/yoast.com\/wordpress\/plugins\/seo\/ -->\n<title>Unsere Produkte f\u00fcr Schwimmb\u00e4der - wibit sports<\/title>\n<meta name=\"robots\" content=\"noindex, follow, max-snippet:-1, max-image-preview:large, max-video-preview:-1\" \/>\n<meta property=\"og:locale\" content=\"de_DE\" \/>\n<meta property=\"og:type\" content=\"article\" \/>\n<meta property=\"og:title\" content=\"Unsere Produkte f\u00fcr Schwimmb\u00e4der - wibit sports\" \/>\n<meta property=\"og:description\" content=\"[vc_row full_width=&#8220;stretch_row_content_no_spaces&#8220; content_placement=&#8220;middle&#8220; el_class=&#8220;has-slider&#8220; css=&#8220;.vc_custom_1688368811081{padding-bottom: 0px !important;}&#8220;][vc_column][slider_new slider_id=&#8220;slider-469610&#8243; arrows=&#8220;true&#8220; height_desktop=&#8220;80vh&#8220; height_tablet=&#8220;60vh&#8220; height_smartphone=&#8220;50vh&#8220;][slider_new_item img=&#8220;47438&#8243;][\/slider_new_item][slider_new_item img=&#8220;47425&#8243;][\/slider_new_item][slider_new_item img=&#8220;12513&#8243;][\/slider_new_item][slider_new_item img=&#8220;19591&#8243;][\/slider_new_item][slider_new_item img=&#8220;2717&#8243;][\/slider_new_item][\/slider_new][\/vc_column][\/vc_row][vc_row][vc_column][vc_column_text smartphonebbresponsive=&#8220;.bb_custom_1581679904377{margin-top:20px!important;padding-bottom:20px!important;}&#8220;] Unsere Produkte f\u00fcr Schwimmb\u00e4der [\/vc_column_text][vc_column_text] Wir bei Wibit wollen dich und deine G\u00e4ste gl\u00fccklich machen \u2013 mit innovativen, qualitativ hochwertigen Produkten, die deinen Besuchern ein absolut sicheres und unvergessliches Erlebnis bescheren. Unsere Produkte sind f\u00fcr alle Alters- [&hellip;]\" \/>\n<meta property=\"og:url\" content=\"https:\/\/wibit.sechsp.de\/de\/unsere-produkte-fuer-schwimmbaeder\/\" \/>\n<meta property=\"og:site_name\" content=\"wibit sports\" \/>\n<meta property=\"article:publisher\" content=\"https:\/\/www.facebook.com\/wibitsports\/\" \/>\n<meta property=\"article:modified_time\" content=\"2024-12-09T07:50:39+00:00\" \/>\n<meta name=\"twitter:card\" content=\"summary_large_image\" \/>\n<meta name=\"twitter:label1\" content=\"Gesch\u00e4tzte Lesezeit\" \/>\n\t<meta name=\"twitter:data1\" content=\"2\u00a0Minuten\" \/>\n<script type=\"application\/ld+json\" class=\"yoast-schema-graph\">{\"@context\":\"https:\/\/schema.org\",\"@graph\":[{\"@type\":\"WebPage\",\"@id\":\"https:\/\/wibit.sechsp.de\/de\/unsere-produkte-fuer-schwimmbaeder\/\",\"url\":\"https:\/\/wibit.sechsp.de\/de\/unsere-produkte-fuer-schwimmbaeder\/\",\"name\":\"Unsere Produkte f\u00fcr Schwimmb\u00e4der - wibit sports\",\"isPartOf\":{\"@id\":\"https:\/\/wibit.sechsp.de\/de\/#website\"},\"datePublished\":\"2020-02-10T16:43:01+00:00\",\"dateModified\":\"2024-12-09T07:50:39+00:00\",\"breadcrumb\":{\"@id\":\"https:\/\/wibit.sechsp.de\/de\/unsere-produkte-fuer-schwimmbaeder\/#breadcrumb\"},\"inLanguage\":\"de\",\"potentialAction\":[{\"@type\":\"ReadAction\",\"target\":[\"https:\/\/wibit.sechsp.de\/de\/unsere-produkte-fuer-schwimmbaeder\/\"]}]},{\"@type\":\"BreadcrumbList\",\"@id\":\"https:\/\/wibit.sechsp.de\/de\/unsere-produkte-fuer-schwimmbaeder\/#breadcrumb\",\"itemListElement\":[{\"@type\":\"ListItem\",\"position\":1,\"name\":\"Home\",\"item\":\"https:\/\/wibit.sechsp.de\/de\/\"},{\"@type\":\"ListItem\",\"position\":2,\"name\":\"Unsere Produkte f\u00fcr Schwimmb\u00e4der\"}]},{\"@type\":\"WebSite\",\"@id\":\"https:\/\/wibit.sechsp.de\/de\/#website\",\"url\":\"https:\/\/wibit.sechsp.de\/de\/\",\"name\":\"wibit sports\",\"description\":\"We are waterpark!\",\"potentialAction\":[{\"@type\":\"SearchAction\",\"target\":{\"@type\":\"EntryPoint\",\"urlTemplate\":\"https:\/\/wibit.sechsp.de\/de\/?s={search_term_string}\"},\"query-input\":{\"@type\":\"PropertyValueSpecification\",\"valueRequired\":true,\"valueName\":\"search_term_string\"}}],\"inLanguage\":\"de\"}]}<\/script>\n<!-- \/ Yoast SEO plugin. -->","yoast_head_json":{"title":"Unsere Produkte f\u00fcr Schwimmb\u00e4der - wibit sports","robots":{"index":"noindex","follow":"follow","max-snippet":"max-snippet:-1","max-image-preview":"max-image-preview:large","max-video-preview":"max-video-preview:-1"},"og_locale":"de_DE","og_type":"article","og_title":"Unsere Produkte f\u00fcr Schwimmb\u00e4der - wibit sports","og_description":"[vc_row full_width=&#8220;stretch_row_content_no_spaces&#8220; content_placement=&#8220;middle&#8220; el_class=&#8220;has-slider&#8220; css=&#8220;.vc_custom_1688368811081{padding-bottom: 0px !important;}&#8220;][vc_column][slider_new slider_id=&#8220;slider-469610&#8243; arrows=&#8220;true&#8220; height_desktop=&#8220;80vh&#8220; height_tablet=&#8220;60vh&#8220; height_smartphone=&#8220;50vh&#8220;][slider_new_item img=&#8220;47438&#8243;][\/slider_new_item][slider_new_item img=&#8220;47425&#8243;][\/slider_new_item][slider_new_item img=&#8220;12513&#8243;][\/slider_new_item][slider_new_item img=&#8220;19591&#8243;][\/slider_new_item][slider_new_item img=&#8220;2717&#8243;][\/slider_new_item][\/slider_new][\/vc_column][\/vc_row][vc_row][vc_column][vc_column_text smartphonebbresponsive=&#8220;.bb_custom_1581679904377{margin-top:20px!important;padding-bottom:20px!important;}&#8220;] Unsere Produkte f\u00fcr Schwimmb\u00e4der [\/vc_column_text][vc_column_text] Wir bei Wibit wollen dich und deine G\u00e4ste gl\u00fccklich machen \u2013 mit innovativen, qualitativ hochwertigen Produkten, die deinen Besuchern ein absolut sicheres und unvergessliches Erlebnis bescheren. Unsere Produkte sind f\u00fcr alle Alters- [&hellip;]","og_url":"https:\/\/wibit.sechsp.de\/de\/unsere-produkte-fuer-schwimmbaeder\/","og_site_name":"wibit sports","article_publisher":"https:\/\/www.facebook.com\/wibitsports\/","article_modified_time":"2024-12-09T07:50:39+00:00","twitter_card":"summary_large_image","twitter_misc":{"Gesch\u00e4tzte Lesezeit":"2\u00a0Minuten"},"schema":{"@context":"https:\/\/schema.org","@graph":[{"@type":"WebPage","@id":"https:\/\/wibit.sechsp.de\/de\/unsere-produkte-fuer-schwimmbaeder\/","url":"https:\/\/wibit.sechsp.de\/de\/unsere-produkte-fuer-schwimmbaeder\/","name":"Unsere Produkte f\u00fcr Schwimmb\u00e4der - wibit sports","isPartOf":{"@id":"https:\/\/wibit.sechsp.de\/de\/#website"},"datePublished":"2020-02-10T16:43:01+00:00","dateModified":"2024-12-09T07:50:39+00:00","breadcrumb":{"@id":"https:\/\/wibit.sechsp.de\/de\/unsere-produkte-fuer-schwimmbaeder\/#breadcrumb"},"inLanguage":"de","potentialAction":[{"@type":"ReadAction","target":["https:\/\/wibit.sechsp.de\/de\/unsere-produkte-fuer-schwimmbaeder\/"]}]},{"@type":"BreadcrumbList","@id":"https:\/\/wibit.sechsp.de\/de\/unsere-produkte-fuer-schwimmbaeder\/#breadcrumb","itemListElement":[{"@type":"ListItem","position":1,"name":"Home","item":"https:\/\/wibit.sechsp.de\/de\/"},{"@type":"ListItem","position":2,"name":"Unsere Produkte f\u00fcr Schwimmb\u00e4der"}]},{"@type":"WebSite","@id":"https:\/\/wibit.sechsp.de\/de\/#website","url":"https:\/\/wibit.sechsp.de\/de\/","name":"wibit sports","description":"We are waterpark!","potentialAction":[{"@type":"SearchAction","target":{"@type":"EntryPoint","urlTemplate":"https:\/\/wibit.sechsp.de\/de\/?s={search_term_string}"},"query-input":{"@type":"PropertyValueSpecification","valueRequired":true,"valueName":"search_term_string"}}],"inLanguage":"de"}]}},"_links":{"self":[{"href":"https:\/\/wibit.sechsp.de\/de\/wp-json\/wp\/v2\/pages\/20389","targetHints":{"allow":["GET"]}}],"collection":[{"href":"https:\/\/wibit.sechsp.de\/de\/wp-json\/wp\/v2\/pages"}],"about":[{"href":"https:\/\/wibit.sechsp.de\/de\/wp-json\/wp\/v2\/types\/page"}],"author":[{"embeddable":true,"href":"https:\/\/wibit.sechsp.de\/de\/wp-json\/wp\/v2\/users\/16"}],"replies":[{"embeddable":true,"href":"https:\/\/wibit.sechsp.de\/de\/wp-json\/wp\/v2\/comments?post=20389"}],"version-history":[{"count":11,"href":"https:\/\/wibit.sechsp.de\/de\/wp-json\/wp\/v2\/pages\/20389\/revisions"}],"predecessor-version":[{"id":47444,"href":"https:\/\/wibit.sechsp.de\/de\/wp-json\/wp\/v2\/pages\/20389\/revisions\/47444"}],"wp:attachment":[{"href":"https:\/\/wibit.sechsp.de\/de\/wp-json\/wp\/v2\/media?parent=20389"}],"curies":[{"name":"wp","href":"https:\/\/api.w.org\/{rel}","templated":true}]}}