{"id":20371,"date":"2019-11-27T09:12:01","date_gmt":"2019-11-27T08:12:01","guid":{"rendered":"https:\/\/wibit.sechsp.de\/kontakt\/"},"modified":"2023-10-25T07:25:32","modified_gmt":"2023-10-25T05:25:32","slug":"kontakt","status":"publish","type":"page","link":"https:\/\/wibit.sechsp.de\/de\/kontakt\/","title":{"rendered":"Kontakt"},"content":{"rendered":"<div class=\"wpb-content-wrapper\"><p>[vc_section el_class=&#8220;has-slider&#8220;][vc_row full_width=&#8220;stretch_row_content_no_spaces&#8220; el_class=&#8220;has-slider&#8220; css=&#8220;.vc_custom_1688369450917{padding-bottom: 0px !important;}&#8220;][vc_column smartphonebbresponsive=&#8220;.bb_custom_1578659107182{margin-bottom:30px!important;}&#8220;][slider_new slider_id=&#8220;slider-580188&#8243; arrows=&#8220;true&#8220; height_desktop=&#8220;80vh&#8220; height_tablet=&#8220;60vh&#8220; height_smartphone=&#8220;50vh&#8220;][slider_new_item img=&#8220;11058&#8243;][\/slider_new_item][\/slider_new][\/vc_column][\/vc_row][vc_row css_animation=&#8220;none&#8220;][vc_column css_animation=&#8220;none&#8220; offset=&#8220;vc_col-lg-offset-2 vc_col-lg-8 vc_col-md-offset-2 vc_col-md-8&#8243;][vc_column_text smartphonebbresponsive=&#8220;.bb_custom_1579599954592{margin-bottom:20px!important;}&#8220;]<\/p>\n<h1 class=\"fauna-one\" style=\"text-align: center;\">Kontaktiere uns!<\/h1>\n<p>[\/vc_column_text][\/vc_column][\/vc_row][vc_row css_animation=&#8220;bottom-to-top&#8220;][vc_column css_animation=&#8220;none&#8220; offset=&#8220;vc_col-lg-offset-2 vc_col-lg-8 vc_col-md-offset-2 vc_col-md-8&#8243;][vertical_line][vc_column_text smartphonebbresponsive=&#8220;.bb_custom_1579600068418{margin-bottom:20px!important;}&#8220;]<\/p>\n<h2 class=\"fauna-one\" style=\"text-align: center;\">Die Schl\u00fcssel zu deinem erfolgreichen Wibit-Business<\/h2>\n<p>[\/vc_column_text][vc_column_text]<\/p>\n<p style=\"text-align: center;\">Du hast sich von den verschiedenen ma\u00dfgeschneiderten M\u00f6glichkeiten inspirieren lassen, die Wibit dir bieten kann? Du m\u00f6chtest mehr dar\u00fcber erfahren, wie du dein individuelles Gesch\u00e4ft am besten starten kannst?<\/p>\n<p style=\"text-align: center;\">Unser Vertriebsteam und die Wibit-Partner weltweit stehen dir bei jedem Schritt zur Seite!<\/p>\n<p style=\"text-align: center;\">Hinterlasse einfach deine Kontaktdaten und wir werden uns in K\u00fcrze mit dir in Verbindung setzen, um deinen erfolgreichen Start in die Welt der Wasserparks zu planen!<\/p>\n<p>[\/vc_column_text][arrow][\/vc_column][\/vc_row][vc_row smartphonebbresponsive=&#8220;.bb_custom_1582628253836{padding-top:-!important;}&#8220;][vc_column][vc_column_text bb_tab_container=&#8220;&#8220;]<\/p>\n<div data-form-id=\"fde9badc-c868-ee11-9ae7-6045bd8c5988\" data-form-api-url=\"https:\/\/public-eur.mkt.dynamics.com\/api\/v1.0\/orgs\/12d44cf0-6bb8-42cb-a7a2-6c238aa90427\/landingpageforms\" data-cached-form-url=\"https:\/\/assets-eur.mkt.dynamics.com\/12d44cf0-6bb8-42cb-a7a2-6c238aa90427\/digitalassets\/forms\/fde9badc-c868-ee11-9ae7-6045bd8c5988\"><\/div>\n<p><script src = 'https:\/\/cxppusa1formui01cdnsa01-endpoint.azureedge.net\/global\/FormLoader\/FormLoader.bundle.js' ><\/script>[\/vc_column_text][\/vc_column][\/vc_row][vc_row full_width=&#8220;stretch_row_content_no_spaces&#8220; css_animation=&#8220;bottom-to-top&#8220;][vc_column css_animation=&#8220;none&#8220;][vertical_line][vc_column_text smartphonebbresponsive=&#8220;.bb_custom_1580734973660{margin-bottom:30px!important;}&#8220;]<\/p>\n<h2 style=\"text-align: center;\"><span class=\"fauna-one\">Erfolgsgeschichten<br \/>\n<\/span><\/h2>\n<p>[\/vc_column_text][success_stories success_stories_select=&#8220;13151,13147,13163,13161,13160,13156,13132,13157,13153,19863,13148&#8243;][\/vc_column][\/vc_row][\/vc_section]<\/p>\n<\/div>","protected":false},"excerpt":{"rendered":"<p>[vc_section el_class=&#8220;has-slider&#8220;][vc_row full_width=&#8220;stretch_row_content_no_spaces&#8220; el_class=&#8220;has-slider&#8220; css=&#8220;.vc_custom_1688369450917{padding-bottom: 0px !important;}&#8220;][vc_column smartphonebbresponsive=&#8220;.bb_custom_1578659107182{margin-bottom:30px!important;}&#8220;][slider_new slider_id=&#8220;slider-580188&#8243; arrows=&#8220;true&#8220; height_desktop=&#8220;80vh&#8220; height_tablet=&#8220;60vh&#8220; height_smartphone=&#8220;50vh&#8220;][slider_new_item img=&#8220;11058&#8243;][\/slider_new_item][\/slider_new][\/vc_column][\/vc_row][vc_row css_animation=&#8220;none&#8220;][vc_column css_animation=&#8220;none&#8220; offset=&#8220;vc_col-lg-offset-2 vc_col-lg-8 vc_col-md-offset-2 vc_col-md-8&#8243;][vc_column_text smartphonebbresponsive=&#8220;.bb_custom_1579599954592{margin-bottom:20px!important;}&#8220;] Kontaktiere uns! [\/vc_column_text][\/vc_column][\/vc_row][vc_row css_animation=&#8220;bottom-to-top&#8220;][vc_column css_animation=&#8220;none&#8220; offset=&#8220;vc_col-lg-offset-2 vc_col-lg-8 vc_col-md-offset-2 vc_col-md-8&#8243;][vertical_line][vc_column_text smartphonebbresponsive=&#8220;.bb_custom_1579600068418{margin-bottom:20px!important;}&#8220;] Die Schl\u00fcssel zu deinem erfolgreichen Wibit-Business [\/vc_column_text][vc_column_text] Du hast sich von den verschiedenen ma\u00dfgeschneiderten M\u00f6glichkeiten inspirieren lassen, die Wibit dir bieten kann? Du m\u00f6chtest [&hellip;]<\/p>\n","protected":false},"author":5,"featured_media":0,"parent":0,"menu_order":34,"comment_status":"closed","ping_status":"closed","template":"","meta":{"_acf_changed":false,"footnotes":""},"class_list":["post-20371","page","type-page","status-publish","hentry"],"acf":[],"yoast_head":"<!-- This site is optimized with the Yoast SEO plugin v25.6 - https:\/\/yoast.com\/wordpress\/plugins\/seo\/ -->\n<title>Kontakt - wibit sports<\/title>\n<meta name=\"robots\" content=\"noindex, follow, max-snippet:-1, max-image-preview:large, max-video-preview:-1\" \/>\n<meta property=\"og:locale\" content=\"de_DE\" \/>\n<meta property=\"og:type\" content=\"article\" \/>\n<meta property=\"og:title\" content=\"Kontakt - wibit sports\" \/>\n<meta property=\"og:description\" content=\"[vc_section el_class=&#8220;has-slider&#8220;][vc_row full_width=&#8220;stretch_row_content_no_spaces&#8220; el_class=&#8220;has-slider&#8220; css=&#8220;.vc_custom_1688369450917{padding-bottom: 0px !important;}&#8220;][vc_column smartphonebbresponsive=&#8220;.bb_custom_1578659107182{margin-bottom:30px!important;}&#8220;][slider_new slider_id=&#8220;slider-580188&#8243; arrows=&#8220;true&#8220; height_desktop=&#8220;80vh&#8220; height_tablet=&#8220;60vh&#8220; height_smartphone=&#8220;50vh&#8220;][slider_new_item img=&#8220;11058&#8243;][\/slider_new_item][\/slider_new][\/vc_column][\/vc_row][vc_row css_animation=&#8220;none&#8220;][vc_column css_animation=&#8220;none&#8220; offset=&#8220;vc_col-lg-offset-2 vc_col-lg-8 vc_col-md-offset-2 vc_col-md-8&#8243;][vc_column_text smartphonebbresponsive=&#8220;.bb_custom_1579599954592{margin-bottom:20px!important;}&#8220;] Kontaktiere uns! [\/vc_column_text][\/vc_column][\/vc_row][vc_row css_animation=&#8220;bottom-to-top&#8220;][vc_column css_animation=&#8220;none&#8220; offset=&#8220;vc_col-lg-offset-2 vc_col-lg-8 vc_col-md-offset-2 vc_col-md-8&#8243;][vertical_line][vc_column_text smartphonebbresponsive=&#8220;.bb_custom_1579600068418{margin-bottom:20px!important;}&#8220;] Die Schl\u00fcssel zu deinem erfolgreichen Wibit-Business [\/vc_column_text][vc_column_text] Du hast sich von den verschiedenen ma\u00dfgeschneiderten M\u00f6glichkeiten inspirieren lassen, die Wibit dir bieten kann? Du m\u00f6chtest [&hellip;]\" \/>\n<meta property=\"og:url\" content=\"https:\/\/wibit.sechsp.de\/de\/kontakt\/\" \/>\n<meta property=\"og:site_name\" content=\"wibit sports\" \/>\n<meta property=\"article:publisher\" content=\"https:\/\/www.facebook.com\/wibitsports\/\" \/>\n<meta property=\"article:modified_time\" content=\"2023-10-25T05:25:32+00:00\" \/>\n<meta name=\"twitter:card\" content=\"summary_large_image\" \/>\n<meta name=\"twitter:label1\" content=\"Gesch\u00e4tzte Lesezeit\" \/>\n\t<meta name=\"twitter:data1\" content=\"1\u00a0Minute\" \/>\n<script type=\"application\/ld+json\" class=\"yoast-schema-graph\">{\"@context\":\"https:\/\/schema.org\",\"@graph\":[{\"@type\":\"WebPage\",\"@id\":\"https:\/\/wibit.sechsp.de\/de\/kontakt\/\",\"url\":\"https:\/\/wibit.sechsp.de\/de\/kontakt\/\",\"name\":\"Kontakt - wibit sports\",\"isPartOf\":{\"@id\":\"https:\/\/wibit.sechsp.de\/de\/#website\"},\"datePublished\":\"2019-11-27T08:12:01+00:00\",\"dateModified\":\"2023-10-25T05:25:32+00:00\",\"breadcrumb\":{\"@id\":\"https:\/\/wibit.sechsp.de\/de\/kontakt\/#breadcrumb\"},\"inLanguage\":\"de\",\"potentialAction\":[{\"@type\":\"ReadAction\",\"target\":[\"https:\/\/wibit.sechsp.de\/de\/kontakt\/\"]}]},{\"@type\":\"BreadcrumbList\",\"@id\":\"https:\/\/wibit.sechsp.de\/de\/kontakt\/#breadcrumb\",\"itemListElement\":[{\"@type\":\"ListItem\",\"position\":1,\"name\":\"Home\",\"item\":\"https:\/\/wibit.sechsp.de\/de\/\"},{\"@type\":\"ListItem\",\"position\":2,\"name\":\"Kontakt\"}]},{\"@type\":\"WebSite\",\"@id\":\"https:\/\/wibit.sechsp.de\/de\/#website\",\"url\":\"https:\/\/wibit.sechsp.de\/de\/\",\"name\":\"wibit sports\",\"description\":\"We are waterpark!\",\"potentialAction\":[{\"@type\":\"SearchAction\",\"target\":{\"@type\":\"EntryPoint\",\"urlTemplate\":\"https:\/\/wibit.sechsp.de\/de\/?s={search_term_string}\"},\"query-input\":{\"@type\":\"PropertyValueSpecification\",\"valueRequired\":true,\"valueName\":\"search_term_string\"}}],\"inLanguage\":\"de\"}]}<\/script>\n<!-- \/ Yoast SEO plugin. -->","yoast_head_json":{"title":"Kontakt - wibit sports","robots":{"index":"noindex","follow":"follow","max-snippet":"max-snippet:-1","max-image-preview":"max-image-preview:large","max-video-preview":"max-video-preview:-1"},"og_locale":"de_DE","og_type":"article","og_title":"Kontakt - wibit sports","og_description":"[vc_section el_class=&#8220;has-slider&#8220;][vc_row full_width=&#8220;stretch_row_content_no_spaces&#8220; el_class=&#8220;has-slider&#8220; css=&#8220;.vc_custom_1688369450917{padding-bottom: 0px !important;}&#8220;][vc_column smartphonebbresponsive=&#8220;.bb_custom_1578659107182{margin-bottom:30px!important;}&#8220;][slider_new slider_id=&#8220;slider-580188&#8243; arrows=&#8220;true&#8220; height_desktop=&#8220;80vh&#8220; height_tablet=&#8220;60vh&#8220; height_smartphone=&#8220;50vh&#8220;][slider_new_item img=&#8220;11058&#8243;][\/slider_new_item][\/slider_new][\/vc_column][\/vc_row][vc_row css_animation=&#8220;none&#8220;][vc_column css_animation=&#8220;none&#8220; offset=&#8220;vc_col-lg-offset-2 vc_col-lg-8 vc_col-md-offset-2 vc_col-md-8&#8243;][vc_column_text smartphonebbresponsive=&#8220;.bb_custom_1579599954592{margin-bottom:20px!important;}&#8220;] Kontaktiere uns! [\/vc_column_text][\/vc_column][\/vc_row][vc_row css_animation=&#8220;bottom-to-top&#8220;][vc_column css_animation=&#8220;none&#8220; offset=&#8220;vc_col-lg-offset-2 vc_col-lg-8 vc_col-md-offset-2 vc_col-md-8&#8243;][vertical_line][vc_column_text smartphonebbresponsive=&#8220;.bb_custom_1579600068418{margin-bottom:20px!important;}&#8220;] Die Schl\u00fcssel zu deinem erfolgreichen Wibit-Business [\/vc_column_text][vc_column_text] Du hast sich von den verschiedenen ma\u00dfgeschneiderten M\u00f6glichkeiten inspirieren lassen, die Wibit dir bieten kann? Du m\u00f6chtest [&hellip;]","og_url":"https:\/\/wibit.sechsp.de\/de\/kontakt\/","og_site_name":"wibit sports","article_publisher":"https:\/\/www.facebook.com\/wibitsports\/","article_modified_time":"2023-10-25T05:25:32+00:00","twitter_card":"summary_large_image","twitter_misc":{"Gesch\u00e4tzte Lesezeit":"1\u00a0Minute"},"schema":{"@context":"https:\/\/schema.org","@graph":[{"@type":"WebPage","@id":"https:\/\/wibit.sechsp.de\/de\/kontakt\/","url":"https:\/\/wibit.sechsp.de\/de\/kontakt\/","name":"Kontakt - wibit sports","isPartOf":{"@id":"https:\/\/wibit.sechsp.de\/de\/#website"},"datePublished":"2019-11-27T08:12:01+00:00","dateModified":"2023-10-25T05:25:32+00:00","breadcrumb":{"@id":"https:\/\/wibit.sechsp.de\/de\/kontakt\/#breadcrumb"},"inLanguage":"de","potentialAction":[{"@type":"ReadAction","target":["https:\/\/wibit.sechsp.de\/de\/kontakt\/"]}]},{"@type":"BreadcrumbList","@id":"https:\/\/wibit.sechsp.de\/de\/kontakt\/#breadcrumb","itemListElement":[{"@type":"ListItem","position":1,"name":"Home","item":"https:\/\/wibit.sechsp.de\/de\/"},{"@type":"ListItem","position":2,"name":"Kontakt"}]},{"@type":"WebSite","@id":"https:\/\/wibit.sechsp.de\/de\/#website","url":"https:\/\/wibit.sechsp.de\/de\/","name":"wibit sports","description":"We are waterpark!","potentialAction":[{"@type":"SearchAction","target":{"@type":"EntryPoint","urlTemplate":"https:\/\/wibit.sechsp.de\/de\/?s={search_term_string}"},"query-input":{"@type":"PropertyValueSpecification","valueRequired":true,"valueName":"search_term_string"}}],"inLanguage":"de"}]}},"_links":{"self":[{"href":"https:\/\/wibit.sechsp.de\/de\/wp-json\/wp\/v2\/pages\/20371","targetHints":{"allow":["GET"]}}],"collection":[{"href":"https:\/\/wibit.sechsp.de\/de\/wp-json\/wp\/v2\/pages"}],"about":[{"href":"https:\/\/wibit.sechsp.de\/de\/wp-json\/wp\/v2\/types\/page"}],"author":[{"embeddable":true,"href":"https:\/\/wibit.sechsp.de\/de\/wp-json\/wp\/v2\/users\/5"}],"replies":[{"embeddable":true,"href":"https:\/\/wibit.sechsp.de\/de\/wp-json\/wp\/v2\/comments?post=20371"}],"version-history":[{"count":8,"href":"https:\/\/wibit.sechsp.de\/de\/wp-json\/wp\/v2\/pages\/20371\/revisions"}],"predecessor-version":[{"id":46347,"href":"https:\/\/wibit.sechsp.de\/de\/wp-json\/wp\/v2\/pages\/20371\/revisions\/46347"}],"wp:attachment":[{"href":"https:\/\/wibit.sechsp.de\/de\/wp-json\/wp\/v2\/media?parent=20371"}],"curies":[{"name":"wp","href":"https:\/\/api.w.org\/{rel}","templated":true}]}}