{"id":20172,"date":"2020-01-20T08:19:01","date_gmt":"2020-01-20T07:19:01","guid":{"rendered":"https:\/\/wibit.sechsp.de\/custom-layout\/"},"modified":"2023-07-03T09:31:05","modified_gmt":"2023-07-03T07:31:05","slug":"individuelles-layout","status":"publish","type":"page","link":"https:\/\/wibit.sechsp.de\/de\/individuelles-layout\/","title":{"rendered":"Individuelles Layout"},"content":{"rendered":"<div class=\"wpb-content-wrapper\"><p>[vc_section el_class=&#8220;has-slider&#8220;][vc_row full_width=&#8220;stretch_row_content_no_spaces&#8220; el_class=&#8220;has-slider&#8220; css=&#8220;.vc_custom_1688369463707{padding-bottom: 0px !important;}&#8220; bb_tab_container=&#8220;&#8220;][vc_column smartphonebbresponsive=&#8220;.bb_custom_1578659107182{margin-bottom:30px!important;}&#8220;][slider_new slider_id=&#8220;slider-580188&#8243; arrows=&#8220;true&#8220; height_desktop=&#8220;80vh&#8220; height_tablet=&#8220;60vh&#8220; height_smartphone=&#8220;50vh&#8220;][slider_new_item img=&#8220;12238&#8243;][\/slider_new_item][slider_new_item img=&#8220;12336&#8243;][\/slider_new_item][slider_new_item img=&#8220;11477&#8243;][\/slider_new_item][\/slider_new][\/vc_column][\/vc_row][vc_row css_animation=&#8220;none&#8220;][vc_column css_animation=&#8220;none&#8220; offset=&#8220;vc_col-lg-offset-2 vc_col-lg-8 vc_col-md-offset-2 vc_col-md-8&#8243;][vc_column_text smartphonebbresponsive=&#8220;.bb_custom_1579506095201{margin-bottom:20px!important;}&#8220;]<\/p>\n<h1 style=\"text-align: center;\">Der ideale Wasserpark sollte perfekt auf deine Location zugeschnitten sein<\/h1>\n<p>[\/vc_column_text][vc_column_text]<\/p>\n<p style=\"text-align: center;\">Die Festlegung der maximalen Personenanzahl f\u00fcr deinen Wibit (= Kapazit\u00e4t deiner Kombination) ist ein wichtiger Punkt, den wir bei der Konzeption deines individuellen <a href=\"https:\/\/wibit.sechsp.de\/de\/unsere-sports-parks\/\">SportsParks<\/a> oder <a href=\"https:\/\/wibit.sechsp.de\/de\/unsere-pooltracks\/\">PoolTracks<\/a> er\u00f6rtern m\u00fcssen. Aber auch die folgenden Faktoren d\u00fcrfen nicht zu kurz kommen: <strong>Abmessungen, Budget, Zielgruppen, Besucheraufkommen oder Benutzererlebnis\u2026?<\/strong><\/p>\n<p>[\/vc_column_text][vertical_line][\/vc_column][\/vc_row][vc_row css_animation=&#8220;bottom-to-top&#8220;][vc_column css_animation=&#8220;none&#8220; offset=&#8220;vc_col-lg-offset-2 vc_col-lg-8 vc_col-md-offset-2 vc_col-md-8&#8243;][vc_column_text]<\/p>\n<p class=\"text-black\" style=\"text-align: center;\">Im Lauf der letzten Jahrzehnte und mit der Erfahrung aus Hunderten von Projekten in hundert L\u00e4ndern hat Wibit \u00fcber<\/p>\n<p>[\/vc_column_text][vc_column_text css=&#8220;&#8220; smartphonebbresponsive=&#8220;.bb_custom_1579769896599{margin-top:20px!important;margin-bottom:20px!important;}&#8220;]<\/p>\n<table align=\"center\">\n<tbody>\n<tr>\n<th class=\"text-blue text-200 headline-h1 fauna-one\"><strong>20<\/strong><\/th>\n<th style=\"text-align: left;\">\n<h3 class=\"text-blue fauna-one text-130\"><strong>Konfigurations-<\/strong><br \/>\n<strong>parameter<\/strong><\/h3>\n<\/th>\n<\/tr>\n<\/tbody>\n<\/table>\n<p>[\/vc_column_text][vc_column_text smartphonebbresponsive=&#8220;.bb_custom_1579506466023{margin-top:20px!important;}&#8220;]<\/p>\n<p class=\"text-black\" style=\"text-align: center;\">f\u00fcr die Konzeption des idealen Wasserparks f\u00fcr dich und deine Besucher entwickelt!<\/p>\n<p>[\/vc_column_text][vertical_line][\/vc_column][\/vc_row][vc_row css_animation=&#8220;bottom-to-top&#8220; el_id=&#8220;Stufenbox&#8220;][vc_column css_animation=&#8220;none&#8220; offset=&#8220;vc_col-lg-offset-1 vc_col-lg-10&#8243; smartphonebbresponsive=&#8220;.bb_custom_1578561222595{padding-top:30px!important;padding-right:30px!important;padding-bottom:30px!important;padding-left:30px!important;background-color:#003865!important;}&#8220;][vc_row_inner equal_height=&#8220;yes&#8220; content_placement=&#8220;middle&#8220;][vc_column_inner offset=&#8220;vc_col-md-6&#8243;][vc_single_image image=&#8220;11238&#8243; img_size=&#8220;720&#215;480&#8243; alignment=&#8220;center&#8220; laptopbbresponsive=&#8220;.bb_custom_1579513620440{margin-right:-15px!important;margin-left:-60px!important;}&#8220; desktopbbresponsive=&#8220;.bb_custom_1579513620440{margin-left:-120px!important;}&#8220;][\/vc_column_inner][vc_column_inner smartphonebbresponsive=&#8220;.bb_custom_1575638337595{padding-top:15px!important;padding-bottom:15px!important;padding-left:15px!important;}&#8220; offset=&#8220;vc_col-md-6&#8243;][vc_column_text]<\/p>\n<p class=\"text-white\" style=\"text-align: center;\">All unsere Erfahrung haben wir in unserem einzigartigen<\/p>\n<p>[\/vc_column_text][vc_column_text smartphonebbresponsive=&#8220;.bb_custom_1579516258310{margin-top:20px!important;margin-bottom:20px!important;}&#8220;]<\/p>\n<h3 class=\"text-white\" style=\"text-align: center;\">\u201ePerfect Fit Configurator\u201c (PFC) geb\u00fcndelt<\/h3>\n<p>[\/vc_column_text][vc_single_image image=&#8220;13068&#8243; alignment=&#8220;center&#8220;][vc_column_text smartphonebbresponsive=&#8220;.bb_custom_1580469428207{margin-top:20px!important;}&#8220;]<\/p>\n<p class=\"text-white text-80\" style=\"text-align: center;\"><a href=\"https:\/\/wibit.sechsp.de\/de\/unsere-einzigartigen-systeme\/#perfect-fit-configurator\">Mehr erfahren<\/a><\/p>\n<p>[\/vc_column_text][\/vc_column_inner][\/vc_row_inner][\/vc_column][\/vc_row][vc_row][vc_column offset=&#8220;vc_col-lg-offset-1 vc_col-lg-10 vc_col-md-offset-1 vc_col-md-10&#8243;][vertical_line][vc_column_text smartphonebbresponsive=&#8220;.bb_custom_1579676470634{margin-bottom:20px!important;}&#8220;]<\/p>\n<h2 style=\"text-align: center;\">Unbegrenzte Konfigurationsm\u00f6glichkeiten<\/h2>\n<p>[\/vc_column_text][masonry_gallery type=&#8220;slider-thumbnails&#8220; slider_id=&#8220;slider-40006&#8243; single_image_object_fit=&#8220;true&#8220; images=&#8220;12141,12238,12336,11477,11414,11393,11334,10799,11486,6248&#8243; smartphonebbresponsive=&#8220;.bb_custom_1581346821992{height:220px!important;}&#8220; tabletbbresponsive=&#8220;.bb_custom_1581346821994{height:410px!important;}&#8220; laptopbbresponsive=&#8220;.bb_custom_1581346821996{height:650px!important;}&#8220;][vertical_line][\/vc_column][\/vc_row][vc_row full_width=&#8220;stretch_row&#8220; css_animation=&#8220;bottom-to-top&#8220; el_id=&#8220;wibits_products&#8220;][vc_column css_animation=&#8220;none&#8220; offset=&#8220;vc_col-lg-offset-1 vc_col-lg-10 vc_col-md-offset-1 vc_col-md-10&#8243;][vc_column_text smartphonebbresponsive=&#8220;.bb_custom_1579845792268{margin-bottom:20px!important;}&#8220;]<\/p>\n<h2 style=\"text-align: center;\">Deine eigene individuelle Konfiguration<\/h2>\n<p>[\/vc_column_text][vc_column_text css_animation=&#8220;none&#8220;]<\/p>\n<p style=\"text-align: center;\">Um deinen individuellen \u201ePerfect Fit\u201c zu konfigurieren, ben\u00f6tigen wir lediglich die folgenden Informationen:<\/p>\n<p>[\/vc_column_text][vc_row_inner smartphonebbresponsive=&#8220;.bb_custom_1578567219387{margin-top:30px!important;}&#8220;][vc_column_inner width=&#8220;1\/3&#8243;][vc_single_image image=&#8220;13073&#8243; alignment=&#8220;center&#8220; css_animation=&#8220;none&#8220;][vc_column_text smartphonebbresponsive=&#8220;.bb_custom_1582699894563{margin-top:30px!important;margin-bottom:30px!important;}&#8220; tabletbbresponsive=&#8220;.bb_custom_1582699894564{margin-bottom:20px!important;}&#8220;]<\/p>\n<h3 style=\"text-align: center;\">Angaben zu deiner Location<\/h3>\n<p>[\/vc_column_text][\/vc_column_inner][vc_column_inner width=&#8220;1\/3&#8243;][vc_single_image image=&#8220;13077&#8243; alignment=&#8220;center&#8220; css_animation=&#8220;none&#8220;][vc_column_text smartphonebbresponsive=&#8220;.bb_custom_1582699941363{margin-bottom:30px!important;}&#8220; tabletbbresponsive=&#8220;.bb_custom_1582699941363{margin-top:30px!important;margin-bottom:20px!important;}&#8220;]<\/p>\n<h3 style=\"text-align: center;\">Deine Wassertiefe und Abmessungen<\/h3>\n<p>[\/vc_column_text][\/vc_column_inner][vc_column_inner width=&#8220;1\/3&#8243;][vc_single_image image=&#8220;13081&#8243; alignment=&#8220;center&#8220; css_animation=&#8220;none&#8220;][vc_column_text smartphonebbresponsive=&#8220;.bb_custom_1582700211777{margin-top:20px!important;}&#8220; tabletbbresponsive=&#8220;.bb_custom_1582700211778{margin-top:30px!important;margin-bottom:20px!important;}&#8220;]<\/p>\n<h3 style=\"text-align: center;\">Maximale Besucheranzahl<\/h3>\n<p>[\/vc_column_text][\/vc_column_inner][\/vc_row_inner][\/vc_column][\/vc_row][vc_row css_animation=&#8220;bottom-to-top&#8220;][vc_column offset=&#8220;vc_col-lg-offset-2 vc_col-lg-8 vc_col-md-offset-2 vc_col-md-8&#8243;][vertical_line][vc_column_text]<\/p>\n<p class=\"headline-h3\" style=\"text-align: center;\">Kontaktiere uns und lass Dir vom Wibit Expertenteam die optimal auf deine Bed\u00fcrfnisse zugeschnittene Konfiguration zusammenstellen.<\/p>\n<p>[\/vc_column_text][cta id=&#8220;6676&#8243; smartphonebbresponsive=&#8220;.bb_custom_1579515791656{margin-top:20px!important;}&#8220;][vertical_line][\/vc_column][\/vc_row][\/vc_section][vc_row full_width=&#8220;stretch_row_content_no_spaces&#8220; css_animation=&#8220;bottom-to-top&#8220;][vc_column css_animation=&#8220;none&#8220;][vc_column_text smartphonebbresponsive=&#8220;.bb_custom_1580734973660{margin-bottom:30px!important;}&#8220;]<\/p>\n<h2 style=\"text-align: center;\"><span class=\"fauna-one\">Erfolgsgeschichten<br \/>\n<\/span><\/h2>\n<p>[\/vc_column_text][success_stories success_stories_select=&#8220;13151,13147,13163,13161,13160,13156,13132,13157,13153,19863,13148&#8243;][vertical_line][\/vc_column][\/vc_row][vc_row css_animation=&#8220;bottom-to-top&#8220;][vc_column css_animation=&#8220;none&#8220;][vc_column_text smartphonebbresponsive=&#8220;.bb_custom_1581590484867{margin-bottom:30px!important;}&#8220;]<\/p>\n<h2 style=\"text-align: center;\"><span class=\"fauna-one\">\u00c4hnliche Themen<br \/>\n<\/span><\/h2>\n<p>[\/vc_column_text][recommended_articles articles_select=&#8220;10103,10077,10076,11836&#8243; smartphonebbresponsive=&#8220;.bb_custom_1579586094690{margin-top:20px!important;}&#8220;][\/vc_column][\/vc_row]<\/p>\n<\/div>","protected":false},"excerpt":{"rendered":"<p>[vc_section el_class=&#8220;has-slider&#8220;][vc_row full_width=&#8220;stretch_row_content_no_spaces&#8220; el_class=&#8220;has-slider&#8220; css=&#8220;.vc_custom_1688369463707{padding-bottom: 0px !important;}&#8220; bb_tab_container=&#8220;&#8220;][vc_column smartphonebbresponsive=&#8220;.bb_custom_1578659107182{margin-bottom:30px!important;}&#8220;][slider_new slider_id=&#8220;slider-580188&#8243; arrows=&#8220;true&#8220; height_desktop=&#8220;80vh&#8220; height_tablet=&#8220;60vh&#8220; height_smartphone=&#8220;50vh&#8220;][slider_new_item img=&#8220;12238&#8243;][\/slider_new_item][slider_new_item img=&#8220;12336&#8243;][\/slider_new_item][slider_new_item img=&#8220;11477&#8243;][\/slider_new_item][\/slider_new][\/vc_column][\/vc_row][vc_row css_animation=&#8220;none&#8220;][vc_column css_animation=&#8220;none&#8220; offset=&#8220;vc_col-lg-offset-2 vc_col-lg-8 vc_col-md-offset-2 vc_col-md-8&#8243;][vc_column_text smartphonebbresponsive=&#8220;.bb_custom_1579506095201{margin-bottom:20px!important;}&#8220;] Der ideale Wasserpark sollte perfekt auf deine Location zugeschnitten sein [\/vc_column_text][vc_column_text] Die Festlegung der maximalen Personenanzahl f\u00fcr deinen Wibit (= Kapazit\u00e4t deiner Kombination) ist ein wichtiger Punkt, den wir bei der [&hellip;]<\/p>\n","protected":false},"author":19,"featured_media":0,"parent":0,"menu_order":38,"comment_status":"closed","ping_status":"closed","template":"","meta":{"_acf_changed":false,"footnotes":""},"class_list":["post-20172","page","type-page","status-publish","hentry"],"acf":[],"yoast_head":"<!-- This site is optimized with the Yoast SEO plugin v25.6 - https:\/\/yoast.com\/wordpress\/plugins\/seo\/ -->\n<title>Individuelles Layout - wibit sports<\/title>\n<meta name=\"robots\" content=\"noindex, follow, max-snippet:-1, max-image-preview:large, max-video-preview:-1\" \/>\n<meta property=\"og:locale\" content=\"de_DE\" \/>\n<meta property=\"og:type\" content=\"article\" \/>\n<meta property=\"og:title\" content=\"Individuelles Layout - wibit sports\" \/>\n<meta property=\"og:description\" content=\"[vc_section el_class=&#8220;has-slider&#8220;][vc_row full_width=&#8220;stretch_row_content_no_spaces&#8220; el_class=&#8220;has-slider&#8220; css=&#8220;.vc_custom_1688369463707{padding-bottom: 0px !important;}&#8220; bb_tab_container=&#8220;&#8220;][vc_column smartphonebbresponsive=&#8220;.bb_custom_1578659107182{margin-bottom:30px!important;}&#8220;][slider_new slider_id=&#8220;slider-580188&#8243; arrows=&#8220;true&#8220; height_desktop=&#8220;80vh&#8220; height_tablet=&#8220;60vh&#8220; height_smartphone=&#8220;50vh&#8220;][slider_new_item img=&#8220;12238&#8243;][\/slider_new_item][slider_new_item img=&#8220;12336&#8243;][\/slider_new_item][slider_new_item img=&#8220;11477&#8243;][\/slider_new_item][\/slider_new][\/vc_column][\/vc_row][vc_row css_animation=&#8220;none&#8220;][vc_column css_animation=&#8220;none&#8220; offset=&#8220;vc_col-lg-offset-2 vc_col-lg-8 vc_col-md-offset-2 vc_col-md-8&#8243;][vc_column_text smartphonebbresponsive=&#8220;.bb_custom_1579506095201{margin-bottom:20px!important;}&#8220;] Der ideale Wasserpark sollte perfekt auf deine Location zugeschnitten sein [\/vc_column_text][vc_column_text] Die Festlegung der maximalen Personenanzahl f\u00fcr deinen Wibit (= Kapazit\u00e4t deiner Kombination) ist ein wichtiger Punkt, den wir bei der [&hellip;]\" \/>\n<meta property=\"og:url\" content=\"https:\/\/wibit.sechsp.de\/de\/individuelles-layout\/\" \/>\n<meta property=\"og:site_name\" content=\"wibit sports\" \/>\n<meta property=\"article:publisher\" content=\"https:\/\/www.facebook.com\/wibitsports\/\" \/>\n<meta property=\"article:modified_time\" content=\"2023-07-03T07:31:05+00:00\" \/>\n<meta name=\"twitter:card\" content=\"summary_large_image\" \/>\n<meta name=\"twitter:label1\" content=\"Gesch\u00e4tzte Lesezeit\" \/>\n\t<meta name=\"twitter:data1\" content=\"2\u00a0Minuten\" \/>\n<script type=\"application\/ld+json\" class=\"yoast-schema-graph\">{\"@context\":\"https:\/\/schema.org\",\"@graph\":[{\"@type\":\"WebPage\",\"@id\":\"https:\/\/wibit.sechsp.de\/de\/individuelles-layout\/\",\"url\":\"https:\/\/wibit.sechsp.de\/de\/individuelles-layout\/\",\"name\":\"Individuelles Layout - wibit sports\",\"isPartOf\":{\"@id\":\"https:\/\/wibit.sechsp.de\/de\/#website\"},\"datePublished\":\"2020-01-20T07:19:01+00:00\",\"dateModified\":\"2023-07-03T07:31:05+00:00\",\"breadcrumb\":{\"@id\":\"https:\/\/wibit.sechsp.de\/de\/individuelles-layout\/#breadcrumb\"},\"inLanguage\":\"de\",\"potentialAction\":[{\"@type\":\"ReadAction\",\"target\":[\"https:\/\/wibit.sechsp.de\/de\/individuelles-layout\/\"]}]},{\"@type\":\"BreadcrumbList\",\"@id\":\"https:\/\/wibit.sechsp.de\/de\/individuelles-layout\/#breadcrumb\",\"itemListElement\":[{\"@type\":\"ListItem\",\"position\":1,\"name\":\"Home\",\"item\":\"https:\/\/wibit.sechsp.de\/de\/\"},{\"@type\":\"ListItem\",\"position\":2,\"name\":\"Individuelles Layout\"}]},{\"@type\":\"WebSite\",\"@id\":\"https:\/\/wibit.sechsp.de\/de\/#website\",\"url\":\"https:\/\/wibit.sechsp.de\/de\/\",\"name\":\"wibit sports\",\"description\":\"We are waterpark!\",\"potentialAction\":[{\"@type\":\"SearchAction\",\"target\":{\"@type\":\"EntryPoint\",\"urlTemplate\":\"https:\/\/wibit.sechsp.de\/de\/?s={search_term_string}\"},\"query-input\":{\"@type\":\"PropertyValueSpecification\",\"valueRequired\":true,\"valueName\":\"search_term_string\"}}],\"inLanguage\":\"de\"}]}<\/script>\n<!-- \/ Yoast SEO plugin. -->","yoast_head_json":{"title":"Individuelles Layout - wibit sports","robots":{"index":"noindex","follow":"follow","max-snippet":"max-snippet:-1","max-image-preview":"max-image-preview:large","max-video-preview":"max-video-preview:-1"},"og_locale":"de_DE","og_type":"article","og_title":"Individuelles Layout - wibit sports","og_description":"[vc_section el_class=&#8220;has-slider&#8220;][vc_row full_width=&#8220;stretch_row_content_no_spaces&#8220; el_class=&#8220;has-slider&#8220; css=&#8220;.vc_custom_1688369463707{padding-bottom: 0px !important;}&#8220; bb_tab_container=&#8220;&#8220;][vc_column smartphonebbresponsive=&#8220;.bb_custom_1578659107182{margin-bottom:30px!important;}&#8220;][slider_new slider_id=&#8220;slider-580188&#8243; arrows=&#8220;true&#8220; height_desktop=&#8220;80vh&#8220; height_tablet=&#8220;60vh&#8220; height_smartphone=&#8220;50vh&#8220;][slider_new_item img=&#8220;12238&#8243;][\/slider_new_item][slider_new_item img=&#8220;12336&#8243;][\/slider_new_item][slider_new_item img=&#8220;11477&#8243;][\/slider_new_item][\/slider_new][\/vc_column][\/vc_row][vc_row css_animation=&#8220;none&#8220;][vc_column css_animation=&#8220;none&#8220; offset=&#8220;vc_col-lg-offset-2 vc_col-lg-8 vc_col-md-offset-2 vc_col-md-8&#8243;][vc_column_text smartphonebbresponsive=&#8220;.bb_custom_1579506095201{margin-bottom:20px!important;}&#8220;] Der ideale Wasserpark sollte perfekt auf deine Location zugeschnitten sein [\/vc_column_text][vc_column_text] Die Festlegung der maximalen Personenanzahl f\u00fcr deinen Wibit (= Kapazit\u00e4t deiner Kombination) ist ein wichtiger Punkt, den wir bei der [&hellip;]","og_url":"https:\/\/wibit.sechsp.de\/de\/individuelles-layout\/","og_site_name":"wibit sports","article_publisher":"https:\/\/www.facebook.com\/wibitsports\/","article_modified_time":"2023-07-03T07:31:05+00:00","twitter_card":"summary_large_image","twitter_misc":{"Gesch\u00e4tzte Lesezeit":"2\u00a0Minuten"},"schema":{"@context":"https:\/\/schema.org","@graph":[{"@type":"WebPage","@id":"https:\/\/wibit.sechsp.de\/de\/individuelles-layout\/","url":"https:\/\/wibit.sechsp.de\/de\/individuelles-layout\/","name":"Individuelles Layout - wibit sports","isPartOf":{"@id":"https:\/\/wibit.sechsp.de\/de\/#website"},"datePublished":"2020-01-20T07:19:01+00:00","dateModified":"2023-07-03T07:31:05+00:00","breadcrumb":{"@id":"https:\/\/wibit.sechsp.de\/de\/individuelles-layout\/#breadcrumb"},"inLanguage":"de","potentialAction":[{"@type":"ReadAction","target":["https:\/\/wibit.sechsp.de\/de\/individuelles-layout\/"]}]},{"@type":"BreadcrumbList","@id":"https:\/\/wibit.sechsp.de\/de\/individuelles-layout\/#breadcrumb","itemListElement":[{"@type":"ListItem","position":1,"name":"Home","item":"https:\/\/wibit.sechsp.de\/de\/"},{"@type":"ListItem","position":2,"name":"Individuelles Layout"}]},{"@type":"WebSite","@id":"https:\/\/wibit.sechsp.de\/de\/#website","url":"https:\/\/wibit.sechsp.de\/de\/","name":"wibit sports","description":"We are waterpark!","potentialAction":[{"@type":"SearchAction","target":{"@type":"EntryPoint","urlTemplate":"https:\/\/wibit.sechsp.de\/de\/?s={search_term_string}"},"query-input":{"@type":"PropertyValueSpecification","valueRequired":true,"valueName":"search_term_string"}}],"inLanguage":"de"}]}},"_links":{"self":[{"href":"https:\/\/wibit.sechsp.de\/de\/wp-json\/wp\/v2\/pages\/20172","targetHints":{"allow":["GET"]}}],"collection":[{"href":"https:\/\/wibit.sechsp.de\/de\/wp-json\/wp\/v2\/pages"}],"about":[{"href":"https:\/\/wibit.sechsp.de\/de\/wp-json\/wp\/v2\/types\/page"}],"author":[{"embeddable":true,"href":"https:\/\/wibit.sechsp.de\/de\/wp-json\/wp\/v2\/users\/19"}],"replies":[{"embeddable":true,"href":"https:\/\/wibit.sechsp.de\/de\/wp-json\/wp\/v2\/comments?post=20172"}],"version-history":[{"count":9,"href":"https:\/\/wibit.sechsp.de\/de\/wp-json\/wp\/v2\/pages\/20172\/revisions"}],"predecessor-version":[{"id":44042,"href":"https:\/\/wibit.sechsp.de\/de\/wp-json\/wp\/v2\/pages\/20172\/revisions\/44042"}],"wp:attachment":[{"href":"https:\/\/wibit.sechsp.de\/de\/wp-json\/wp\/v2\/media?parent=20172"}],"curies":[{"name":"wp","href":"https:\/\/api.w.org\/{rel}","templated":true}]}}