{"id":20170,"date":"2020-01-17T08:56:01","date_gmt":"2020-01-17T07:56:01","guid":{"rendered":"https:\/\/wibit.sechsp.de\/maximize-fun-with-programming\/"},"modified":"2024-11-28T08:22:48","modified_gmt":"2024-11-28T07:22:48","slug":"mehr-spass-durch-organisierte-spiele-und-events","status":"publish","type":"page","link":"https:\/\/wibit.sechsp.de\/de\/mehr-spass-durch-organisierte-spiele-und-events\/","title":{"rendered":"Mehr Spa\u00df durch organisierte Spiele und Events"},"content":{"rendered":"<div class=\"wpb-content-wrapper\"><p>[vc_row full_width=&#8220;stretch_row_content_no_spaces&#8220; el_class=&#8220;has-slider&#8220; css=&#8220;.vc_custom_1688369530991{padding-bottom: 0px !important;}&#8220;][vc_column smartphonebbresponsive=&#8220;.bb_custom_1578659107182{margin-bottom:30px!important;}&#8220;][slider_new slider_id=&#8220;slider-580188&#8243; arrows=&#8220;true&#8220; height_desktop=&#8220;80vh&#8220; height_tablet=&#8220;60vh&#8220; height_smartphone=&#8220;50vh&#8220;][slider_new_item img=&#8220;19289&#8243; img_alignment=&#8220;img_align_top_center&#8220;][\/slider_new_item][\/slider_new][\/vc_column][\/vc_row][vc_row css_animation=&#8220;none&#8220;][vc_column css_animation=&#8220;none&#8220; offset=&#8220;vc_col-lg-offset-2 vc_col-lg-8 vc_col-md-offset-2 vc_col-md-8&#8243;][vc_column_text smartphonebbresponsive=&#8220;.bb_custom_1579247982266{margin-bottom:20px!important;}&#8220;]<\/p>\n<h1 class=\"fauna-one\" style=\"text-align: center;\">Maximaler Spa\u00df durch organisierte Spiele und Events<\/h1>\n<p>[\/vc_column_text][vc_column_text]<\/p>\n<p class=\"text-black\" style=\"text-align: center;\">Wibit bietet mehr als nur aufblasbare Produkte und macht aus jedem Wasserpark-Besuch etwas Besonderes. Daher haben wir f\u00fcr unsere Wibit Produkte eine Reihe von Spielen und Events entworfen, die das <strong>Sozialverhalten, den Gleichgewichtssinn, die Koordination sowie die motorischen F\u00e4higkeiten in jedem Alter f\u00f6rdern.<\/strong><\/p>\n<p>[\/vc_column_text][\/vc_column][\/vc_row][vc_row css_animation=&#8220;bottom-to-top&#8220;][vc_column css_animation=&#8220;none&#8220; offset=&#8220;vc_col-lg-offset-2 vc_col-lg-8 vc_col-md-offset-2 vc_col-md-8&#8243;][vertical_line][\/vc_column][\/vc_row][vc_row css_animation=&#8220;bottom-to-top&#8220;][vc_column css_animation=&#8220;none&#8220; offset=&#8220;vc_col-lg-offset-1 vc_col-lg-10&#8243; smartphonebbresponsive=&#8220;.bb_custom_1578561222595{padding-top:30px!important;padding-right:30px!important;padding-bottom:30px!important;padding-left:30px!important;background-color:#003865!important;}&#8220;][vc_row_inner equal_height=&#8220;yes&#8220; content_placement=&#8220;middle&#8220;][vc_column_inner offset=&#8220;vc_col-md-6&#8243;][vc_single_image image=&#8220;10938&#8243; img_size=&#8220;720&#215;480&#8243; alignment=&#8220;center&#8220; laptopbbresponsive=&#8220;.bb_custom_1579511884786{margin-right:-15px!important;margin-left:-60px!important;}&#8220; desktopbbresponsive=&#8220;.bb_custom_1579511884787{margin-left:-120px!important;}&#8220;][\/vc_column_inner][vc_column_inner smartphonebbresponsive=&#8220;.bb_custom_1581069687144{padding-top:15px!important;padding-bottom:15px!important;padding-left:-!important;}&#8220; offset=&#8220;vc_col-md-6&#8243; laptopbbresponsive=&#8220;.bb_custom_1581069687145{padding-left:15px!important;}&#8220;][vc_column_text smartphonebbresponsive=&#8220;.bb_custom_1579248152418{margin-bottom:20px!important;}&#8220;]<\/p>\n<h3 class=\"text-white\" style=\"text-align: center;\">Einzigartige Unterhaltung<\/h3>\n<p>[\/vc_column_text][vc_column_text]<\/p>\n<p class=\"text-white\" style=\"text-align: center;\">Mit Wibit bietest du deinen Besuchern ein unvergessliches Erlebnis, denn unsere Kombinationen sind ideal f\u00fcr <strong>Kindergeburtstage, Wassergymnastikkurse oder Teambuilding-Events<\/strong> \u2013 deine Besucher werden begeistert sein.<\/p>\n<p>[\/vc_column_text][\/vc_column_inner][\/vc_row_inner][vc_row_inner equal_height=&#8220;yes&#8220; rtl_reverse=&#8220;yes&#8220; content_placement=&#8220;middle&#8220; smartphonebbresponsive=&#8220;.bb_custom_1581355167329{margin-top:30px!important;}&#8220; tabletbbresponsive=&#8220;.bb_custom_1581355167332{margin-top:0px!important;}&#8220;][vc_column_inner offset=&#8220;vc_col-md-6&#8243;][vc_single_image image=&#8220;47385&#8243; img_size=&#8220;720&#215;480&#8243; alignment=&#8220;center&#8220; laptopbbresponsive=&#8220;.bb_custom_1732778566036{margin-right:-60px!important;margin-left:-15px!important;}&#8220; desktopbbresponsive=&#8220;.bb_custom_1732778566037{margin-right:-120px!important;}&#8220; bb_tab_container=&#8220;&#8220;][\/vc_column_inner][vc_column_inner offset=&#8220;vc_col-md-6&#8243; smartphonebbresponsive=&#8220;.bb_custom_1581069704664{padding-top:15px!important;padding-right:-!important;padding-bottom:15px!important;}&#8220; laptopbbresponsive=&#8220;.bb_custom_1581069704665{padding-right:15px!important;}&#8220;][vc_column_text smartphonebbresponsive=&#8220;.bb_custom_1579248212780{margin-bottom:20px!important;}&#8220;]<\/p>\n<h3 class=\"text-white\" style=\"text-align: center;\">Zufriedene und treue Kunden<\/h3>\n<p>[\/vc_column_text][vc_column_text]<\/p>\n<p class=\"text-white\" style=\"text-align: center;\">Wenn du deinen Besuchern immer wieder ein unvergessliches Erlebnis bietest, <strong>kommen sie immer wieder.<\/strong> Dank des modularen Aufbaus der Wibit Produkte kannst du deine Elemente frei nach Lust und Laune miteinander kombinieren und so <strong>jede Woche ein neues Abenteuer f\u00fcr deine Besucher schaffen.<\/strong><\/p>\n<p>[\/vc_column_text][\/vc_column_inner][\/vc_row_inner][vc_row_inner equal_height=&#8220;yes&#8220; content_placement=&#8220;middle&#8220; smartphonebbresponsive=&#8220;.bb_custom_1581355175652{margin-top:30px!important;}&#8220; tabletbbresponsive=&#8220;.bb_custom_1581355175653{margin-top:0px!important;}&#8220;][vc_column_inner offset=&#8220;vc_col-md-6&#8243;][vc_single_image image=&#8220;10854&#8243; img_size=&#8220;720&#215;480&#8243; laptopbbresponsive=&#8220;.bb_custom_1579511728493{margin-right:-15px!important;margin-left:-60px!important;}&#8220; desktopbbresponsive=&#8220;.bb_custom_1579511728494{margin-left:-120px!important;}&#8220;][\/vc_column_inner][vc_column_inner smartphonebbresponsive=&#8220;.bb_custom_1581069715808{padding-top:15px!important;padding-bottom:15px!important;padding-left:-!important;}&#8220; offset=&#8220;vc_col-md-6&#8243; laptopbbresponsive=&#8220;.bb_custom_1581069715809{padding-left:15px!important;}&#8220;][vc_column_text smartphonebbresponsive=&#8220;.bb_custom_1579248368014{margin-bottom:20px!important;}&#8220;]<\/p>\n<p class=\"headline-h3 text-white\" style=\"text-align: center;\">\u201eWibit Mittwoch\u201c<\/p>\n<p>[\/vc_column_text][vc_column_text]<\/p>\n<div class=\"wpb_text_column wpb_content_element \">\n<div class=\"wpb_wrapper\">\n<p class=\"text-white\" style=\"text-align: center;\">Warum nicht beispielsweise einen \u201eWibit Mittwoch\u201c mit w\u00f6chentlichen Animationen f\u00fcr deine Besucher einf\u00fchren? So <strong>erh\u00f6hst du deine Besucher- und Verkaufszahlen<\/strong> durch die bew\u00e4hrte Werbewirksamkeit einer Wibit Kombination.<\/p>\n<\/div>\n<\/div>\n<p>[\/vc_column_text][\/vc_column_inner][\/vc_row_inner][\/vc_column][\/vc_row][vc_row css_animation=&#8220;bottom-to-top&#8220;][vc_column css_animation=&#8220;none&#8220; offset=&#8220;vc_col-lg-offset-2 vc_col-lg-8 vc_col-md-offset-2 vc_col-md-8&#8243;][vertical_line][\/vc_column][\/vc_row][vc_row css_animation=&#8220;bottom-to-top&#8220;][vc_column css_animation=&#8220;none&#8220; offset=&#8220;vc_col-lg-offset-2 vc_col-lg-8 vc_col-md-offset-2 vc_col-md-8&#8243;][vc_column_text smartphonebbresponsive=&#8220;.bb_custom_1579248749011{margin-bottom:20px!important;}&#8220;]<\/p>\n<p class=\"headline-h3\" style=\"text-align: center;\">M\u00f6chtest du einen Mehrwert f\u00fcr deine Location schaffen?<\/p>\n<p>[\/vc_column_text][cta id=&#8220;6152&#8243;][\/vc_column][\/vc_row][vc_row css_animation=&#8220;bottom-to-top&#8220;][vc_column css_animation=&#8220;none&#8220; offset=&#8220;vc_col-lg-offset-2 vc_col-lg-8 vc_col-md-offset-2 vc_col-md-8&#8243;][vertical_line][\/vc_column][\/vc_row][vc_row full_width=&#8220;stretch_row&#8220; css_animation=&#8220;bottom-to-top&#8220; smartphonebbresponsive=&#8220;.bb_custom_1581070426301{padding-top:30px!important;padding-bottom:20px!important;background-color:#003865!important;display:none!important;}&#8220; el_id=&#8220;stuart-marston-gary-sawyer-desktop&#8220; tabletbbresponsive=&#8220;.bb_custom_1581070426302{display:block!important;}&#8220;][vc_column css_animation=&#8220;none&#8220; offset=&#8220;vc_col-lg-offset-1 vc_col-lg-10 vc_col-md-offset-1 vc_col-md-10&#8243;][vc_row_inner][vc_column_inner width=&#8220;1\/2&#8243;][vc_single_image image=&#8220;9030&#8243; alignment=&#8220;center&#8220; style=&#8220;vc_box_circle&#8220; tabletbbresponsive=&#8220;.bb_custom_1581080265448{padding-top:0px!important;padding-bottom:0px!important;}&#8220; css=&#8220;.vc_custom_1575978076553{margin-top: 0px !important;}&#8220;][vc_column_text css_animation=&#8220;none&#8220; tabletbbresponsive=&#8220;.bb_custom_1579248991502{margin-bottom:20px!important;}&#8220; smartphonebbresponsive=&#8220;.bb_custom_1579248991502{padding-top:10px!important;padding-bottom:10px!important;}&#8220;]<\/p>\n<p class=\"text-white\" style=\"text-align: center;\"><strong>Stuart Marston<\/strong>, CEO<strong><br \/>\n<\/strong>Liquid Leisure, Vereinigtes K\u00f6nigreich<\/p>\n<p>[\/vc_column_text][vc_column_text css_animation=&#8220;none&#8220;]<\/p>\n<p class=\"headline-h3 text-white\" style=\"text-align: center;\">\u201eSeit einigen Jahren erleben wir einen kontinuierlichen Anstieg bei Kindergeburtstagen. Inzwischen sind wir bei ungef\u00e4hr 25 bis 30 Partys pro Tag!\u201c<\/p>\n<p>[\/vc_column_text][\/vc_column_inner][vc_column_inner width=&#8220;1\/2&#8243;][vc_single_image image=&#8220;11286&#8243; alignment=&#8220;center&#8220; style=&#8220;vc_box_circle&#8220; tabletbbresponsive=&#8220;.bb_custom_1581080273909{padding-top:0px!important;padding-bottom:0px!important;}&#8220; css=&#8220;.vc_custom_1575978076553{margin-top: 0px !important;}&#8220;][vc_column_text css_animation=&#8220;none&#8220; tabletbbresponsive=&#8220;.bb_custom_1579249099834{margin-bottom:20px!important;}&#8220; smartphonebbresponsive=&#8220;.bb_custom_1579249099832{padding-top:10px!important;padding-bottom:10px!important;}&#8220;]<\/p>\n<p class=\"text-white\" style=\"text-align: center;\"><strong>Gary Sawyer<\/strong>, Commercial Manager<strong><br \/>\n<\/strong>Liquid Leisure, Vereinigtes K\u00f6nigreich<\/p>\n<p>[\/vc_column_text][vc_column_text css_animation=&#8220;none&#8220;]<\/p>\n<p class=\"headline-h3 text-white\" style=\"text-align: center;\">\u201eWir m\u00f6chten sicherstellen, dass alle notwendigen Dienstleistungen zur Verf\u00fcgung stehen, damit unsere Besucher gerne einen ganzen Tag in unserem Wasserpark verbringen \u2013 zum Beispiel Essen und Getr\u00e4nke f\u00fcr Kindergeburtstage oder f\u00fcr ganzt\u00e4gige Betriebsausfl\u00fcge.\u201c<\/p>\n<p>[\/vc_column_text][\/vc_column_inner][\/vc_row_inner][\/vc_column][\/vc_row][vc_row full_width=&#8220;stretch_row_content_no_spaces&#8220; tabletbbresponsive=&#8220;.bb_custom_1581080409400{display:none!important;}&#8220; laptopbbresponsive=&#8220;.bb_custom_1581080409402{display:none!important;}&#8220; desktopbbresponsive=&#8220;.bb_custom_1581080409403{display:none!important;}&#8220; el_id=&#8220;stuart-marston-gary-sawyer-mobile&#8220; smartphonebbresponsive=&#8220;.bb_custom_1581080409398{display:block!important;}&#8220;][vc_column css=&#8220;.vc_custom_1579693425885{background-color: #003865 !important;}&#8220;][vc_tta_pageable no_fill_content_area=&#8220;1&#8243; vc_tta_pageable_light=&#8220;true&#8220; autoplay=&#8220;3&#8243; active_section=&#8220;1&#8243; smartphonebbresponsive=&#8220;.bb_custom_1581080287881{margin-bottom:15px!important;}&#8220;][vc_tta_section title=&#8220;Abschnitt 1&#8243; tab_id=&#8220;1579693176020-1d09882a-78b7&#8243;][vc_single_image image=&#8220;9030&#8243; alignment=&#8220;center&#8220; style=&#8220;vc_box_circle&#8220; tabletbbresponsive=&#8220;.bb_custom_1581080295851{padding-top:0px!important;padding-bottom:0px!important;}&#8220; css=&#8220;.vc_custom_1575978076553{margin-top: 0px !important;}&#8220; smartphonebbresponsive=&#8220;.bb_custom_1581080295850{margin-top:15px!important;}&#8220;][vc_column_text css_animation=&#8220;none&#8220; tabletbbresponsive=&#8220;.bb_custom_1581069947839{margin-bottom:20px!important;}&#8220; smartphonebbresponsive=&#8220;.bb_custom_1581069947838{padding-top:10px!important;padding-bottom:10px!important;}&#8220;]<\/p>\n<p class=\"text-white\" style=\"text-align: center;\"><strong>Stuart Marston<\/strong>, CEO<strong><br \/>\n<\/strong>Liquid Leisure, Vereinigtes K\u00f6nigreich<\/p>\n<p>[\/vc_column_text][vc_column_text css_animation=&#8220;none&#8220; smartphonebbresponsive=&#8220;.bb_custom_1581069960613{margin-right:30px!important;margin-left:30px!important;}&#8220;]<\/p>\n<p class=\"headline-h3 text-white\" style=\"text-align: center;\">\u201eSeit einigen Jahren erleben wir einen kontinuierlichen Anstieg bei Kindergeburtstagen. Inzwischen sind wir bei ungef\u00e4hr 25 bis 30 Partys pro Tag!\u201c<\/p>\n<p>[\/vc_column_text][\/vc_tta_section][vc_tta_section title=&#8220;Abschnitt 2&#8243; tab_id=&#8220;1579693176103-79381c9d-b131&#8243;][vc_single_image image=&#8220;11286&#8243; alignment=&#8220;center&#8220; style=&#8220;vc_box_circle&#8220; tabletbbresponsive=&#8220;.bb_custom_1581080305182{padding-top:0px!important;padding-bottom:0px!important;}&#8220; css=&#8220;.vc_custom_1575978076553{margin-top: 0px !important;}&#8220; smartphonebbresponsive=&#8220;.bb_custom_1581080305180{margin-top:15px!important;}&#8220;][vc_column_text css_animation=&#8220;none&#8220; tabletbbresponsive=&#8220;.bb_custom_1581069975556{margin-bottom:20px!important;}&#8220; smartphonebbresponsive=&#8220;.bb_custom_1581069975556{padding-top:10px!important;padding-bottom:10px!important;}&#8220;]<\/p>\n<p class=\"text-white\" style=\"text-align: center;\"><strong>Gary Sawyer<\/strong>, Commercial Manager<strong><br \/>\n<\/strong>Liquid Leisure, Vereinigtes K\u00f6nigreich<\/p>\n<p>[\/vc_column_text][vc_column_text css_animation=&#8220;none&#8220; smartphonebbresponsive=&#8220;.bb_custom_1581069988187{margin-right:30px!important;margin-left:30px!important;}&#8220;]<\/p>\n<p class=\"headline-h3 text-white\" style=\"text-align: center;\">\u201eWir m\u00f6chten sicherstellen, dass alle notwendigen Dienstleistungen zur Verf\u00fcgung stehen, damit unsere Besucher gerne einen ganzen Tag in unserem Wasserpark verbringen \u2013 zum Beispiel Essen und Getr\u00e4nke f\u00fcr Kindergeburtstage oder f\u00fcr ganzt\u00e4gige Betriebsausfl\u00fcge.\u201c<\/p>\n<p>[\/vc_column_text][\/vc_tta_section][\/vc_tta_pageable][\/vc_column][\/vc_row][vc_row full_width=&#8220;stretch_row_content_no_spaces&#8220; css_animation=&#8220;bottom-to-top&#8220;][vc_column css_animation=&#8220;none&#8220;][vertical_line][vc_column_text smartphonebbresponsive=&#8220;.bb_custom_1580734973660{margin-bottom:30px!important;}&#8220;]<\/p>\n<h2 style=\"text-align: center;\"><span class=\"fauna-one\">Erfolgsgeschichten<br \/>\n<\/span><\/h2>\n<p>[\/vc_column_text][success_stories success_stories_select=&#8220;13163,13161,13132,13148&#8243;][\/vc_column][\/vc_row][vc_row css_animation=&#8220;bottom-to-top&#8220;][vc_column css_animation=&#8220;none&#8220; offset=&#8220;vc_col-lg-offset-0 vc_col-md-offset-0&#8243;][vertical_line][vc_column_text smartphonebbresponsive=&#8220;.bb_custom_1581590723196{margin-bottom:30px!important;}&#8220;]<\/p>\n<h2 style=\"text-align: center;\"><span class=\"fauna-one\">\u00c4hnliche Themen<\/span><\/h2>\n<p>[\/vc_column_text][recommended_articles articles_select=&#8220;10092,10103,10093,10076&#8243; smartphonebbresponsive=&#8220;.bb_custom_1579512270828{margin-top:20px!important;}&#8220;][\/vc_column][\/vc_row]<\/p>\n<\/div>","protected":false},"excerpt":{"rendered":"<p>[vc_row full_width=&#8220;stretch_row_content_no_spaces&#8220; el_class=&#8220;has-slider&#8220; css=&#8220;.vc_custom_1688369530991{padding-bottom: 0px !important;}&#8220;][vc_column smartphonebbresponsive=&#8220;.bb_custom_1578659107182{margin-bottom:30px!important;}&#8220;][slider_new slider_id=&#8220;slider-580188&#8243; arrows=&#8220;true&#8220; height_desktop=&#8220;80vh&#8220; height_tablet=&#8220;60vh&#8220; height_smartphone=&#8220;50vh&#8220;][slider_new_item img=&#8220;19289&#8243; img_alignment=&#8220;img_align_top_center&#8220;][\/slider_new_item][\/slider_new][\/vc_column][\/vc_row][vc_row css_animation=&#8220;none&#8220;][vc_column css_animation=&#8220;none&#8220; offset=&#8220;vc_col-lg-offset-2 vc_col-lg-8 vc_col-md-offset-2 vc_col-md-8&#8243;][vc_column_text smartphonebbresponsive=&#8220;.bb_custom_1579247982266{margin-bottom:20px!important;}&#8220;] Maximaler Spa\u00df durch organisierte Spiele und Events [\/vc_column_text][vc_column_text] Wibit bietet mehr als nur aufblasbare Produkte und macht aus jedem Wasserpark-Besuch etwas Besonderes. Daher haben wir f\u00fcr unsere Wibit Produkte eine Reihe von Spielen und [&hellip;]<\/p>\n","protected":false},"author":5,"featured_media":0,"parent":0,"menu_order":46,"comment_status":"closed","ping_status":"closed","template":"","meta":{"_acf_changed":false,"footnotes":""},"class_list":["post-20170","page","type-page","status-publish","hentry"],"acf":[],"yoast_head":"<!-- This site is optimized with the Yoast SEO plugin v25.6 - https:\/\/yoast.com\/wordpress\/plugins\/seo\/ -->\n<title>Mehr Spa\u00df durch organisierte Spiele und Events - wibit sports<\/title>\n<meta name=\"robots\" content=\"noindex, follow, max-snippet:-1, max-image-preview:large, max-video-preview:-1\" \/>\n<meta property=\"og:locale\" content=\"de_DE\" \/>\n<meta property=\"og:type\" content=\"article\" \/>\n<meta property=\"og:title\" content=\"Mehr Spa\u00df durch organisierte Spiele und Events - wibit sports\" \/>\n<meta property=\"og:description\" content=\"[vc_row full_width=&#8220;stretch_row_content_no_spaces&#8220; el_class=&#8220;has-slider&#8220; css=&#8220;.vc_custom_1688369530991{padding-bottom: 0px !important;}&#8220;][vc_column smartphonebbresponsive=&#8220;.bb_custom_1578659107182{margin-bottom:30px!important;}&#8220;][slider_new slider_id=&#8220;slider-580188&#8243; arrows=&#8220;true&#8220; height_desktop=&#8220;80vh&#8220; height_tablet=&#8220;60vh&#8220; height_smartphone=&#8220;50vh&#8220;][slider_new_item img=&#8220;19289&#8243; img_alignment=&#8220;img_align_top_center&#8220;][\/slider_new_item][\/slider_new][\/vc_column][\/vc_row][vc_row css_animation=&#8220;none&#8220;][vc_column css_animation=&#8220;none&#8220; offset=&#8220;vc_col-lg-offset-2 vc_col-lg-8 vc_col-md-offset-2 vc_col-md-8&#8243;][vc_column_text smartphonebbresponsive=&#8220;.bb_custom_1579247982266{margin-bottom:20px!important;}&#8220;] Maximaler Spa\u00df durch organisierte Spiele und Events [\/vc_column_text][vc_column_text] Wibit bietet mehr als nur aufblasbare Produkte und macht aus jedem Wasserpark-Besuch etwas Besonderes. Daher haben wir f\u00fcr unsere Wibit Produkte eine Reihe von Spielen und [&hellip;]\" \/>\n<meta property=\"og:url\" content=\"https:\/\/wibit.sechsp.de\/de\/mehr-spass-durch-organisierte-spiele-und-events\/\" \/>\n<meta property=\"og:site_name\" content=\"wibit sports\" \/>\n<meta property=\"article:publisher\" content=\"https:\/\/www.facebook.com\/wibitsports\/\" \/>\n<meta property=\"article:modified_time\" content=\"2024-11-28T07:22:48+00:00\" \/>\n<meta name=\"twitter:card\" content=\"summary_large_image\" \/>\n<meta name=\"twitter:label1\" content=\"Gesch\u00e4tzte Lesezeit\" \/>\n\t<meta name=\"twitter:data1\" content=\"3\u00a0Minuten\" \/>\n<script type=\"application\/ld+json\" class=\"yoast-schema-graph\">{\"@context\":\"https:\/\/schema.org\",\"@graph\":[{\"@type\":\"WebPage\",\"@id\":\"https:\/\/wibit.sechsp.de\/de\/mehr-spass-durch-organisierte-spiele-und-events\/\",\"url\":\"https:\/\/wibit.sechsp.de\/de\/mehr-spass-durch-organisierte-spiele-und-events\/\",\"name\":\"Mehr Spa\u00df durch organisierte Spiele und Events - wibit sports\",\"isPartOf\":{\"@id\":\"https:\/\/wibit.sechsp.de\/de\/#website\"},\"datePublished\":\"2020-01-17T07:56:01+00:00\",\"dateModified\":\"2024-11-28T07:22:48+00:00\",\"breadcrumb\":{\"@id\":\"https:\/\/wibit.sechsp.de\/de\/mehr-spass-durch-organisierte-spiele-und-events\/#breadcrumb\"},\"inLanguage\":\"de\",\"potentialAction\":[{\"@type\":\"ReadAction\",\"target\":[\"https:\/\/wibit.sechsp.de\/de\/mehr-spass-durch-organisierte-spiele-und-events\/\"]}]},{\"@type\":\"BreadcrumbList\",\"@id\":\"https:\/\/wibit.sechsp.de\/de\/mehr-spass-durch-organisierte-spiele-und-events\/#breadcrumb\",\"itemListElement\":[{\"@type\":\"ListItem\",\"position\":1,\"name\":\"Home\",\"item\":\"https:\/\/wibit.sechsp.de\/de\/\"},{\"@type\":\"ListItem\",\"position\":2,\"name\":\"Mehr Spa\u00df durch organisierte Spiele und Events\"}]},{\"@type\":\"WebSite\",\"@id\":\"https:\/\/wibit.sechsp.de\/de\/#website\",\"url\":\"https:\/\/wibit.sechsp.de\/de\/\",\"name\":\"wibit sports\",\"description\":\"We are waterpark!\",\"potentialAction\":[{\"@type\":\"SearchAction\",\"target\":{\"@type\":\"EntryPoint\",\"urlTemplate\":\"https:\/\/wibit.sechsp.de\/de\/?s={search_term_string}\"},\"query-input\":{\"@type\":\"PropertyValueSpecification\",\"valueRequired\":true,\"valueName\":\"search_term_string\"}}],\"inLanguage\":\"de\"}]}<\/script>\n<!-- \/ Yoast SEO plugin. -->","yoast_head_json":{"title":"Mehr Spa\u00df durch organisierte Spiele und Events - wibit sports","robots":{"index":"noindex","follow":"follow","max-snippet":"max-snippet:-1","max-image-preview":"max-image-preview:large","max-video-preview":"max-video-preview:-1"},"og_locale":"de_DE","og_type":"article","og_title":"Mehr Spa\u00df durch organisierte Spiele und Events - wibit sports","og_description":"[vc_row full_width=&#8220;stretch_row_content_no_spaces&#8220; el_class=&#8220;has-slider&#8220; css=&#8220;.vc_custom_1688369530991{padding-bottom: 0px !important;}&#8220;][vc_column smartphonebbresponsive=&#8220;.bb_custom_1578659107182{margin-bottom:30px!important;}&#8220;][slider_new slider_id=&#8220;slider-580188&#8243; arrows=&#8220;true&#8220; height_desktop=&#8220;80vh&#8220; height_tablet=&#8220;60vh&#8220; height_smartphone=&#8220;50vh&#8220;][slider_new_item img=&#8220;19289&#8243; img_alignment=&#8220;img_align_top_center&#8220;][\/slider_new_item][\/slider_new][\/vc_column][\/vc_row][vc_row css_animation=&#8220;none&#8220;][vc_column css_animation=&#8220;none&#8220; offset=&#8220;vc_col-lg-offset-2 vc_col-lg-8 vc_col-md-offset-2 vc_col-md-8&#8243;][vc_column_text smartphonebbresponsive=&#8220;.bb_custom_1579247982266{margin-bottom:20px!important;}&#8220;] Maximaler Spa\u00df durch organisierte Spiele und Events [\/vc_column_text][vc_column_text] Wibit bietet mehr als nur aufblasbare Produkte und macht aus jedem Wasserpark-Besuch etwas Besonderes. Daher haben wir f\u00fcr unsere Wibit Produkte eine Reihe von Spielen und [&hellip;]","og_url":"https:\/\/wibit.sechsp.de\/de\/mehr-spass-durch-organisierte-spiele-und-events\/","og_site_name":"wibit sports","article_publisher":"https:\/\/www.facebook.com\/wibitsports\/","article_modified_time":"2024-11-28T07:22:48+00:00","twitter_card":"summary_large_image","twitter_misc":{"Gesch\u00e4tzte Lesezeit":"3\u00a0Minuten"},"schema":{"@context":"https:\/\/schema.org","@graph":[{"@type":"WebPage","@id":"https:\/\/wibit.sechsp.de\/de\/mehr-spass-durch-organisierte-spiele-und-events\/","url":"https:\/\/wibit.sechsp.de\/de\/mehr-spass-durch-organisierte-spiele-und-events\/","name":"Mehr Spa\u00df durch organisierte Spiele und Events - wibit sports","isPartOf":{"@id":"https:\/\/wibit.sechsp.de\/de\/#website"},"datePublished":"2020-01-17T07:56:01+00:00","dateModified":"2024-11-28T07:22:48+00:00","breadcrumb":{"@id":"https:\/\/wibit.sechsp.de\/de\/mehr-spass-durch-organisierte-spiele-und-events\/#breadcrumb"},"inLanguage":"de","potentialAction":[{"@type":"ReadAction","target":["https:\/\/wibit.sechsp.de\/de\/mehr-spass-durch-organisierte-spiele-und-events\/"]}]},{"@type":"BreadcrumbList","@id":"https:\/\/wibit.sechsp.de\/de\/mehr-spass-durch-organisierte-spiele-und-events\/#breadcrumb","itemListElement":[{"@type":"ListItem","position":1,"name":"Home","item":"https:\/\/wibit.sechsp.de\/de\/"},{"@type":"ListItem","position":2,"name":"Mehr Spa\u00df durch organisierte Spiele und Events"}]},{"@type":"WebSite","@id":"https:\/\/wibit.sechsp.de\/de\/#website","url":"https:\/\/wibit.sechsp.de\/de\/","name":"wibit sports","description":"We are waterpark!","potentialAction":[{"@type":"SearchAction","target":{"@type":"EntryPoint","urlTemplate":"https:\/\/wibit.sechsp.de\/de\/?s={search_term_string}"},"query-input":{"@type":"PropertyValueSpecification","valueRequired":true,"valueName":"search_term_string"}}],"inLanguage":"de"}]}},"_links":{"self":[{"href":"https:\/\/wibit.sechsp.de\/de\/wp-json\/wp\/v2\/pages\/20170","targetHints":{"allow":["GET"]}}],"collection":[{"href":"https:\/\/wibit.sechsp.de\/de\/wp-json\/wp\/v2\/pages"}],"about":[{"href":"https:\/\/wibit.sechsp.de\/de\/wp-json\/wp\/v2\/types\/page"}],"author":[{"embeddable":true,"href":"https:\/\/wibit.sechsp.de\/de\/wp-json\/wp\/v2\/users\/5"}],"replies":[{"embeddable":true,"href":"https:\/\/wibit.sechsp.de\/de\/wp-json\/wp\/v2\/comments?post=20170"}],"version-history":[{"count":8,"href":"https:\/\/wibit.sechsp.de\/de\/wp-json\/wp\/v2\/pages\/20170\/revisions"}],"predecessor-version":[{"id":47388,"href":"https:\/\/wibit.sechsp.de\/de\/wp-json\/wp\/v2\/pages\/20170\/revisions\/47388"}],"wp:attachment":[{"href":"https:\/\/wibit.sechsp.de\/de\/wp-json\/wp\/v2\/media?parent=20170"}],"curies":[{"name":"wp","href":"https:\/\/api.w.org\/{rel}","templated":true}]}}