{"id":20168,"date":"2020-01-16T14:48:01","date_gmt":"2020-01-16T13:48:01","guid":{"rendered":"https:\/\/wibit.sechsp.de\/start-your-profitable-business\/"},"modified":"2023-07-03T09:21:24","modified_gmt":"2023-07-03T07:21:24","slug":"starte-dein-rentables-business","status":"publish","type":"page","link":"https:\/\/wibit.sechsp.de\/de\/starte-dein-rentables-business\/","title":{"rendered":"Rentabilit\u00e4t"},"content":{"rendered":"<div class=\"wpb-content-wrapper\"><p>[vc_row full_width=&#8220;stretch_row_content_no_spaces&#8220; el_class=&#8220;has-slider&#8220; css=&#8220;.vc_custom_1688368881350{padding-bottom: 0px !important;}&#8220; bb_tab_container=&#8220;&#8220;][vc_column smartphonebbresponsive=&#8220;.bb_custom_1578659107182{margin-bottom:30px!important;}&#8220;][slider_new slider_id=&#8220;slider-580188&#8243; arrows=&#8220;true&#8220; height_desktop=&#8220;80vh&#8220; height_tablet=&#8220;60vh&#8220; height_smartphone=&#8220;50vh&#8220;][slider_new_item img=&#8220;12332&#8243;][\/slider_new_item][\/slider_new][\/vc_column][\/vc_row][vc_row css_animation=&#8220;none&#8220;][vc_column css_animation=&#8220;none&#8220; offset=&#8220;vc_col-lg-offset-2 vc_col-lg-8 vc_col-md-offset-2 vc_col-md-8&#8243;][vc_column_text smartphonebbresponsive=&#8220;.bb_custom_1579182777145{margin-bottom:20px!important;}&#8220;]<\/p>\n<div class=\"wpb_text_column wpb_content_element \">\n<div class=\"wpb_wrapper\">\n<h1 class=\"fauna-one\" style=\"text-align: center;\">Er\u00f6ffne ein gewinnbringendes Unternehmen<\/h1>\n<\/div>\n<\/div>\n<p>[\/vc_column_text][vc_column_text]<\/p>\n<p style=\"text-align: center;\">Eine Wibit Kombination verwandelt deinen Strand oder dein Schwimmbad in einen sprichw\u00f6rtlichen <strong>Besuchermagneten<\/strong> und generiert stetig <strong>zus\u00e4tzlichen Umsatz<\/strong> \u2013 bei <strong>geringen Betriebskosten.<\/strong><\/p>\n<p style=\"text-align: center;\">Bei Wibit wissen wir, dass \u2013 abgesehen von der Attraktivit\u00e4t deiner Location \u2013 Faktoren wie die Gr\u00f6\u00dfe deines Wibits, deine Werbe- und Marketingstrategien sowie der Eintrittspreis den gr\u00f6\u00dften Einfluss auf die Amortisationsdauer haben.<\/p>\n<p style=\"text-align: center;\">Deshalb erh\u00e4ltst du von uns alles, was du f\u00fcr einen \u00fcberzeugenden und <strong>professionellen Auftritt<\/strong> ben\u00f6tigst. Unser erfahrenes Wibit Expertenteam begleitet dich durch wichtige Gesch\u00e4ftsentwicklungsstrategien und <a href=\"https:\/\/wibit.sechsp.de\/de\/service\/#wibits_products\">schult<\/a> dich in Sachen Betrieb und Wartung deiner Kombination.<\/p>\n<p>[\/vc_column_text][\/vc_column][\/vc_row][vc_row full_width=&#8220;stretch_row_content&#8220; css_animation=&#8220;bottom-to-top&#8220; css=&#8220;.vc_custom_1579513539916{background-color: #003865 !important;}&#8220; smartphonebbresponsive=&#8220;.bb_custom_1579513539917{margin-top:30px!important;}&#8220;][vc_column css_animation=&#8220;bottom-to-top&#8220; offset=&#8220;vc_col-lg-offset-2 vc_col-lg-8 vc_col-md-offset-2 vc_col-md-8&#8243;][spacer height=&#8220;15&#8243; height_tablet=&#8220;15&#8243; height_smartphone=&#8220;15&#8243;][vc_column_text]<\/p>\n<table align=\"center\">\n<tbody>\n<tr>\n<th class=\"headline-h1 text-white text-200\">80<\/th>\n<th style=\"text-align: left;\">\n<h3 class=\"text-white fauna-one text-100\">Tage<br \/>\nAmorti-<br \/>\nsations-<br \/>\ndauer<\/h3>\n<\/th>\n<\/tr>\n<\/tbody>\n<\/table>\n<p>[\/vc_column_text][spacer height=&#8220;20&#8243; height_tablet=&#8220;20&#8243; height_smartphone=&#8220;20&#8243;][vc_column_text css_animation=&#8220;none&#8220;]<\/p>\n<p class=\"text-white\" style=\"text-align: center;\">Durchschnittliche Amortisationsdauer f\u00fcr einen mittelgro\u00dfen SportsPark.<\/p>\n<p>[\/vc_column_text][spacer height=&#8220;10&#8243; height_tablet=&#8220;10&#8243; height_smartphone=&#8220;10&#8243;][\/vc_column][\/vc_row][vc_row css_animation=&#8220;bottom-to-top&#8220;][vc_column css_animation=&#8220;none&#8220; offset=&#8220;vc_col-lg-offset-2 vc_col-lg-8 vc_col-md-offset-2 vc_col-md-8&#8243;][vertical_line][vc_column_text smartphonebbresponsive=&#8220;.bb_custom_1579183130033{margin-bottom:20px!important;}&#8220;]<\/p>\n<h2 class=\"fauna-one\" style=\"text-align: center;\">Maximale Ertr\u00e4ge<\/h2>\n<p>[\/vc_column_text][vc_column_text]<\/p>\n<p style=\"text-align: center;\">Ein Wibit an deinem Standort zieht Scharen von Besuchern aller Altersklassen an, wodurch du deine <strong>Zielgruppe<\/strong> sowohl auf Kinder als auch auf Erwachsene ausdehnen kannst. Diese Familien kaufen vor Ort Snacks, Getr\u00e4nke und andere Artikel, die du im Angebot hast, und erh\u00f6hen so die <strong>Gewinne deines Unternehmens.<\/strong><\/p>\n<p style=\"text-align: center;\">Deshalb begleiten dich unsere Berater bei <strong>jedem Schritt auf deinem Wibit Weg<\/strong>, von der Auswahl der richtigen Module bis hin zur Ausarbeitung eines Businessplans. Wir bei Wibit sind nicht nur Verk\u00e4ufer. Wir verstehen uns vor allem als zuverl\u00e4ssigen Partner und verwandeln deine Location in ein absolutes Fun-Paradies.<\/p>\n<p>[\/vc_column_text][vertical_line][\/vc_column][\/vc_row][vc_row full_width=&#8220;stretch_row&#8220; css_animation=&#8220;bottom-to-top&#8220; el_id=&#8220;laszlo-osz&#8220; smartphonebbresponsive=&#8220;.bb_custom_1580296876702{padding-top:30px!important;padding-bottom:20px!important;border-color:#003865!important;background-color:#003865!important;}&#8220;][vc_column css_animation=&#8220;none&#8220; offset=&#8220;vc_col-lg-offset-1 vc_col-lg-10 vc_col-md-offset-1 vc_col-md-10&#8243;][vc_single_image image=&#8220;9182&#8243; alignment=&#8220;center&#8220; style=&#8220;vc_box_circle&#8220; tabletbbresponsive=&#8220;.bb_custom_1581355063381{padding-top:0px!important;padding-bottom:0px!important;}&#8220; css=&#8220;.vc_custom_1575978076553{margin-top: 0px !important;}&#8220;][vc_column_text css_animation=&#8220;none&#8220; tabletbbresponsive=&#8220;.bb_custom_1579183345563{margin-bottom:20px!important;}&#8220; smartphonebbresponsive=&#8220;.bb_custom_1579183345562{padding-top:10px!important;padding-bottom:10px!important;}&#8220;]<\/p>\n<p class=\"text-white\" style=\"text-align: center;\"><strong>L\u00e1szl\u00f3 \u0150sz<\/strong>, Inhaber<strong><br \/>\n<\/strong>Water World Kenese, Ungarn<\/p>\n<p>[\/vc_column_text][vc_column_text css_animation=&#8220;none&#8220;]<\/p>\n<p class=\"headline-h3 text-white\" style=\"text-align: center;\">\u201eWenn Besucher gl\u00fccklich und zufrieden sind, w\u00e4hrend sie sich auf einem sicheren Spielplatz aufhalten und man dabei auch noch Geld verdienen kann, ist das doch eine Win-Win-Situation. Und mit Wibit konnte ich mir genau diesen Traum von meinem Gesch\u00e4ft erf\u00fcllen.\u201c<\/p>\n<p>[\/vc_column_text][\/vc_column][\/vc_row][vc_row full_width=&#8220;stretch_row_content_no_spaces&#8220; css_animation=&#8220;bottom-to-top&#8220;][vc_column css_animation=&#8220;none&#8220;][vertical_line][vc_column_text smartphonebbresponsive=&#8220;.bb_custom_1580734973660{margin-bottom:30px!important;}&#8220;]<\/p>\n<h2 style=\"text-align: center;\"><span class=\"fauna-one\">Erfolgsgeschichten<br \/>\n<\/span><\/h2>\n<p>[\/vc_column_text][success_stories success_stories_select=&#8220;13151,13147,13160,13132,13157,13153&#8243;][\/vc_column][\/vc_row][vc_row css_animation=&#8220;bottom-to-top&#8220;][vc_column css_animation=&#8220;none&#8220; offset=&#8220;vc_col-lg-offset-0 vc_col-md-offset-0&#8243;][vertical_line][vc_column_text smartphonebbresponsive=&#8220;.bb_custom_1581590795421{margin-bottom:30px!important;}&#8220;]<\/p>\n<h2 style=\"text-align: center;\"><span class=\"fauna-one\">\u00c4hnliche Themen<\/span><\/h2>\n<p>[\/vc_column_text][recommended_articles articles_select=&#8220;10078,11153,10765,10077&#8243; smartphonebbresponsive=&#8220;.bb_custom_1579183485590{margin-top:20px!important;}&#8220;][\/vc_column][\/vc_row]<\/p>\n<\/div>","protected":false},"excerpt":{"rendered":"<p>[vc_row full_width=&#8220;stretch_row_content_no_spaces&#8220; el_class=&#8220;has-slider&#8220; css=&#8220;.vc_custom_1688368881350{padding-bottom: 0px !important;}&#8220; bb_tab_container=&#8220;&#8220;][vc_column smartphonebbresponsive=&#8220;.bb_custom_1578659107182{margin-bottom:30px!important;}&#8220;][slider_new slider_id=&#8220;slider-580188&#8243; arrows=&#8220;true&#8220; height_desktop=&#8220;80vh&#8220; height_tablet=&#8220;60vh&#8220; height_smartphone=&#8220;50vh&#8220;][slider_new_item img=&#8220;12332&#8243;][\/slider_new_item][\/slider_new][\/vc_column][\/vc_row][vc_row css_animation=&#8220;none&#8220;][vc_column css_animation=&#8220;none&#8220; offset=&#8220;vc_col-lg-offset-2 vc_col-lg-8 vc_col-md-offset-2 vc_col-md-8&#8243;][vc_column_text smartphonebbresponsive=&#8220;.bb_custom_1579182777145{margin-bottom:20px!important;}&#8220;] Er\u00f6ffne ein gewinnbringendes Unternehmen [\/vc_column_text][vc_column_text] Eine Wibit Kombination verwandelt deinen Strand oder dein Schwimmbad in einen sprichw\u00f6rtlichen Besuchermagneten und generiert stetig zus\u00e4tzlichen Umsatz \u2013 bei geringen Betriebskosten. Bei Wibit wissen wir, dass \u2013 abgesehen [&hellip;]<\/p>\n","protected":false},"author":5,"featured_media":0,"parent":0,"menu_order":24,"comment_status":"closed","ping_status":"closed","template":"","meta":{"_acf_changed":false,"footnotes":""},"class_list":["post-20168","page","type-page","status-publish","hentry"],"acf":[],"yoast_head":"<!-- This site is optimized with the Yoast SEO plugin v25.6 - https:\/\/yoast.com\/wordpress\/plugins\/seo\/ -->\n<title>Rentabilit\u00e4t - wibit sports<\/title>\n<meta name=\"robots\" content=\"noindex, follow, max-snippet:-1, max-image-preview:large, max-video-preview:-1\" \/>\n<meta property=\"og:locale\" content=\"de_DE\" \/>\n<meta property=\"og:type\" content=\"article\" \/>\n<meta property=\"og:title\" content=\"Rentabilit\u00e4t - wibit sports\" \/>\n<meta property=\"og:description\" content=\"[vc_row full_width=&#8220;stretch_row_content_no_spaces&#8220; el_class=&#8220;has-slider&#8220; css=&#8220;.vc_custom_1688368881350{padding-bottom: 0px !important;}&#8220; bb_tab_container=&#8220;&#8220;][vc_column smartphonebbresponsive=&#8220;.bb_custom_1578659107182{margin-bottom:30px!important;}&#8220;][slider_new slider_id=&#8220;slider-580188&#8243; arrows=&#8220;true&#8220; height_desktop=&#8220;80vh&#8220; height_tablet=&#8220;60vh&#8220; height_smartphone=&#8220;50vh&#8220;][slider_new_item img=&#8220;12332&#8243;][\/slider_new_item][\/slider_new][\/vc_column][\/vc_row][vc_row css_animation=&#8220;none&#8220;][vc_column css_animation=&#8220;none&#8220; offset=&#8220;vc_col-lg-offset-2 vc_col-lg-8 vc_col-md-offset-2 vc_col-md-8&#8243;][vc_column_text smartphonebbresponsive=&#8220;.bb_custom_1579182777145{margin-bottom:20px!important;}&#8220;] Er\u00f6ffne ein gewinnbringendes Unternehmen [\/vc_column_text][vc_column_text] Eine Wibit Kombination verwandelt deinen Strand oder dein Schwimmbad in einen sprichw\u00f6rtlichen Besuchermagneten und generiert stetig zus\u00e4tzlichen Umsatz \u2013 bei geringen Betriebskosten. Bei Wibit wissen wir, dass \u2013 abgesehen [&hellip;]\" \/>\n<meta property=\"og:url\" content=\"https:\/\/wibit.sechsp.de\/de\/starte-dein-rentables-business\/\" \/>\n<meta property=\"og:site_name\" content=\"wibit sports\" \/>\n<meta property=\"article:publisher\" content=\"https:\/\/www.facebook.com\/wibitsports\/\" \/>\n<meta property=\"article:modified_time\" content=\"2023-07-03T07:21:24+00:00\" \/>\n<meta name=\"twitter:card\" content=\"summary_large_image\" \/>\n<meta name=\"twitter:label1\" content=\"Gesch\u00e4tzte Lesezeit\" \/>\n\t<meta name=\"twitter:data1\" content=\"2\u00a0Minuten\" \/>\n<script type=\"application\/ld+json\" class=\"yoast-schema-graph\">{\"@context\":\"https:\/\/schema.org\",\"@graph\":[{\"@type\":\"WebPage\",\"@id\":\"https:\/\/wibit.sechsp.de\/de\/starte-dein-rentables-business\/\",\"url\":\"https:\/\/wibit.sechsp.de\/de\/starte-dein-rentables-business\/\",\"name\":\"Rentabilit\u00e4t - wibit sports\",\"isPartOf\":{\"@id\":\"https:\/\/wibit.sechsp.de\/de\/#website\"},\"datePublished\":\"2020-01-16T13:48:01+00:00\",\"dateModified\":\"2023-07-03T07:21:24+00:00\",\"breadcrumb\":{\"@id\":\"https:\/\/wibit.sechsp.de\/de\/starte-dein-rentables-business\/#breadcrumb\"},\"inLanguage\":\"de\",\"potentialAction\":[{\"@type\":\"ReadAction\",\"target\":[\"https:\/\/wibit.sechsp.de\/de\/starte-dein-rentables-business\/\"]}]},{\"@type\":\"BreadcrumbList\",\"@id\":\"https:\/\/wibit.sechsp.de\/de\/starte-dein-rentables-business\/#breadcrumb\",\"itemListElement\":[{\"@type\":\"ListItem\",\"position\":1,\"name\":\"Home\",\"item\":\"https:\/\/wibit.sechsp.de\/de\/\"},{\"@type\":\"ListItem\",\"position\":2,\"name\":\"Rentabilit\u00e4t\"}]},{\"@type\":\"WebSite\",\"@id\":\"https:\/\/wibit.sechsp.de\/de\/#website\",\"url\":\"https:\/\/wibit.sechsp.de\/de\/\",\"name\":\"wibit sports\",\"description\":\"We are waterpark!\",\"potentialAction\":[{\"@type\":\"SearchAction\",\"target\":{\"@type\":\"EntryPoint\",\"urlTemplate\":\"https:\/\/wibit.sechsp.de\/de\/?s={search_term_string}\"},\"query-input\":{\"@type\":\"PropertyValueSpecification\",\"valueRequired\":true,\"valueName\":\"search_term_string\"}}],\"inLanguage\":\"de\"}]}<\/script>\n<!-- \/ Yoast SEO plugin. -->","yoast_head_json":{"title":"Rentabilit\u00e4t - wibit sports","robots":{"index":"noindex","follow":"follow","max-snippet":"max-snippet:-1","max-image-preview":"max-image-preview:large","max-video-preview":"max-video-preview:-1"},"og_locale":"de_DE","og_type":"article","og_title":"Rentabilit\u00e4t - wibit sports","og_description":"[vc_row full_width=&#8220;stretch_row_content_no_spaces&#8220; el_class=&#8220;has-slider&#8220; css=&#8220;.vc_custom_1688368881350{padding-bottom: 0px !important;}&#8220; bb_tab_container=&#8220;&#8220;][vc_column smartphonebbresponsive=&#8220;.bb_custom_1578659107182{margin-bottom:30px!important;}&#8220;][slider_new slider_id=&#8220;slider-580188&#8243; arrows=&#8220;true&#8220; height_desktop=&#8220;80vh&#8220; height_tablet=&#8220;60vh&#8220; height_smartphone=&#8220;50vh&#8220;][slider_new_item img=&#8220;12332&#8243;][\/slider_new_item][\/slider_new][\/vc_column][\/vc_row][vc_row css_animation=&#8220;none&#8220;][vc_column css_animation=&#8220;none&#8220; offset=&#8220;vc_col-lg-offset-2 vc_col-lg-8 vc_col-md-offset-2 vc_col-md-8&#8243;][vc_column_text smartphonebbresponsive=&#8220;.bb_custom_1579182777145{margin-bottom:20px!important;}&#8220;] Er\u00f6ffne ein gewinnbringendes Unternehmen [\/vc_column_text][vc_column_text] Eine Wibit Kombination verwandelt deinen Strand oder dein Schwimmbad in einen sprichw\u00f6rtlichen Besuchermagneten und generiert stetig zus\u00e4tzlichen Umsatz \u2013 bei geringen Betriebskosten. Bei Wibit wissen wir, dass \u2013 abgesehen [&hellip;]","og_url":"https:\/\/wibit.sechsp.de\/de\/starte-dein-rentables-business\/","og_site_name":"wibit sports","article_publisher":"https:\/\/www.facebook.com\/wibitsports\/","article_modified_time":"2023-07-03T07:21:24+00:00","twitter_card":"summary_large_image","twitter_misc":{"Gesch\u00e4tzte Lesezeit":"2\u00a0Minuten"},"schema":{"@context":"https:\/\/schema.org","@graph":[{"@type":"WebPage","@id":"https:\/\/wibit.sechsp.de\/de\/starte-dein-rentables-business\/","url":"https:\/\/wibit.sechsp.de\/de\/starte-dein-rentables-business\/","name":"Rentabilit\u00e4t - wibit sports","isPartOf":{"@id":"https:\/\/wibit.sechsp.de\/de\/#website"},"datePublished":"2020-01-16T13:48:01+00:00","dateModified":"2023-07-03T07:21:24+00:00","breadcrumb":{"@id":"https:\/\/wibit.sechsp.de\/de\/starte-dein-rentables-business\/#breadcrumb"},"inLanguage":"de","potentialAction":[{"@type":"ReadAction","target":["https:\/\/wibit.sechsp.de\/de\/starte-dein-rentables-business\/"]}]},{"@type":"BreadcrumbList","@id":"https:\/\/wibit.sechsp.de\/de\/starte-dein-rentables-business\/#breadcrumb","itemListElement":[{"@type":"ListItem","position":1,"name":"Home","item":"https:\/\/wibit.sechsp.de\/de\/"},{"@type":"ListItem","position":2,"name":"Rentabilit\u00e4t"}]},{"@type":"WebSite","@id":"https:\/\/wibit.sechsp.de\/de\/#website","url":"https:\/\/wibit.sechsp.de\/de\/","name":"wibit sports","description":"We are waterpark!","potentialAction":[{"@type":"SearchAction","target":{"@type":"EntryPoint","urlTemplate":"https:\/\/wibit.sechsp.de\/de\/?s={search_term_string}"},"query-input":{"@type":"PropertyValueSpecification","valueRequired":true,"valueName":"search_term_string"}}],"inLanguage":"de"}]}},"_links":{"self":[{"href":"https:\/\/wibit.sechsp.de\/de\/wp-json\/wp\/v2\/pages\/20168","targetHints":{"allow":["GET"]}}],"collection":[{"href":"https:\/\/wibit.sechsp.de\/de\/wp-json\/wp\/v2\/pages"}],"about":[{"href":"https:\/\/wibit.sechsp.de\/de\/wp-json\/wp\/v2\/types\/page"}],"author":[{"embeddable":true,"href":"https:\/\/wibit.sechsp.de\/de\/wp-json\/wp\/v2\/users\/5"}],"replies":[{"embeddable":true,"href":"https:\/\/wibit.sechsp.de\/de\/wp-json\/wp\/v2\/comments?post=20168"}],"version-history":[{"count":6,"href":"https:\/\/wibit.sechsp.de\/de\/wp-json\/wp\/v2\/pages\/20168\/revisions"}],"predecessor-version":[{"id":44015,"href":"https:\/\/wibit.sechsp.de\/de\/wp-json\/wp\/v2\/pages\/20168\/revisions\/44015"}],"wp:attachment":[{"href":"https:\/\/wibit.sechsp.de\/de\/wp-json\/wp\/v2\/media?parent=20168"}],"curies":[{"name":"wp","href":"https:\/\/api.w.org\/{rel}","templated":true}]}}