{"id":20166,"date":"2020-01-16T09:13:01","date_gmt":"2020-01-16T08:13:01","guid":{"rendered":"https:\/\/wibit.sechsp.de\/pool-handling-made-easy\/"},"modified":"2023-07-03T09:32:26","modified_gmt":"2023-07-03T07:32:26","slug":"pool-handling-leicht-gemacht","status":"publish","type":"page","link":"https:\/\/wibit.sechsp.de\/de\/pool-handling-leicht-gemacht\/","title":{"rendered":"Pool-Handling leicht gemacht"},"content":{"rendered":"<div class=\"wpb-content-wrapper\"><p>[vc_row full_width=&#8220;stretch_row_content_no_spaces&#8220; el_class=&#8220;has-slider&#8220; css=&#8220;.vc_custom_1688369544527{padding-bottom: 0px !important;}&#8220; bb_tab_container=&#8220;&#8220;][vc_column smartphonebbresponsive=&#8220;.bb_custom_1578659107182{margin-bottom:30px!important;}&#8220;][slider_new slider_id=&#8220;slider-580188&#8243; arrows=&#8220;true&#8220; height_desktop=&#8220;80vh&#8220; height_tablet=&#8220;60vh&#8220; height_smartphone=&#8220;50vh&#8220;][slider_new_item img=&#8220;14096&#8243; alignment=&#8220;align_top_center&#8220;][\/slider_new_item][\/slider_new][\/vc_column][\/vc_row][vc_row css_animation=&#8220;none&#8220;][vc_column css_animation=&#8220;none&#8220; offset=&#8220;vc_col-lg-offset-2 vc_col-lg-8 vc_col-md-offset-2 vc_col-md-8&#8243;][vc_column_text smartphonebbresponsive=&#8220;.bb_custom_1579162747058{margin-bottom:20px!important;}&#8220;]<\/p>\n<div class=\"wpb_text_column wpb_content_element \">\n<div class=\"wpb_wrapper\">\n<h1 class=\"fauna-one\" style=\"text-align: center;\">Von der Installation bis zur Lagerung \u2013 Schwimmbadbetrieb leicht gemacht<\/h1>\n<\/div>\n<\/div>\n<p>[\/vc_column_text][vc_column_text]<\/p>\n<div class=\"wpb_text_column wpb_content_element \">\n<div class=\"wpb_wrapper\">\n<p style=\"text-align: center;\">Zur Gew\u00e4hrleistung der Sicherheit deiner Besucher ist es unabdingbar, dass deine Schwimmbadkombination ordnungsgem\u00e4\u00df verankert und aufgebaut ist.<\/p>\n<\/div>\n<\/div>\n<p>[\/vc_column_text][\/vc_column][\/vc_row][vc_row css_animation=&#8220;none&#8220;][vc_column css_animation=&#8220;none&#8220; offset=&#8220;vc_col-lg-offset-2 vc_col-lg-8 vc_col-md-offset-2 vc_col-md-8&#8243;][vertical_line][\/vc_column][\/vc_row][vc_row full_width=&#8220;stretch_row&#8220; css_animation=&#8220;bottom-to-top&#8220; el_id=&#8220;pool-installation&#8220; smartphonebbresponsive=&#8220;.bb_custom_1580296651335{padding-top:30px!important;padding-bottom:30px!important;background-color:#003865!important;}&#8220;][vc_column css_animation=&#8220;none&#8220; offset=&#8220;vc_col-lg-offset-1 vc_col-lg-10 vc_col-md-offset-1 vc_col-md-10&#8243;][vc_column_text css_animation=&#8220;none&#8220; smartphonebbresponsive=&#8220;.bb_custom_1579162864433{margin-bottom:20px!important;}&#8220;]<\/p>\n<div class=\"wpb_text_column wpb_content_element \">\n<div class=\"wpb_wrapper\">\n<h2 class=\"fauna-one text-white\" style=\"text-align: center;\">Installation im Schwimmbad<\/h2>\n<\/div>\n<\/div>\n<p>[\/vc_column_text][vc_column_text smartphonebbresponsive=&#8220;.bb_custom_1579162875661{margin-top:20px!important;}&#8220;]<\/p>\n<div class=\"wpb_text_column wpb_content_element \">\n<div class=\"wpb_wrapper\">\n<p class=\"text-white\" style=\"text-align: center;\">In Abh\u00e4ngigkeit von den bereits in deinem Schwimmbad vorhandenen Befestigungsm\u00f6glichkeiten k\u00f6nnen die Produkte auf drei verschiedene Weisen verankert werden:<\/p>\n<\/div>\n<\/div>\n<p>[\/vc_column_text][vc_row_inner el_class=&#8220;flex-row&#8220; smartphonebbresponsive=&#8220;.bb_custom_1578567227341{margin-top:30px!important;}&#8220;][vc_column_inner width=&#8220;1\/3&#8243;][vc_single_image image=&#8220;12223&#8243; img_size=&#8220;200&#215;200&#8243; add_caption=&#8220;yes&#8220; alignment=&#8220;center&#8220; style=&#8220;vc_box_circle&#8220; css_animation=&#8220;none&#8220;][vc_column_text css_animation=&#8220;none&#8220; el_class=&#8220;flex-1 flex-bottom&#8220; smartphonebbresponsive=&#8220;.bb_custom_1579163078608{margin-top:30px!important;margin-bottom:20px!important;}&#8220;]<\/p>\n<p class=\"text-white headline-h2\" style=\"text-align: center;\">Bungees<\/p>\n<p>[\/vc_column_text][vc_column_text css_animation=&#8220;none&#8220; smartphonebbresponsive=&#8220;.bb_custom_1579163144585{height:100px!important;}&#8220;]<\/p>\n<div class=\"wpb_text_column wpb_content_element bb_custom_1576742608423\">\n<div class=\"wpb_wrapper\">\n<p class=\"text-white\" style=\"text-align: center;\">Horizontale Verankerung deines PoolTracks am Beckenrand<\/p>\n<\/div>\n<\/div>\n<p>[\/vc_column_text][\/vc_column_inner][vc_column_inner width=&#8220;1\/3&#8243;][vc_single_image image=&#8220;10119&#8243; img_size=&#8220;200&#215;200&#8243; add_caption=&#8220;yes&#8220; alignment=&#8220;center&#8220; style=&#8220;vc_box_circle&#8220; css_animation=&#8220;none&#8220;][vc_column_text css_animation=&#8220;none&#8220; el_class=&#8220;flex-1 flex-bottom&#8220; smartphonebbresponsive=&#8220;.bb_custom_1579163108105{margin-top:30px!important;margin-bottom:20px!important;}&#8220;]<\/p>\n<p class=\"text-white headline-h2\" style=\"text-align: center;\">Ankers\u00e4cke<\/p>\n<p>[\/vc_column_text][vc_column_text css_animation=&#8220;none&#8220; smartphonebbresponsive=&#8220;.bb_custom_1579163153023{height:100px!important;}&#8220;]<\/p>\n<div class=\"wpb_text_column wpb_content_element bb_custom_1576742636126\">\n<div class=\"wpb_wrapper\">\n<p class=\"text-white\" style=\"text-align: center;\">Vertikale Verankerung deines PoolTracks am Beckenboden<\/p>\n<\/div>\n<\/div>\n<p>[\/vc_column_text][\/vc_column_inner][vc_column_inner width=&#8220;1\/3&#8243;][vc_single_image image=&#8220;10132&#8243; img_size=&#8220;200&#215;200&#8243; add_caption=&#8220;yes&#8220; alignment=&#8220;center&#8220; style=&#8220;vc_box_circle&#8220; css_animation=&#8220;none&#8220;][vc_column_text css_animation=&#8220;none&#8220; el_class=&#8220;flex-1 flex-bottom&#8220; smartphonebbresponsive=&#8220;.bb_custom_1579163123599{margin-top:30px!important;margin-bottom:20px!important;}&#8220;]<\/p>\n<p class=\"text-white headline-h2\" style=\"text-align: center;\">Pool Booms<\/p>\n<p>[\/vc_column_text][vc_column_text css_animation=&#8220;none&#8220; smartphonebbresponsive=&#8220;.bb_custom_1580991035300{height:100px!important;}&#8220;]<\/p>\n<div class=\"wpb_text_column wpb_content_element bb_custom_1576742680783\">\n<div class=\"wpb_wrapper\">\n<p class=\"text-white\" style=\"text-align: center;\">Horizontale Verankerung deines PoolTracks f\u00fcr maximale Sicherheit<\/p>\n<\/div>\n<\/div>\n<p>[\/vc_column_text][\/vc_column_inner][\/vc_row_inner][\/vc_column][\/vc_row][vc_row css_animation=&#8220;bottom-to-top&#8220;][vc_column css_animation=&#8220;none&#8220; offset=&#8220;vc_col-lg-offset-2 vc_col-lg-8 vc_col-md-offset-2 vc_col-md-8&#8243;][vertical_line][\/vc_column][\/vc_row][vc_row css_animation=&#8220;bottom-to-top&#8220; el_id=&#8220;pool-booms&#8220;][vc_column css_animation=&#8220;none&#8220; offset=&#8220;vc_col-lg-offset-1 vc_col-lg-10&#8243; smartphonebbresponsive=&#8220;.bb_custom_1578561222595{padding-top:30px!important;padding-right:30px!important;padding-bottom:30px!important;padding-left:30px!important;background-color:#003865!important;}&#8220;][vc_column_text smartphonebbresponsive=&#8220;.bb_custom_1579164211542{margin-bottom:20px!important;}&#8220; laptopbbresponsive=&#8220;.bb_custom_1579164211544{margin-bottom:30px!important;}&#8220;]<\/p>\n<h2 class=\"text-white\" style=\"text-align: center;\"><span class=\"fauna-one\">Was sind Pool Booms?<\/span><\/h2>\n<p>[\/vc_column_text][vc_row_inner equal_height=&#8220;yes&#8220; content_placement=&#8220;middle&#8220;][vc_column_inner offset=&#8220;vc_col-md-6&#8243;][vc_single_image image=&#8220;10132&#8243; img_size=&#8220;720&#215;480&#8243; alignment=&#8220;center&#8220; laptopbbresponsive=&#8220;.bb_custom_1579193561792{margin-right:-15px!important;margin-left:-60px!important;}&#8220; desktopbbresponsive=&#8220;.bb_custom_1579193561792{margin-left:-120px!important;}&#8220;][\/vc_column_inner][vc_column_inner smartphonebbresponsive=&#8220;.bb_custom_1575638337595{padding-top:15px!important;padding-bottom:15px!important;padding-left:15px!important;}&#8220; offset=&#8220;vc_col-md-6&#8243;][vc_column_text]<\/p>\n<p class=\"text-white\" style=\"text-align: center;\">Unsere <strong>T\u00dcV-zertifizierten<\/strong> Pool Booms gew\u00e4hrleisten eine sichere horizontale Verankerung der aufblasbaren Wibit Produkte und somit maximale Sicherheit f\u00fcr dein Schwimmbad. Pool Booms sind eine Alternative zum Bungee-Verankerungssystem mit <strong>dicker Schaumstoffummantelung zum Schutz vor Verrutschen oder -springen.<\/strong> Pool Booms ersetzen die vertikale Verankerung unserer Produkte und k\u00f6nnen mit vielen verschiedenen festinstallierten Vorrichtungen, z. B. Handl\u00e4ufe, Startbl\u00f6cke und Befestigungen f\u00fcr Schwimmleinen, verbunden werden.<\/p>\n<p>[\/vc_column_text][\/vc_column_inner][\/vc_row_inner][\/vc_column][\/vc_row][vc_row css_animation=&#8220;bottom-to-top&#8220;][vc_column css_animation=&#8220;none&#8220; offset=&#8220;vc_col-lg-offset-2 vc_col-lg-8 vc_col-md-offset-2 vc_col-md-8&#8243;][vertical_line][\/vc_column][\/vc_row][vc_row css_animation=&#8220;bottom-to-top&#8220;][vc_column][vc_column_text smartphonebbresponsive=&#8220;.bb_custom_1579251351429{margin-bottom:20px!important;}&#8220; laptopbbresponsive=&#8220;.bb_custom_1579251351430{margin-bottom:30px!important;}&#8220;]<\/p>\n<h2 style=\"text-align: center;\">Wie hoch sollte der Sicherheitsabstand sein?<\/h2>\n<p>[\/vc_column_text][\/vc_column][\/vc_row][vc_row css_animation=&#8220;bottom-to-top&#8220;][vc_column css_animation=&#8220;none&#8220; offset=&#8220;vc_col-lg-offset-1 vc_col-lg-10&#8243; smartphonebbresponsive=&#8220;.bb_custom_1578561222595{padding-top:30px!important;padding-right:30px!important;padding-bottom:30px!important;padding-left:30px!important;background-color:#003865!important;}&#8220;][vc_row_inner equal_height=&#8220;yes&#8220; content_placement=&#8220;middle&#8220;][vc_column_inner offset=&#8220;vc_col-md-6&#8243;][vc_single_image image=&#8220;11899&#8243; img_size=&#8220;720&#215;480&#8243; alignment=&#8220;center&#8220; laptopbbresponsive=&#8220;.bb_custom_1579195738329{margin-right:-15px!important;margin-left:-60px!important;}&#8220; desktopbbresponsive=&#8220;.bb_custom_1579195738330{margin-left:-120px!important;}&#8220;][\/vc_column_inner][vc_column_inner smartphonebbresponsive=&#8220;.bb_custom_1575638337595{padding-top:15px!important;padding-bottom:15px!important;padding-left:15px!important;}&#8220; offset=&#8220;vc_col-md-6&#8243;][vc_column_text]<\/p>\n<p class=\"text-white\" style=\"text-align: center;\">Aus Sicherheitsgr\u00fcnden erfordern alle Wibit Kombinationen einen Mindestabstand von 3 Metern zum Beckenrand und zu allen anderen harten Gegenst\u00e4nden.<\/p>\n<p>[\/vc_column_text][\/vc_column_inner][\/vc_row_inner][\/vc_column][\/vc_row][vc_row css_animation=&#8220;bottom-to-top&#8220;][vc_column css_animation=&#8220;none&#8220; offset=&#8220;vc_col-lg-offset-2 vc_col-lg-8 vc_col-md-offset-2 vc_col-md-8&#8243;][vertical_line][vc_column_text smartphonebbresponsive=&#8220;.bb_custom_1580144728927{margin-bottom:20px!important;}&#8220;]<\/p>\n<p class=\"headline-h3\" style=\"text-align: center;\">Unsere Mitarbeiter stehen dir mit Rat und Tat zur Seite und helfen dir gern bei der Entscheidung, welche Befestigungstechnik am besten f\u00fcr dein Produkt und Schwimmbad geeignet ist.<\/p>\n<p>[\/vc_column_text][cta id=&#8220;6152&#8243;][\/vc_column][\/vc_row][vc_row css_animation=&#8220;bottom-to-top&#8220;][vc_column css_animation=&#8220;none&#8220; offset=&#8220;vc_col-lg-offset-2 vc_col-lg-8 vc_col-md-offset-2 vc_col-md-8&#8243;][vertical_line][\/vc_column][\/vc_row][vc_row css_animation=&#8220;bottom-to-top&#8220; el_id=&#8220;pool-operation&#8220;][vc_column css_animation=&#8220;none&#8220; offset=&#8220;vc_col-lg-offset-1 vc_col-lg-10&#8243; smartphonebbresponsive=&#8220;.bb_custom_1578561222595{padding-top:30px!important;padding-right:30px!important;padding-bottom:30px!important;padding-left:30px!important;background-color:#003865!important;}&#8220;][vc_column_text smartphonebbresponsive=&#8220;.bb_custom_1579164511916{margin-bottom:20px!important;}&#8220; laptopbbresponsive=&#8220;.bb_custom_1579164511918{margin-bottom:30px!important;}&#8220;]<\/p>\n<h2 class=\"text-white\" style=\"text-align: center;\"><span class=\"fauna-one\">Schwimmbadbetrieb<\/span><\/h2>\n<p>[\/vc_column_text][vc_row_inner equal_height=&#8220;yes&#8220; content_placement=&#8220;middle&#8220;][vc_column_inner offset=&#8220;vc_col-md-6&#8243;][vc_single_image image=&#8220;13134&#8243; img_size=&#8220;720&#215;480&#8243; alignment=&#8220;center&#8220; laptopbbresponsive=&#8220;.bb_custom_1579686564540{margin-right:-15px!important;margin-left:-60px!important;}&#8220; desktopbbresponsive=&#8220;.bb_custom_1579686564541{margin-left:-120px!important;}&#8220;][\/vc_column_inner][vc_column_inner smartphonebbresponsive=&#8220;.bb_custom_1575638337595{padding-top:15px!important;padding-bottom:15px!important;padding-left:15px!important;}&#8220; offset=&#8220;vc_col-md-6&#8243;][vc_column_text]<\/p>\n<p class=\"text-white\" style=\"text-align: center;\">Wibit begleitet dich auf Schritt und Tritt beim Betrieb deines PoolTracks, denn deine eigene Zufriedenheit und die deiner Besucher liegen uns besonders am Herzen. Daher kannst du auf unser <strong>Know-how und jede Menge Tipps und Tricks zum Betrieb deiner Anlage<\/strong> z\u00e4hlen. Wir wollen n\u00e4mlich, dass dein Gesch\u00e4ft zum Erfolg wird.<\/p>\n<p>[\/vc_column_text][\/vc_column_inner][\/vc_row_inner][vc_row_inner equal_height=&#8220;yes&#8220; rtl_reverse=&#8220;yes&#8220; content_placement=&#8220;middle&#8220; smartphonebbresponsive=&#8220;.bb_custom_1581354724346{margin-top:30px!important;}&#8220; tabletbbresponsive=&#8220;.bb_custom_1581354724348{margin-top:0px!important;}&#8220;][vc_column_inner offset=&#8220;vc_col-md-6&#8243;][vc_single_image image=&#8220;13138&#8243; img_size=&#8220;720&#215;480&#8243; alignment=&#8220;center&#8220; laptopbbresponsive=&#8220;.bb_custom_1579686574176{margin-right:-60px!important;margin-left:-15px!important;}&#8220; desktopbbresponsive=&#8220;.bb_custom_1579686574177{margin-right:-120px!important;}&#8220;][\/vc_column_inner][vc_column_inner offset=&#8220;vc_col-md-6&#8243; smartphonebbresponsive=&#8220;.bb_custom_1575638230562{padding-top:15px!important;padding-right:15px!important;padding-bottom:15px!important;}&#8220;][vc_column_text]<\/p>\n<p class=\"text-white\" style=\"text-align: center;\">Dank des modularen Konzepts aller Wibit Produkte ist es ein Leichtes, eine Bridge gegen ein Cliff <strong>auszutauschen<\/strong> oder die <strong>L\u00e4nge <\/strong>deines PoolTracks von AquaDuel auf eine individuelle Kombination f\u00fcr <strong>besondere Anl\u00e4sse<\/strong> wie z. B. Kindergeburtstage anzupassen. Mit dem Wibit Verbindungssystem und den speziell konzipierten Sicherheits-Verbindungssch\u00fcrzen und Verbindungselementen sind Updates und Upgrades sicher und problemlos umzusetzen.<\/p>\n<p>[\/vc_column_text][\/vc_column_inner][\/vc_row_inner][\/vc_column][\/vc_row][vc_row css_animation=&#8220;bottom-to-top&#8220;][vc_column css_animation=&#8220;none&#8220; offset=&#8220;vc_col-lg-offset-2 vc_col-lg-8 vc_col-md-offset-2 vc_col-md-8&#8243;][vertical_line][\/vc_column][\/vc_row][vc_row css_animation=&#8220;bottom-to-top&#8220; el_id=&#8220;pool-maintenance-and-storage&#8220;][vc_column css_animation=&#8220;none&#8220; offset=&#8220;vc_col-lg-offset-2 vc_col-lg-8 vc_col-md-offset-2 vc_col-md-8&#8243;][vc_column_text smartphonebbresponsive=&#8220;.bb_custom_1579509839188{margin-bottom:20px!important;padding-bottom:-!important;}&#8220;]<\/p>\n<h2 style=\"text-align: center;\">Schwimmbadwartung &amp; Lagerung<\/h2>\n<p>[\/vc_column_text][vc_column_text smartphonebbresponsive=&#8220;.bb_custom_1579679851561{padding-bottom:-!important;}&#8220;]<\/p>\n<p style=\"text-align: center;\">Wie oft muss ich meine Produkte reinigen? Wie und wo kann ich sie am besten lagern? Was mach ich bei kleineren Reparaturen? Wibit ist bei all diesen Fragen f\u00fcr dich da. Unser<strong> Expertenteam<\/strong> und unsere <strong>umfangreiche Dokumentation mit Handb\u00fcchern und Videos<\/strong>, in denen die Nutzung und Wartung unserer Produkte beschrieben werden, garantieren dir einen reibungslosen Betrieb.<\/p>\n<p>[\/vc_column_text][vertical_line][vc_column_text css_animation=&#8220;bottom-to-top&#8220; smartphonebbresponsive=&#8220;.bb_custom_1581354741566{margin-bottom:20px!important;padding-bottom:-!important;}&#8220;]<\/p>\n<p class=\"headline-h3\" style=\"text-align: center;\">Lass uns dir helfen! Unsere Wibit Fachleute unterst\u00fctzen dich bei der Optimierung von Betrieb und Wartung deines Schwimmbads.<\/p>\n<p>[\/vc_column_text][cta id=&#8220;6152&#8243; css_animation=&#8220;bottom-to-top&#8220;][\/vc_column][\/vc_row][vc_row css_animation=&#8220;bottom-to-top&#8220;][vc_column css_animation=&#8220;none&#8220; offset=&#8220;vc_col-lg-offset-2 vc_col-lg-8 vc_col-md-offset-2 vc_col-md-8&#8243;][vertical_line][\/vc_column][\/vc_row][vc_row css_animation=&#8220;bottom-to-top&#8220;][vc_column css_animation=&#8220;none&#8220; offset=&#8220;vc_col-lg-offset-0 vc_col-md-offset-0&#8243;][vc_column_text smartphonebbresponsive=&#8220;.bb_custom_1581590739051{margin-bottom:30px!important;}&#8220;]<\/p>\n<h2 style=\"text-align: center;\"><span class=\"fauna-one\">\u00c4hnliche Themen<\/span><\/h2>\n<p>[\/vc_column_text][recommended_articles articles_select=&#8220;10182,10093,10183,10766&#8243; smartphonebbresponsive=&#8220;.bb_custom_1579193832521{margin-top:20px!important;}&#8220;][\/vc_column][\/vc_row]<\/p>\n<\/div>","protected":false},"excerpt":{"rendered":"<p>[vc_row full_width=&#8220;stretch_row_content_no_spaces&#8220; el_class=&#8220;has-slider&#8220; css=&#8220;.vc_custom_1688369544527{padding-bottom: 0px !important;}&#8220; bb_tab_container=&#8220;&#8220;][vc_column smartphonebbresponsive=&#8220;.bb_custom_1578659107182{margin-bottom:30px!important;}&#8220;][slider_new slider_id=&#8220;slider-580188&#8243; arrows=&#8220;true&#8220; height_desktop=&#8220;80vh&#8220; height_tablet=&#8220;60vh&#8220; height_smartphone=&#8220;50vh&#8220;][slider_new_item img=&#8220;14096&#8243; alignment=&#8220;align_top_center&#8220;][\/slider_new_item][\/slider_new][\/vc_column][\/vc_row][vc_row css_animation=&#8220;none&#8220;][vc_column css_animation=&#8220;none&#8220; offset=&#8220;vc_col-lg-offset-2 vc_col-lg-8 vc_col-md-offset-2 vc_col-md-8&#8243;][vc_column_text smartphonebbresponsive=&#8220;.bb_custom_1579162747058{margin-bottom:20px!important;}&#8220;] Von der Installation bis zur Lagerung \u2013 Schwimmbadbetrieb leicht gemacht [\/vc_column_text][vc_column_text] Zur Gew\u00e4hrleistung der Sicherheit deiner Besucher ist es unabdingbar, dass deine Schwimmbadkombination ordnungsgem\u00e4\u00df verankert und aufgebaut ist. [\/vc_column_text][\/vc_column][\/vc_row][vc_row css_animation=&#8220;none&#8220;][vc_column css_animation=&#8220;none&#8220; offset=&#8220;vc_col-lg-offset-2 vc_col-lg-8 [&hellip;]<\/p>\n","protected":false},"author":5,"featured_media":0,"parent":0,"menu_order":48,"comment_status":"closed","ping_status":"closed","template":"","meta":{"_acf_changed":false,"footnotes":""},"class_list":["post-20166","page","type-page","status-publish","hentry"],"acf":[],"yoast_head":"<!-- This site is optimized with the Yoast SEO plugin v25.6 - https:\/\/yoast.com\/wordpress\/plugins\/seo\/ -->\n<title>Pool-Handling leicht gemacht - wibit sports<\/title>\n<meta name=\"robots\" content=\"noindex, follow, max-snippet:-1, max-image-preview:large, max-video-preview:-1\" \/>\n<meta property=\"og:locale\" content=\"de_DE\" \/>\n<meta property=\"og:type\" content=\"article\" \/>\n<meta property=\"og:title\" content=\"Pool-Handling leicht gemacht - wibit sports\" \/>\n<meta property=\"og:description\" content=\"[vc_row full_width=&#8220;stretch_row_content_no_spaces&#8220; el_class=&#8220;has-slider&#8220; css=&#8220;.vc_custom_1688369544527{padding-bottom: 0px !important;}&#8220; bb_tab_container=&#8220;&#8220;][vc_column smartphonebbresponsive=&#8220;.bb_custom_1578659107182{margin-bottom:30px!important;}&#8220;][slider_new slider_id=&#8220;slider-580188&#8243; arrows=&#8220;true&#8220; height_desktop=&#8220;80vh&#8220; height_tablet=&#8220;60vh&#8220; height_smartphone=&#8220;50vh&#8220;][slider_new_item img=&#8220;14096&#8243; alignment=&#8220;align_top_center&#8220;][\/slider_new_item][\/slider_new][\/vc_column][\/vc_row][vc_row css_animation=&#8220;none&#8220;][vc_column css_animation=&#8220;none&#8220; offset=&#8220;vc_col-lg-offset-2 vc_col-lg-8 vc_col-md-offset-2 vc_col-md-8&#8243;][vc_column_text smartphonebbresponsive=&#8220;.bb_custom_1579162747058{margin-bottom:20px!important;}&#8220;] Von der Installation bis zur Lagerung \u2013 Schwimmbadbetrieb leicht gemacht [\/vc_column_text][vc_column_text] Zur Gew\u00e4hrleistung der Sicherheit deiner Besucher ist es unabdingbar, dass deine Schwimmbadkombination ordnungsgem\u00e4\u00df verankert und aufgebaut ist. [\/vc_column_text][\/vc_column][\/vc_row][vc_row css_animation=&#8220;none&#8220;][vc_column css_animation=&#8220;none&#8220; offset=&#8220;vc_col-lg-offset-2 vc_col-lg-8 [&hellip;]\" \/>\n<meta property=\"og:url\" content=\"https:\/\/wibit.sechsp.de\/de\/pool-handling-leicht-gemacht\/\" \/>\n<meta property=\"og:site_name\" content=\"wibit sports\" \/>\n<meta property=\"article:publisher\" content=\"https:\/\/www.facebook.com\/wibitsports\/\" \/>\n<meta property=\"article:modified_time\" content=\"2023-07-03T07:32:26+00:00\" \/>\n<meta name=\"twitter:card\" content=\"summary_large_image\" \/>\n<meta name=\"twitter:label1\" content=\"Gesch\u00e4tzte Lesezeit\" \/>\n\t<meta name=\"twitter:data1\" content=\"4\u00a0Minuten\" \/>\n<script type=\"application\/ld+json\" class=\"yoast-schema-graph\">{\"@context\":\"https:\/\/schema.org\",\"@graph\":[{\"@type\":\"WebPage\",\"@id\":\"https:\/\/wibit.sechsp.de\/de\/pool-handling-leicht-gemacht\/\",\"url\":\"https:\/\/wibit.sechsp.de\/de\/pool-handling-leicht-gemacht\/\",\"name\":\"Pool-Handling leicht gemacht - wibit sports\",\"isPartOf\":{\"@id\":\"https:\/\/wibit.sechsp.de\/de\/#website\"},\"datePublished\":\"2020-01-16T08:13:01+00:00\",\"dateModified\":\"2023-07-03T07:32:26+00:00\",\"breadcrumb\":{\"@id\":\"https:\/\/wibit.sechsp.de\/de\/pool-handling-leicht-gemacht\/#breadcrumb\"},\"inLanguage\":\"de\",\"potentialAction\":[{\"@type\":\"ReadAction\",\"target\":[\"https:\/\/wibit.sechsp.de\/de\/pool-handling-leicht-gemacht\/\"]}]},{\"@type\":\"BreadcrumbList\",\"@id\":\"https:\/\/wibit.sechsp.de\/de\/pool-handling-leicht-gemacht\/#breadcrumb\",\"itemListElement\":[{\"@type\":\"ListItem\",\"position\":1,\"name\":\"Home\",\"item\":\"https:\/\/wibit.sechsp.de\/de\/\"},{\"@type\":\"ListItem\",\"position\":2,\"name\":\"Pool-Handling leicht gemacht\"}]},{\"@type\":\"WebSite\",\"@id\":\"https:\/\/wibit.sechsp.de\/de\/#website\",\"url\":\"https:\/\/wibit.sechsp.de\/de\/\",\"name\":\"wibit sports\",\"description\":\"We are waterpark!\",\"potentialAction\":[{\"@type\":\"SearchAction\",\"target\":{\"@type\":\"EntryPoint\",\"urlTemplate\":\"https:\/\/wibit.sechsp.de\/de\/?s={search_term_string}\"},\"query-input\":{\"@type\":\"PropertyValueSpecification\",\"valueRequired\":true,\"valueName\":\"search_term_string\"}}],\"inLanguage\":\"de\"}]}<\/script>\n<!-- \/ Yoast SEO plugin. -->","yoast_head_json":{"title":"Pool-Handling leicht gemacht - wibit sports","robots":{"index":"noindex","follow":"follow","max-snippet":"max-snippet:-1","max-image-preview":"max-image-preview:large","max-video-preview":"max-video-preview:-1"},"og_locale":"de_DE","og_type":"article","og_title":"Pool-Handling leicht gemacht - wibit sports","og_description":"[vc_row full_width=&#8220;stretch_row_content_no_spaces&#8220; el_class=&#8220;has-slider&#8220; css=&#8220;.vc_custom_1688369544527{padding-bottom: 0px !important;}&#8220; bb_tab_container=&#8220;&#8220;][vc_column smartphonebbresponsive=&#8220;.bb_custom_1578659107182{margin-bottom:30px!important;}&#8220;][slider_new slider_id=&#8220;slider-580188&#8243; arrows=&#8220;true&#8220; height_desktop=&#8220;80vh&#8220; height_tablet=&#8220;60vh&#8220; height_smartphone=&#8220;50vh&#8220;][slider_new_item img=&#8220;14096&#8243; alignment=&#8220;align_top_center&#8220;][\/slider_new_item][\/slider_new][\/vc_column][\/vc_row][vc_row css_animation=&#8220;none&#8220;][vc_column css_animation=&#8220;none&#8220; offset=&#8220;vc_col-lg-offset-2 vc_col-lg-8 vc_col-md-offset-2 vc_col-md-8&#8243;][vc_column_text smartphonebbresponsive=&#8220;.bb_custom_1579162747058{margin-bottom:20px!important;}&#8220;] Von der Installation bis zur Lagerung \u2013 Schwimmbadbetrieb leicht gemacht [\/vc_column_text][vc_column_text] Zur Gew\u00e4hrleistung der Sicherheit deiner Besucher ist es unabdingbar, dass deine Schwimmbadkombination ordnungsgem\u00e4\u00df verankert und aufgebaut ist. [\/vc_column_text][\/vc_column][\/vc_row][vc_row css_animation=&#8220;none&#8220;][vc_column css_animation=&#8220;none&#8220; offset=&#8220;vc_col-lg-offset-2 vc_col-lg-8 [&hellip;]","og_url":"https:\/\/wibit.sechsp.de\/de\/pool-handling-leicht-gemacht\/","og_site_name":"wibit sports","article_publisher":"https:\/\/www.facebook.com\/wibitsports\/","article_modified_time":"2023-07-03T07:32:26+00:00","twitter_card":"summary_large_image","twitter_misc":{"Gesch\u00e4tzte Lesezeit":"4\u00a0Minuten"},"schema":{"@context":"https:\/\/schema.org","@graph":[{"@type":"WebPage","@id":"https:\/\/wibit.sechsp.de\/de\/pool-handling-leicht-gemacht\/","url":"https:\/\/wibit.sechsp.de\/de\/pool-handling-leicht-gemacht\/","name":"Pool-Handling leicht gemacht - wibit sports","isPartOf":{"@id":"https:\/\/wibit.sechsp.de\/de\/#website"},"datePublished":"2020-01-16T08:13:01+00:00","dateModified":"2023-07-03T07:32:26+00:00","breadcrumb":{"@id":"https:\/\/wibit.sechsp.de\/de\/pool-handling-leicht-gemacht\/#breadcrumb"},"inLanguage":"de","potentialAction":[{"@type":"ReadAction","target":["https:\/\/wibit.sechsp.de\/de\/pool-handling-leicht-gemacht\/"]}]},{"@type":"BreadcrumbList","@id":"https:\/\/wibit.sechsp.de\/de\/pool-handling-leicht-gemacht\/#breadcrumb","itemListElement":[{"@type":"ListItem","position":1,"name":"Home","item":"https:\/\/wibit.sechsp.de\/de\/"},{"@type":"ListItem","position":2,"name":"Pool-Handling leicht gemacht"}]},{"@type":"WebSite","@id":"https:\/\/wibit.sechsp.de\/de\/#website","url":"https:\/\/wibit.sechsp.de\/de\/","name":"wibit sports","description":"We are waterpark!","potentialAction":[{"@type":"SearchAction","target":{"@type":"EntryPoint","urlTemplate":"https:\/\/wibit.sechsp.de\/de\/?s={search_term_string}"},"query-input":{"@type":"PropertyValueSpecification","valueRequired":true,"valueName":"search_term_string"}}],"inLanguage":"de"}]}},"_links":{"self":[{"href":"https:\/\/wibit.sechsp.de\/de\/wp-json\/wp\/v2\/pages\/20166","targetHints":{"allow":["GET"]}}],"collection":[{"href":"https:\/\/wibit.sechsp.de\/de\/wp-json\/wp\/v2\/pages"}],"about":[{"href":"https:\/\/wibit.sechsp.de\/de\/wp-json\/wp\/v2\/types\/page"}],"author":[{"embeddable":true,"href":"https:\/\/wibit.sechsp.de\/de\/wp-json\/wp\/v2\/users\/5"}],"replies":[{"embeddable":true,"href":"https:\/\/wibit.sechsp.de\/de\/wp-json\/wp\/v2\/comments?post=20166"}],"version-history":[{"count":8,"href":"https:\/\/wibit.sechsp.de\/de\/wp-json\/wp\/v2\/pages\/20166\/revisions"}],"predecessor-version":[{"id":44054,"href":"https:\/\/wibit.sechsp.de\/de\/wp-json\/wp\/v2\/pages\/20166\/revisions\/44054"}],"wp:attachment":[{"href":"https:\/\/wibit.sechsp.de\/de\/wp-json\/wp\/v2\/media?parent=20166"}],"curies":[{"name":"wp","href":"https:\/\/api.w.org\/{rel}","templated":true}]}}