{"id":20163,"date":"2020-01-15T14:07:01","date_gmt":"2020-01-15T13:07:01","guid":{"rendered":"https:\/\/wibit.sechsp.de\/wibit-tag\/"},"modified":"2024-11-28T15:23:20","modified_gmt":"2024-11-28T14:23:20","slug":"wibit-tag","status":"publish","type":"page","link":"https:\/\/wibit.sechsp.de\/de\/wibit-tag\/","title":{"rendered":"WibitTAG"},"content":{"rendered":"<div class=\"wpb-content-wrapper\"><p>[vc_row full_width=&#8220;stretch_row_content_no_spaces&#8220; el_class=&#8220;has-slider&#8220; smartphonebbresponsive=&#8220;.bb_custom_1688368790115{display:none!important;}&#8220; desktopbbresponsive=&#8220;.bb_custom_1688368790116{display:block!important;}&#8220; css=&#8220;.vc_custom_1688368790114{padding-bottom: 0px !important;}&#8220;][vc_column smartphonebbresponsive=&#8220;.bb_custom_1578659107182{margin-bottom:30px!important;}&#8220;][slider_new slider_id=&#8220;slider-580188&#8243; arrows=&#8220;true&#8220; height_desktop=&#8220;80vh&#8220; height_tablet=&#8220;60vh&#8220; height_smartphone=&#8220;50vh&#8220;][slider_new_item type=&#8220;video&#8220; video_mp4=&#8220;https:\/\/wibit.sechsp.de\/wordpress\/wp-content\/uploads\/2020\/02\/Wibit_WibitTAG_5sec_2020_Titelslider.mp4&#8243; muted=&#8220;true&#8220; autoplay=&#8220;true&#8220;][\/slider_new_item][\/slider_new][\/vc_column][\/vc_row][vc_row css_animation=&#8220;none&#8220;][vc_column css_animation=&#8220;none&#8220; offset=&#8220;vc_col-lg-offset-2 vc_col-lg-8 vc_col-md-offset-2 vc_col-md-8&#8243;][vc_column_text smartphonebbresponsive=&#8220;.bb_custom_1579094099408{margin-bottom:20px!important;}&#8220;]<\/p>\n<h1 class=\"fauna-one\" style=\"text-align: center;\">Verbreite deine Botschaft mit WibitTAG!<\/h1>\n<p>[\/vc_column_text][vc_column_text smartphonebbresponsive=&#8220;.bb_custom_1579094459135{margin-bottom:30px!important;}&#8220;]<\/p>\n<p style=\"text-align: center;\">Suchst du nach einer komplett neuen und <strong>revolution\u00e4ren<\/strong> Art der Kommunikation? Mit WibitTAG k\u00f6nnen Ferienanlagen, St\u00e4dte, L\u00e4nder und selbst Privatbetreiber ihre am Wasser gelegenen Standorte in einen absoluten Eyecatcher verwandeln, der sowohl von Land als auch von Wasser aus ins Auge sticht, was ihnen <strong>Kultstatus<\/strong> verleiht und ihnen <strong>ein einzigartiges Kommunikationstool an die Hand gibt.<\/strong><\/p>\n<p>[\/vc_column_text][vc_single_image image=&#8220;18167&#8243; img_size=&#8220;full&#8220; alignment=&#8220;center&#8220; tabletbbresponsive=&#8220;.bb_custom_1582038805318{margin-top:-150px!important;margin-bottom:-150px!important;}&#8220; smartphonebbresponsive=&#8220;.bb_custom_1582038805317{margin-top:-100px!important;margin-bottom:-100px!important;}&#8220;][vertical_line][\/vc_column][\/vc_row][vc_row css_animation=&#8220;bottom-to-top&#8220;][vc_column css_animation=&#8220;none&#8220; offset=&#8220;vc_col-lg-offset-2 vc_col-lg-8 vc_col-md-offset-2 vc_col-md-8&#8243;][vc_column_text smartphonebbresponsive=&#8220;.bb_custom_1579183307397{margin-bottom:30px!important;}&#8220;]<\/p>\n<p style=\"text-align: center;\">Die modularen Wibit Produkte werden durch das innovative WibitTAG System zu individuellen Schriftz\u00fcgen aus Buchstaben, Zahlen oder Symbolen verbunden, die auf dem Wasser weithin sichtbar und aus der Vogelperspektive optimal lesbar sind. Orten wie INDONESIEN, DUBAI oder CANCUN und angesagten Marken er\u00f6ffnen sich dadurch neue und einzigartige M\u00f6glichkeiten, ihren <strong>Bekanntheitsgrad aufmerksamkeitsstark zu steigern.<\/strong><\/p>\n<p>[\/vc_column_text][\/vc_column][\/vc_row][vc_row css_animation=&#8220;bottom-to-top&#8220;][vc_column offset=&#8220;vc_col-lg-offset-1 vc_col-lg-10 vc_col-md-offset-1 vc_col-md-10&#8243;][masonry_gallery type=&#8220;slider-thumbnails&#8220; slider_id=&#8220;slider-40088&#8243; pause=&#8220;2000&#8243; css_animation=&#8220;bottom-to-top&#8220; single_image_object_fit=&#8220;true&#8220; images=&#8220;47342,47398,47343,47344,7674,11677,11671,11607,11692,13214&#8243; smartphonebbresponsive=&#8220;.bb_custom_1732803788857{height:220px!important;}&#8220; tabletbbresponsive=&#8220;.bb_custom_1732803788858{height:400px!important;}&#8220; laptopbbresponsive=&#8220;.bb_custom_1732803788858{height:650px!important;}&#8220; bb_tab_container=&#8220;&#8220;][vertical_line][\/vc_column][\/vc_row][vc_row css_animation=&#8220;bottom-to-top&#8220; el_id=&#8220;Stufenbox&#8220;][vc_column css_animation=&#8220;none&#8220; offset=&#8220;vc_col-lg-offset-1 vc_col-lg-10&#8243; smartphonebbresponsive=&#8220;.bb_custom_1578561222595{padding-top:30px!important;padding-right:30px!important;padding-bottom:30px!important;padding-left:30px!important;background-color:#003865!important;}&#8220;][vc_row_inner equal_height=&#8220;yes&#8220; content_placement=&#8220;middle&#8220;][vc_column_inner offset=&#8220;vc_col-md-6&#8243;][vc_single_image image=&#8220;9534&#8243; img_size=&#8220;720&#215;480&#8243; laptopbbresponsive=&#8220;.bb_custom_1579081742938{margin-right:-15px!important;margin-left:-60px!important;}&#8220; desktopbbresponsive=&#8220;.bb_custom_1579081742938{margin-left:-120px!important;}&#8220;][\/vc_column_inner][vc_column_inner smartphonebbresponsive=&#8220;.bb_custom_1575638321988{padding-top:15px!important;padding-bottom:15px!important;padding-left:15px!important;}&#8220; offset=&#8220;vc_col-md-6&#8243;][vc_column_text]<\/p>\n<p class=\"text-white\" style=\"text-align: center;\">Deine Besucher werden es kaum erwarten k\u00f6nnen, ihren Spa\u00df zu teilen, und werden ihren Freunden auf <a href=\"https:\/\/www.instagram.com\/wibit\/\">Instagram<\/a>, <a href=\"https:\/\/www.facebook.com\/wibitsports\/\">Facebook<\/a> oder <strong>TripAdvisor <\/strong>deine Location empfehlen.<strong>\u00a0<\/strong><\/p>\n<p>[\/vc_column_text][\/vc_column_inner][\/vc_row_inner][\/vc_column][\/vc_row][vc_row full_width=&#8220;stretch_row&#8220; css_animation=&#8220;bottom-to-top&#8220; el_id=&#8220;wibits_products&#8220;][vc_column css_animation=&#8220;none&#8220; offset=&#8220;vc_col-lg-offset-1 vc_col-lg-10 vc_col-md-offset-1 vc_col-md-10&#8243;][vertical_line][vc_column_text smartphonebbresponsive=&#8220;.bb_custom_1580710972284{margin-top:20px!important;}&#8220;]<\/p>\n<p class=\"text-black\" style=\"text-align: center;\">Fotos aus der Luft wirken wie ein <strong>Postkartenmotiv<\/strong> und werden sich im Handumdrehen zum neuen Key-Visual f\u00fcr jede Location entwickeln, das sich in null Komma nichts viral \u00fcber Suchmaschinen und soziale Netzwerke verbreitet.<\/p>\n<p>[\/vc_column_text][\/vc_column][\/vc_row][vc_row full_width=&#8220;stretch_row&#8220; css_animation=&#8220;bottom-to-top&#8220; smartphonebbresponsive=&#8220;.bb_custom_1581078791943{display:none!important;}&#8220; tabletbbresponsive=&#8220;.bb_custom_1581078791946{display:block!important;}&#8220;][vc_column css_animation=&#8220;none&#8220; offset=&#8220;vc_col-lg-offset-1 vc_col-lg-10 vc_col-md-offset-1 vc_col-md-10&#8243;][vc_row_inner smartphonebbresponsive=&#8220;.bb_custom_1578567219387{margin-top:30px!important;}&#8220;][vc_column_inner width=&#8220;1\/4&#8243;][vc_single_image image=&#8220;14254&#8243; alignment=&#8220;center&#8220; style=&#8220;vc_box_circle&#8220; css_animation=&#8220;none&#8220;][vc_column_text smartphonebbresponsive=&#8220;.bb_custom_1579095334671{margin-top:30px!important;margin-bottom:20px!important;}&#8220;]<\/p>\n<h3 style=\"text-align: center;\">Innovativ<\/h3>\n<p>[\/vc_column_text][vc_column_text]<\/p>\n<p class=\"text-black\" style=\"text-align: center;\">Einzigartiges Verbindungssystem f\u00fcr Buchstaben<\/p>\n<p>[\/vc_column_text][\/vc_column_inner][vc_column_inner width=&#8220;1\/4&#8243;][vc_single_image image=&#8220;2825&#8243; alignment=&#8220;center&#8220; style=&#8220;vc_box_circle&#8220; css_animation=&#8220;none&#8220;][vc_column_text smartphonebbresponsive=&#8220;.bb_custom_1579095384453{margin-top:30px!important;margin-bottom:20px!important;}&#8220;]<\/p>\n<h3 style=\"text-align: center;\">Fun, Fun und nochmals Fun<\/h3>\n<p>[\/vc_column_text][vc_column_text]<\/p>\n<p class=\"text-black\" style=\"text-align: center;\">Mindestens genauso viel Spa\u00df wie in einem normalen SportsPark<\/p>\n<p>[\/vc_column_text][\/vc_column_inner][vc_column_inner width=&#8220;1\/4&#8243;][vc_single_image image=&#8220;11677&#8243; alignment=&#8220;center&#8220; style=&#8220;vc_box_circle&#8220; css_animation=&#8220;none&#8220;][vc_column_text smartphonebbresponsive=&#8220;.bb_custom_1579095391638{margin-top:30px!important;margin-bottom:20px!important;}&#8220;]<\/p>\n<h3 style=\"text-align: center;\">Individuell<\/h3>\n<p>[\/vc_column_text][vc_column_text]<\/p>\n<p class=\"text-black\" style=\"text-align: center;\">Gestalte deine eigene Botschaft<\/p>\n<p>[\/vc_column_text][\/vc_column_inner][vc_column_inner width=&#8220;1\/4&#8243;][vc_single_image image=&#8220;2663&#8243; alignment=&#8220;center&#8220; style=&#8220;vc_box_circle&#8220; css_animation=&#8220;none&#8220;][vc_column_text smartphonebbresponsive=&#8220;.bb_custom_1579095399701{margin-top:30px!important;margin-bottom:20px!important;}&#8220;]<\/p>\n<h3 style=\"text-align: center;\">Kommunikativ<\/h3>\n<p>[\/vc_column_text][vc_column_text]<\/p>\n<p class=\"text-black\" style=\"text-align: center;\">Perfekt f\u00fcr Fotos und soziale Medien<\/p>\n<p>[\/vc_column_text][\/vc_column_inner][\/vc_row_inner][\/vc_column][\/vc_row][vc_row full_width=&#8220;stretch_row&#8220; css_animation=&#8220;bottom-to-top&#8220; tabletbbresponsive=&#8220;.bb_custom_1581078808921{display:none!important;}&#8220;][vc_column css_animation=&#8220;none&#8220; offset=&#8220;vc_col-lg-offset-1 vc_col-lg-10 vc_col-md-offset-1 vc_col-md-10&#8243; smartphonebbresponsive=&#8220;.bb_custom_1581078857094{margin-top:30px!important;}&#8220;][vc_tta_pageable][vc_tta_section title=&#8220;Abschnitt 1&#8243; tab_id=&#8220;1581078649452-d3625f02-7806&#8243;][vc_single_image image=&#8220;14254&#8243; alignment=&#8220;center&#8220; style=&#8220;vc_box_circle&#8220; css_animation=&#8220;none&#8220;][vc_column_text smartphonebbresponsive=&#8220;.bb_custom_1579095334671{margin-top:30px!important;margin-bottom:20px!important;}&#8220;]<\/p>\n<h3 style=\"text-align: center;\">Innovativ<\/h3>\n<p>[\/vc_column_text][vc_column_text]<\/p>\n<p class=\"text-black\" style=\"text-align: center;\">Patentiertes Verbindungssystem f\u00fcr Buchstaben<\/p>\n<p>[\/vc_column_text][\/vc_tta_section][vc_tta_section title=&#8220;Abschnitt 2&#8243; tab_id=&#8220;1581078649531-16e37da6-de88&#8243;][vc_single_image image=&#8220;2825&#8243; alignment=&#8220;center&#8220; style=&#8220;vc_box_circle&#8220; css_animation=&#8220;none&#8220;][vc_column_text smartphonebbresponsive=&#8220;.bb_custom_1579095384453{margin-top:30px!important;margin-bottom:20px!important;}&#8220;]<\/p>\n<h3 style=\"text-align: center;\">Fun, Fun und nochmals Fun<\/h3>\n<p>[\/vc_column_text][vc_column_text]<\/p>\n<p class=\"text-black\" style=\"text-align: center;\">Mindestens genauso viel Spa\u00df wie in einem normalen SportsPark<\/p>\n<p>[\/vc_column_text][\/vc_tta_section][vc_tta_section title=&#8220;Abschnitt 3&#8243; tab_id=&#8220;1581078721045-08385a78-9b07&#8243;][vc_single_image image=&#8220;11677&#8243; alignment=&#8220;center&#8220; style=&#8220;vc_box_circle&#8220; css_animation=&#8220;none&#8220;][vc_column_text smartphonebbresponsive=&#8220;.bb_custom_1579095391638{margin-top:30px!important;margin-bottom:20px!important;}&#8220;]<\/p>\n<h3 style=\"text-align: center;\">Individuell<\/h3>\n<p>[\/vc_column_text][vc_column_text]<\/p>\n<p class=\"text-black\" style=\"text-align: center;\">Gestalte deine eigene Botschaft<\/p>\n<p>[\/vc_column_text][\/vc_tta_section][vc_tta_section title=&#8220;Abschnitt 4&#8243; tab_id=&#8220;1581078738767-3920a733-92ab&#8220;][vc_single_image image=&#8220;2663&#8243; alignment=&#8220;center&#8220; style=&#8220;vc_box_circle&#8220; css_animation=&#8220;none&#8220;][vc_column_text smartphonebbresponsive=&#8220;.bb_custom_1579095399701{margin-top:30px!important;margin-bottom:20px!important;}&#8220;]<\/p>\n<h3 style=\"text-align: center;\">Kommunikativ<\/h3>\n<p>[\/vc_column_text][vc_column_text]<\/p>\n<p class=\"text-black\" style=\"text-align: center;\">Perfekt f\u00fcr Fotos und soziale Medien<\/p>\n<p>[\/vc_column_text][\/vc_tta_section][\/vc_tta_pageable][\/vc_column][\/vc_row][vc_row][vc_column][vertical_line][vc_video link=&#8220;https:\/\/vimeo.com\/388165609&#8243;][vertical_line][\/vc_column][\/vc_row][vc_row full_width=&#8220;stretch_row&#8220; css_animation=&#8220;bottom-to-top&#8220; el_id=&#8220;super_quote&#8220; smartphonebbresponsive=&#8220;.bb_custom_1579095721649{padding-top:30px!important;padding-bottom:20px!important;border-color:#003865!important;background-color:#003865!important;}&#8220;][vc_column css_animation=&#8220;none&#8220; offset=&#8220;vc_col-lg-offset-1 vc_col-lg-10 vc_col-md-offset-1 vc_col-md-10&#8243;][vc_single_image image=&#8220;11278&#8243; alignment=&#8220;center&#8220; style=&#8220;vc_box_circle&#8220; tabletbbresponsive=&#8220;.bb_custom_1581077970719{padding-top:0px!important;padding-bottom:0px!important;}&#8220; css=&#8220;.vc_custom_1579097439751{margin-top: 0px !important;}&#8220;][vc_column_text css_animation=&#8220;none&#8220; tabletbbresponsive=&#8220;.bb_custom_1579098159350{margin-bottom:20px!important;}&#8220; smartphonebbresponsive=&#8220;.bb_custom_1579098159348{padding-top:10px!important;padding-bottom:10px!important;}&#8220;]<\/p>\n<p class=\"text-white\" style=\"text-align: center;\"><strong>Yudiansah Yosal<\/strong>, Inhaber<strong><br \/>\n<\/strong>Aquadreamland Bali, Indonesien, gr\u00f6\u00dfter aufblasbarer Wasserpark der Welt mit Eintrag im Guinness-Buch der Rekorde (Guinness World Records&#x2122;)<\/p>\n<p>[\/vc_column_text][vc_column_text css_animation=&#8220;none&#8220;]<\/p>\n<p class=\"headline-h3 text-white\" style=\"text-align: center;\">\u201eDie ganze Region ist unheimlich stolz darauf, den gr\u00f6\u00dften Wasserpark der Welt und den ersten Wibit SportsPark in Bali zu er\u00f6ffnen. Wir sind fest davon \u00fcberzeugt, dass der Park ein gro\u00dfer Erfolg f\u00fcr unsere einheimischen Unternehmen wird, da er tausende Ortsans\u00e4ssige und Besucher anzieht.\u201c<\/p>\n<p>[\/vc_column_text][vc_single_image image=&#8220;11785&#8243; img_size=&#8220;full&#8220; smartphonebbresponsive=&#8220;.bb_custom_1579189083192{margin-top:30px!important;margin-bottom:10px!important;}&#8220;][cta id=&#8220;17334&#8243; smartphonebbresponsive=&#8220;.bb_custom_1580999716878{margin-top:30px!important;margin-bottom:10px!important;}&#8220;][\/vc_column][\/vc_row][vc_row css_animation=&#8220;bottom-to-top&#8220;][vc_column offset=&#8220;vc_col-lg-offset-1 vc_col-lg-10 vc_col-md-offset-1 vc_col-md-10&#8243;][vertical_line][\/vc_column][\/vc_row][vc_row css_animation=&#8220;bottom-to-top&#8220;][vc_column css_animation=&#8220;none&#8220; offset=&#8220;vc_col-lg-offset-2 vc_col-lg-8 vc_col-md-offset-2 vc_col-md-8&#8243;][vc_column_text smartphonebbresponsive=&#8220;.bb_custom_1580740394550{margin-bottom:20px!important;}&#8220;]<\/p>\n<p style=\"text-align: center;\">WibitTAG bietet ein v\u00f6llig neues und einzigartiges Werbekonzept. Du m\u00f6chtest etwas kommunizieren? <strong>Schreib es auf dem Wasser&#x2122;<\/strong> \u2013 oder in anderen Worten:<\/p>\n<p>[\/vc_column_text][vc_column_text]<\/p>\n<p class=\"headline-h3\" style=\"text-align: center;\">WibitTAG es!<\/p>\n<p>[\/vc_column_text][cta id=&#8220;11257&#8243; smartphonebbresponsive=&#8220;.bb_custom_1579185921136{margin-top:20px!important;}&#8220;][\/vc_column][\/vc_row][vc_row full_width=&#8220;stretch_row_content_no_spaces&#8220; css_animation=&#8220;bottom-to-top&#8220;][vc_column css_animation=&#8220;none&#8220;][vertical_line][vc_column_text smartphonebbresponsive=&#8220;.bb_custom_1580734973660{margin-bottom:30px!important;}&#8220;]<\/p>\n<h2 style=\"text-align: center;\"><span class=\"fauna-one\">Erfolgsgeschichten<br \/>\n<\/span><\/h2>\n<p>[\/vc_column_text][success_stories success_stories_select=&#8220;13151,13147,13148&#8243;][\/vc_column][\/vc_row][vc_row css_animation=&#8220;bottom-to-top&#8220;][vc_column css_animation=&#8220;none&#8220;][vertical_line][vc_column_text smartphonebbresponsive=&#8220;.bb_custom_1581591085792{margin-bottom:30px!important;}&#8220;]<\/p>\n<h2 style=\"text-align: center;\"><span class=\"fauna-one\">\u00c4hnliche Themen<\/span><\/h2>\n<p>[\/vc_column_text][recommended_articles articles_select=&#8220;10103,10765,10077,10076&#8243; smartphonebbresponsive=&#8220;.bb_custom_1579863428695{margin-top:20px!important;}&#8220;][\/vc_column][\/vc_row]<\/p>\n<\/div>","protected":false},"excerpt":{"rendered":"<p>[vc_row full_width=&#8220;stretch_row_content_no_spaces&#8220; el_class=&#8220;has-slider&#8220; smartphonebbresponsive=&#8220;.bb_custom_1688368790115{display:none!important;}&#8220; desktopbbresponsive=&#8220;.bb_custom_1688368790116{display:block!important;}&#8220; css=&#8220;.vc_custom_1688368790114{padding-bottom: 0px !important;}&#8220;][vc_column smartphonebbresponsive=&#8220;.bb_custom_1578659107182{margin-bottom:30px!important;}&#8220;][slider_new slider_id=&#8220;slider-580188&#8243; arrows=&#8220;true&#8220; height_desktop=&#8220;80vh&#8220; height_tablet=&#8220;60vh&#8220; height_smartphone=&#8220;50vh&#8220;][slider_new_item type=&#8220;video&#8220; video_mp4=&#8220;https:\/\/wibit.sechsp.de\/wordpress\/wp-content\/uploads\/2020\/02\/Wibit_WibitTAG_5sec_2020_Titelslider.mp4&#8243; muted=&#8220;true&#8220; autoplay=&#8220;true&#8220;][\/slider_new_item][\/slider_new][\/vc_column][\/vc_row][vc_row css_animation=&#8220;none&#8220;][vc_column css_animation=&#8220;none&#8220; offset=&#8220;vc_col-lg-offset-2 vc_col-lg-8 vc_col-md-offset-2 vc_col-md-8&#8243;][vc_column_text smartphonebbresponsive=&#8220;.bb_custom_1579094099408{margin-bottom:20px!important;}&#8220;] Verbreite deine Botschaft mit WibitTAG! [\/vc_column_text][vc_column_text smartphonebbresponsive=&#8220;.bb_custom_1579094459135{margin-bottom:30px!important;}&#8220;] Suchst du nach einer komplett neuen und revolution\u00e4ren Art der Kommunikation? Mit WibitTAG k\u00f6nnen Ferienanlagen, St\u00e4dte, L\u00e4nder und selbst Privatbetreiber ihre am Wasser [&hellip;]<\/p>\n","protected":false},"author":5,"featured_media":0,"parent":0,"menu_order":17,"comment_status":"closed","ping_status":"closed","template":"","meta":{"_acf_changed":false,"footnotes":""},"class_list":["post-20163","page","type-page","status-publish","hentry"],"acf":[],"yoast_head":"<!-- This site is optimized with the Yoast SEO plugin v25.6 - https:\/\/yoast.com\/wordpress\/plugins\/seo\/ -->\n<title>WibitTAG - wibit sports<\/title>\n<meta name=\"robots\" content=\"noindex, follow, max-snippet:-1, max-image-preview:large, max-video-preview:-1\" \/>\n<meta property=\"og:locale\" content=\"de_DE\" \/>\n<meta property=\"og:type\" content=\"article\" \/>\n<meta property=\"og:title\" content=\"WibitTAG - wibit sports\" \/>\n<meta property=\"og:description\" content=\"[vc_row full_width=&#8220;stretch_row_content_no_spaces&#8220; el_class=&#8220;has-slider&#8220; smartphonebbresponsive=&#8220;.bb_custom_1688368790115{display:none!important;}&#8220; desktopbbresponsive=&#8220;.bb_custom_1688368790116{display:block!important;}&#8220; css=&#8220;.vc_custom_1688368790114{padding-bottom: 0px !important;}&#8220;][vc_column smartphonebbresponsive=&#8220;.bb_custom_1578659107182{margin-bottom:30px!important;}&#8220;][slider_new slider_id=&#8220;slider-580188&#8243; arrows=&#8220;true&#8220; height_desktop=&#8220;80vh&#8220; height_tablet=&#8220;60vh&#8220; height_smartphone=&#8220;50vh&#8220;][slider_new_item type=&#8220;video&#8220; video_mp4=&#8220;https:\/\/wibit.sechsp.de\/wordpress\/wp-content\/uploads\/2020\/02\/Wibit_WibitTAG_5sec_2020_Titelslider.mp4&#8243; muted=&#8220;true&#8220; autoplay=&#8220;true&#8220;][\/slider_new_item][\/slider_new][\/vc_column][\/vc_row][vc_row css_animation=&#8220;none&#8220;][vc_column css_animation=&#8220;none&#8220; offset=&#8220;vc_col-lg-offset-2 vc_col-lg-8 vc_col-md-offset-2 vc_col-md-8&#8243;][vc_column_text smartphonebbresponsive=&#8220;.bb_custom_1579094099408{margin-bottom:20px!important;}&#8220;] Verbreite deine Botschaft mit WibitTAG! [\/vc_column_text][vc_column_text smartphonebbresponsive=&#8220;.bb_custom_1579094459135{margin-bottom:30px!important;}&#8220;] Suchst du nach einer komplett neuen und revolution\u00e4ren Art der Kommunikation? Mit WibitTAG k\u00f6nnen Ferienanlagen, St\u00e4dte, L\u00e4nder und selbst Privatbetreiber ihre am Wasser [&hellip;]\" \/>\n<meta property=\"og:url\" content=\"https:\/\/wibit.sechsp.de\/de\/wibit-tag\/\" \/>\n<meta property=\"og:site_name\" content=\"wibit sports\" \/>\n<meta property=\"article:publisher\" content=\"https:\/\/www.facebook.com\/wibitsports\/\" \/>\n<meta property=\"article:modified_time\" content=\"2024-11-28T14:23:20+00:00\" \/>\n<meta name=\"twitter:card\" content=\"summary_large_image\" \/>\n<meta name=\"twitter:label1\" content=\"Gesch\u00e4tzte Lesezeit\" \/>\n\t<meta name=\"twitter:data1\" content=\"8\u00a0Minuten\" \/>\n<script type=\"application\/ld+json\" class=\"yoast-schema-graph\">{\"@context\":\"https:\/\/schema.org\",\"@graph\":[{\"@type\":\"WebPage\",\"@id\":\"https:\/\/wibit.sechsp.de\/de\/wibit-tag\/\",\"url\":\"https:\/\/wibit.sechsp.de\/de\/wibit-tag\/\",\"name\":\"WibitTAG - wibit sports\",\"isPartOf\":{\"@id\":\"https:\/\/wibit.sechsp.de\/de\/#website\"},\"datePublished\":\"2020-01-15T13:07:01+00:00\",\"dateModified\":\"2024-11-28T14:23:20+00:00\",\"breadcrumb\":{\"@id\":\"https:\/\/wibit.sechsp.de\/de\/wibit-tag\/#breadcrumb\"},\"inLanguage\":\"de\",\"potentialAction\":[{\"@type\":\"ReadAction\",\"target\":[\"https:\/\/wibit.sechsp.de\/de\/wibit-tag\/\"]}]},{\"@type\":\"BreadcrumbList\",\"@id\":\"https:\/\/wibit.sechsp.de\/de\/wibit-tag\/#breadcrumb\",\"itemListElement\":[{\"@type\":\"ListItem\",\"position\":1,\"name\":\"Home\",\"item\":\"https:\/\/wibit.sechsp.de\/de\/\"},{\"@type\":\"ListItem\",\"position\":2,\"name\":\"WibitTAG\"}]},{\"@type\":\"WebSite\",\"@id\":\"https:\/\/wibit.sechsp.de\/de\/#website\",\"url\":\"https:\/\/wibit.sechsp.de\/de\/\",\"name\":\"wibit sports\",\"description\":\"We are waterpark!\",\"potentialAction\":[{\"@type\":\"SearchAction\",\"target\":{\"@type\":\"EntryPoint\",\"urlTemplate\":\"https:\/\/wibit.sechsp.de\/de\/?s={search_term_string}\"},\"query-input\":{\"@type\":\"PropertyValueSpecification\",\"valueRequired\":true,\"valueName\":\"search_term_string\"}}],\"inLanguage\":\"de\"}]}<\/script>\n<!-- \/ Yoast SEO plugin. -->","yoast_head_json":{"title":"WibitTAG - wibit sports","robots":{"index":"noindex","follow":"follow","max-snippet":"max-snippet:-1","max-image-preview":"max-image-preview:large","max-video-preview":"max-video-preview:-1"},"og_locale":"de_DE","og_type":"article","og_title":"WibitTAG - wibit sports","og_description":"[vc_row full_width=&#8220;stretch_row_content_no_spaces&#8220; el_class=&#8220;has-slider&#8220; smartphonebbresponsive=&#8220;.bb_custom_1688368790115{display:none!important;}&#8220; desktopbbresponsive=&#8220;.bb_custom_1688368790116{display:block!important;}&#8220; css=&#8220;.vc_custom_1688368790114{padding-bottom: 0px !important;}&#8220;][vc_column smartphonebbresponsive=&#8220;.bb_custom_1578659107182{margin-bottom:30px!important;}&#8220;][slider_new slider_id=&#8220;slider-580188&#8243; arrows=&#8220;true&#8220; height_desktop=&#8220;80vh&#8220; height_tablet=&#8220;60vh&#8220; height_smartphone=&#8220;50vh&#8220;][slider_new_item type=&#8220;video&#8220; video_mp4=&#8220;https:\/\/wibit.sechsp.de\/wordpress\/wp-content\/uploads\/2020\/02\/Wibit_WibitTAG_5sec_2020_Titelslider.mp4&#8243; muted=&#8220;true&#8220; autoplay=&#8220;true&#8220;][\/slider_new_item][\/slider_new][\/vc_column][\/vc_row][vc_row css_animation=&#8220;none&#8220;][vc_column css_animation=&#8220;none&#8220; offset=&#8220;vc_col-lg-offset-2 vc_col-lg-8 vc_col-md-offset-2 vc_col-md-8&#8243;][vc_column_text smartphonebbresponsive=&#8220;.bb_custom_1579094099408{margin-bottom:20px!important;}&#8220;] Verbreite deine Botschaft mit WibitTAG! [\/vc_column_text][vc_column_text smartphonebbresponsive=&#8220;.bb_custom_1579094459135{margin-bottom:30px!important;}&#8220;] Suchst du nach einer komplett neuen und revolution\u00e4ren Art der Kommunikation? Mit WibitTAG k\u00f6nnen Ferienanlagen, St\u00e4dte, L\u00e4nder und selbst Privatbetreiber ihre am Wasser [&hellip;]","og_url":"https:\/\/wibit.sechsp.de\/de\/wibit-tag\/","og_site_name":"wibit sports","article_publisher":"https:\/\/www.facebook.com\/wibitsports\/","article_modified_time":"2024-11-28T14:23:20+00:00","twitter_card":"summary_large_image","twitter_misc":{"Gesch\u00e4tzte Lesezeit":"8\u00a0Minuten"},"schema":{"@context":"https:\/\/schema.org","@graph":[{"@type":"WebPage","@id":"https:\/\/wibit.sechsp.de\/de\/wibit-tag\/","url":"https:\/\/wibit.sechsp.de\/de\/wibit-tag\/","name":"WibitTAG - wibit sports","isPartOf":{"@id":"https:\/\/wibit.sechsp.de\/de\/#website"},"datePublished":"2020-01-15T13:07:01+00:00","dateModified":"2024-11-28T14:23:20+00:00","breadcrumb":{"@id":"https:\/\/wibit.sechsp.de\/de\/wibit-tag\/#breadcrumb"},"inLanguage":"de","potentialAction":[{"@type":"ReadAction","target":["https:\/\/wibit.sechsp.de\/de\/wibit-tag\/"]}]},{"@type":"BreadcrumbList","@id":"https:\/\/wibit.sechsp.de\/de\/wibit-tag\/#breadcrumb","itemListElement":[{"@type":"ListItem","position":1,"name":"Home","item":"https:\/\/wibit.sechsp.de\/de\/"},{"@type":"ListItem","position":2,"name":"WibitTAG"}]},{"@type":"WebSite","@id":"https:\/\/wibit.sechsp.de\/de\/#website","url":"https:\/\/wibit.sechsp.de\/de\/","name":"wibit sports","description":"We are waterpark!","potentialAction":[{"@type":"SearchAction","target":{"@type":"EntryPoint","urlTemplate":"https:\/\/wibit.sechsp.de\/de\/?s={search_term_string}"},"query-input":{"@type":"PropertyValueSpecification","valueRequired":true,"valueName":"search_term_string"}}],"inLanguage":"de"}]}},"_links":{"self":[{"href":"https:\/\/wibit.sechsp.de\/de\/wp-json\/wp\/v2\/pages\/20163","targetHints":{"allow":["GET"]}}],"collection":[{"href":"https:\/\/wibit.sechsp.de\/de\/wp-json\/wp\/v2\/pages"}],"about":[{"href":"https:\/\/wibit.sechsp.de\/de\/wp-json\/wp\/v2\/types\/page"}],"author":[{"embeddable":true,"href":"https:\/\/wibit.sechsp.de\/de\/wp-json\/wp\/v2\/users\/5"}],"replies":[{"embeddable":true,"href":"https:\/\/wibit.sechsp.de\/de\/wp-json\/wp\/v2\/comments?post=20163"}],"version-history":[{"count":13,"href":"https:\/\/wibit.sechsp.de\/de\/wp-json\/wp\/v2\/pages\/20163\/revisions"}],"predecessor-version":[{"id":47399,"href":"https:\/\/wibit.sechsp.de\/de\/wp-json\/wp\/v2\/pages\/20163\/revisions\/47399"}],"wp:attachment":[{"href":"https:\/\/wibit.sechsp.de\/de\/wp-json\/wp\/v2\/media?parent=20163"}],"curies":[{"name":"wp","href":"https:\/\/api.w.org\/{rel}","templated":true}]}}