{"id":20161,"date":"2020-01-21T07:51:01","date_gmt":"2020-01-21T06:51:01","guid":{"rendered":"https:\/\/wibit.sechsp.de\/why-not-high-capacities\/"},"modified":"2024-12-09T08:55:57","modified_gmt":"2024-12-09T07:55:57","slug":"warum-hohe-besucherzahlen-nicht-alles-sind","status":"publish","type":"page","link":"https:\/\/wibit.sechsp.de\/de\/warum-hohe-besucherzahlen-nicht-alles-sind\/","title":{"rendered":"Warum hohe Besucherzahlen nicht alles sind"},"content":{"rendered":"<div class=\"wpb-content-wrapper\"><p>[vc_row full_width=&#8220;stretch_row_content_no_spaces&#8220; el_class=&#8220;has-slider&#8220; css=&#8220;.vc_custom_1688369286404{padding-bottom: 0px !important;}&#8220;][vc_column smartphonebbresponsive=&#8220;.bb_custom_1578659107182{margin-bottom:30px!important;}&#8220;][slider_new slider_id=&#8220;slider-580188&#8243; arrows=&#8220;true&#8220; height_desktop=&#8220;80vh&#8220; height_tablet=&#8220;60vh&#8220; height_smartphone=&#8220;50vh&#8220;][slider_new_item img=&#8220;47446&#8243;][\/slider_new_item][slider_new_item img=&#8220;47447&#8243;][\/slider_new_item][slider_new_item img=&#8220;7786&#8243;][\/slider_new_item][slider_new_item img=&#8220;20079&#8243;][\/slider_new_item][slider_new_item img=&#8220;20091&#8243;][\/slider_new_item][\/slider_new][\/vc_column][\/vc_row][vc_row css_animation=&#8220;none&#8220;][vc_column css_animation=&#8220;none&#8220; offset=&#8220;vc_col-lg-offset-2 vc_col-lg-8 vc_col-md-offset-2 vc_col-md-8&#8243;][vc_column_text smartphonebbresponsive=&#8220;.bb_custom_1579591530906{margin-bottom:20px!important;}&#8220;]<\/p>\n<h1 class=\"fauna-one\" style=\"text-align: center;\">Warum hohe Besucherkapazit\u00e4ten nicht den Ausschlag geben sollten<\/h1>\n<p>[\/vc_column_text][vc_column_text]<\/p>\n<p class=\"text-black\" style=\"text-align: center;\">Lass dich nicht zum Kauf eines Parks verleiten, dessen angeblich hohe Besucherzahlen nicht im Verh\u00e4ltnis zu seinem Preis oder seiner Gr\u00f6\u00dfe stehen. F\u00fcr die realistische Kapazit\u00e4tsberechnung eines SportsParks bedarf es mehr als das simple Zusammenz\u00e4hlen der maximalen Besucherzahl seiner einzelnen Produkte. Eine solche Rechnung funktioniert nur auf dem Papier, nicht aber auf dem Wasser.<\/p>\n<p class=\"text-black\" style=\"text-align: center;\">Die Entwicklung der zugrundeliegenden richtigen Formel erfordert<strong> jahrelange Erfahrung und fundierte Kenntnisse der Branche<\/strong>.<\/p>\n<p>[\/vc_column_text][vertical_line][\/vc_column][\/vc_row][vc_row css_animation=&#8220;none&#8220;][vc_column css_animation=&#8220;none&#8220; offset=&#8220;vc_col-lg-offset-2 vc_col-lg-8 vc_col-md-offset-2 vc_col-md-8&#8243;][vc_column_text smartphonebbresponsive=&#8220;.bb_custom_1580996122389{margin-bottom:20px!important;}&#8220; laptopbbresponsive=&#8220;.bb_custom_1580996122391{margin-bottom:30px!important;}&#8220;]<\/p>\n<p style=\"text-align: center;\">Unseren aufblasbaren Wasserparks sind mit Kapazit\u00e4ten von \u00fcber 1.000 Besuchern gleichzeitig gr\u00f6\u00dfentechnisch kaum Grenzen gesetzt. Bei der Planung jedoch gilt es, die folgenden Faktoren f\u00fcr die <strong>Berechnung der Auslastung deines SportsParks<\/strong> zur ber\u00fccksichtigen:<\/p>\n<p>[\/vc_column_text][\/vc_column][\/vc_row][vc_row css_animation=&#8220;bottom-to-top&#8220; el_id=&#8220;Stufenbox&#8220;][vc_column css_animation=&#8220;none&#8220; offset=&#8220;vc_col-lg-offset-1 vc_col-lg-10 vc_col-md-offset-1 vc_col-md-10&#8243; smartphonebbresponsive=&#8220;.bb_custom_1579179470359{padding-top:30px!important;padding-right:30px!important;padding-bottom:30px!important;padding-left:30px!important;background-color:#003865!important;}&#8220;][vc_row_inner equal_height=&#8220;yes&#8220; content_placement=&#8220;middle&#8220;][vc_column_inner offset=&#8220;vc_col-md-6&#8243;][vc_single_image image=&#8220;2870&#8243; img_size=&#8220;720&#215;480&#8243; alignment=&#8220;center&#8220; laptopbbresponsive=&#8220;.bb_custom_1579592015078{margin-right:-15px!important;margin-left:-60px!important;}&#8220; desktopbbresponsive=&#8220;.bb_custom_1579592015078{margin-left:-120px!important;}&#8220;][\/vc_column_inner][vc_column_inner smartphonebbresponsive=&#8220;.bb_custom_1575638337595{padding-top:15px!important;padding-bottom:15px!important;padding-left:15px!important;}&#8220; offset=&#8220;vc_col-md-6&#8243;][vc_column_text smartphonebbresponsive=&#8220;.bb_custom_1579591671290{margin-bottom:20px!important;}&#8220;]<\/p>\n<h3 class=\"text-white\" style=\"text-align: center;\">1. Sicherheit<\/h3>\n<p>[\/vc_column_text][vc_column_text]<\/p>\n<p class=\"text-white\" style=\"text-align: center;\">Zusammenst\u00f6\u00dfe sind die h\u00e4ufigste Unfallursache in Wasserparks und eine zahlenm\u00e4\u00dfige \u00dcberlastung kann zu mehr Zusammenst\u00f6\u00dfen und somit zu mehr Verletzungen f\u00fchren.<\/p>\n<p>[\/vc_column_text][\/vc_column_inner][\/vc_row_inner][vc_row_inner equal_height=&#8220;yes&#8220; rtl_reverse=&#8220;yes&#8220; content_placement=&#8220;middle&#8220;][vc_column_inner offset=&#8220;vc_col-md-6&#8243;][vc_single_image image=&#8220;18065&#8243; img_size=&#8220;720&#215;480&#8243; alignment=&#8220;center&#8220; laptopbbresponsive=&#8220;.bb_custom_1582035590583{margin-right:-60px!important;margin-left:-15px!important;}&#8220; desktopbbresponsive=&#8220;.bb_custom_1582035590585{margin-right:-120px!important;}&#8220;][\/vc_column_inner][vc_column_inner offset=&#8220;vc_col-md-6&#8243; smartphonebbresponsive=&#8220;.bb_custom_1575638230562{padding-top:15px!important;padding-right:15px!important;padding-bottom:15px!important;}&#8220;][vc_column_text smartphonebbresponsive=&#8220;.bb_custom_1579592033341{margin-bottom:20px!important;}&#8220;]<\/p>\n<h3 class=\"text-white\" style=\"text-align: center;\">2. Aufsichtspersonal<\/h3>\n<p>[\/vc_column_text][vc_column_text]<\/p>\n<p class=\"text-white\" style=\"text-align: center;\">Bei \u00dcberlastung ist die Beaufsichtigung des SportsPark weitaus schwieriger. Dementsprechend ist mehr Aufsichtspersonal erforderlich, was zu zus\u00e4tzlichen Kosten f\u00fcr den Betreiber f\u00fchrt.<\/p>\n<p>[\/vc_column_text][\/vc_column_inner][\/vc_row_inner][vc_row_inner equal_height=&#8220;yes&#8220; content_placement=&#8220;middle&#8220;][vc_column_inner offset=&#8220;vc_col-md-6&#8243;][vc_single_image image=&#8220;2825&#8243; img_size=&#8220;720&#215;480&#8243; laptopbbresponsive=&#8220;.bb_custom_1579592577045{margin-right:-15px!important;margin-left:-60px!important;}&#8220; desktopbbresponsive=&#8220;.bb_custom_1579592577045{margin-left:-120px!important;}&#8220;][\/vc_column_inner][vc_column_inner smartphonebbresponsive=&#8220;.bb_custom_1575638321988{padding-top:15px!important;padding-bottom:15px!important;padding-left:15px!important;}&#8220; offset=&#8220;vc_col-md-6&#8243;][vc_column_text smartphonebbresponsive=&#8220;.bb_custom_1579596214831{margin-bottom:20px!important;}&#8220;]<\/p>\n<h3 class=\"text-white\" style=\"text-align: center;\">3. Spa\u00dffaktor<\/h3>\n<p>[\/vc_column_text][vc_column_text]<\/p>\n<p class=\"text-white\" style=\"text-align: center;\">Niemand steht gern Schlange. Daher m\u00f6chten wir von Wibit, dass deine Besucher so viel Spa\u00df wie m\u00f6glich haben, und sie sich dementsprechend frei im SportsPark bewegen und m\u00f6glichst viele Produkte in der ihnen zur Verf\u00fcgung stehenden Zeit nutzen k\u00f6nnen. So bereitest du deinen Besuchern garantiert ein <a href=\"https:\/\/wibit.sechsp.de\/de\/unsere-community\/\">unvergessliches Erlebnis<\/a>, von dem sie nicht genug bekommen k\u00f6nnen!<\/p>\n<p>[\/vc_column_text][\/vc_column_inner][\/vc_row_inner][vc_row_inner equal_height=&#8220;yes&#8220; rtl_reverse=&#8220;yes&#8220; content_placement=&#8220;middle&#8220;][vc_column_inner offset=&#8220;vc_col-md-6&#8243;][vc_single_image image=&#8220;11224&#8243; img_size=&#8220;720&#215;480&#8243; alignment=&#8220;center&#8220; laptopbbresponsive=&#8220;.bb_custom_1579689074227{margin-right:-60px!important;margin-left:-15px!important;}&#8220; desktopbbresponsive=&#8220;.bb_custom_1579689074228{margin-right:-120px!important;}&#8220;][\/vc_column_inner][vc_column_inner offset=&#8220;vc_col-md-6&#8243; smartphonebbresponsive=&#8220;.bb_custom_1575638230562{padding-top:15px!important;padding-right:15px!important;padding-bottom:15px!important;}&#8220;][vc_column_text smartphonebbresponsive=&#8220;.bb_custom_1579592368173{margin-bottom:20px!important;}&#8220;]<\/p>\n<h3 class=\"text-white\" style=\"text-align: center;\">4. Produktlebensdauer<\/h3>\n<p>[\/vc_column_text][vc_column_text]<\/p>\n<p class=\"text-white\" style=\"text-align: center;\">Wibit Produkte wurden f\u00fcr den gewerblichen Einsatz und somit f\u00fcr eine gro\u00dfe Anzahl von Besuchern konzipiert. Jedoch kann ein st\u00e4ndig \u00fcberf\u00fcllter SportsPark fr\u00fchzeitige Verschlei\u00dferscheinungen aufweisen. Je h\u00f6her die Anzahl der Besucher, je gr\u00f6\u00dfer das Risiko, dass sich zu viele Besucher gleichzeitig auf einem Produkt tummeln. Das ist nicht nur gef\u00e4hrlich und l\u00e4stig f\u00fcr die Besucher, sondern kann auch die Produktlebensdauer beeintr\u00e4chtigen und zu unvorhergesehenen Reparaturkosten mitten in der Saison f\u00fchren.<\/p>\n<p>[\/vc_column_text][\/vc_column_inner][\/vc_row_inner][\/vc_column][\/vc_row][vc_row css_animation=&#8220;bottom-to-top&#8220;][vc_column css_animation=&#8220;none&#8220; offset=&#8220;vc_col-lg-offset-2 vc_col-lg-8 vc_col-md-offset-2 vc_col-md-8&#8243;][vertical_line][vc_column_text smartphonebbresponsive=&#8220;.bb_custom_1580278692188{margin-bottom:20px!important;}&#8220;]<\/p>\n<h2 class=\"fauna-one\" style=\"text-align: center;\">Unsere Formel zur Berechnung der idealen Auslastung<\/h2>\n<p>[\/vc_column_text][vc_column_text]<\/p>\n<p style=\"text-align: center;\">Unter Ber\u00fccksichtigung der Gr\u00f6\u00dfe und Konfiguration deines SportsParks verwendet Wibit einen spezifischen Quotienten, der ein <strong>ideales Gleichgewicht zwischen Gewinnmaximierung f\u00fcr den Betreiber und Fun-Faktor f\u00fcr den Benutzer schafft<\/strong>. Da nicht alle Benutzer gleich sind (z. B. Kinder im Vergleich zu Erwachsenen), empfiehlt Wibit, die Benutzerzahlen innerhalb eines gewissen Rahmens von einer Mindestzahl (z. B. nur Erwachsene) bis zu einer H\u00f6chstzahl (z. B. nur Kinder) zu beschr\u00e4nken.<\/p>\n<p>[\/vc_column_text][\/vc_column][\/vc_row][vc_row css_animation=&#8220;bottom-to-top&#8220;][vc_column css_animation=&#8220;none&#8220; offset=&#8220;vc_col-lg-offset-2 vc_col-lg-8 vc_col-md-offset-2 vc_col-md-8&#8243;][vertical_line][cta id=&#8220;6441&#8243;][vertical_line][\/vc_column][\/vc_row][vc_row full_width=&#8220;stretch_row_content_no_spaces&#8220; css_animation=&#8220;bottom-to-top&#8220;][vc_column css_animation=&#8220;none&#8220;][vc_column_text smartphonebbresponsive=&#8220;.bb_custom_1580734973660{margin-bottom:30px!important;}&#8220;]<\/p>\n<h2 style=\"text-align: center;\"><span class=\"fauna-one\">Erfolgsgeschichten<br \/>\n<\/span><\/h2>\n<p>[\/vc_column_text][success_stories success_stories_select=&#8220;13151,13163,13161,13132,13153&#8243;][vertical_line][\/vc_column][\/vc_row][vc_row css_animation=&#8220;bottom-to-top&#8220;][vc_column css_animation=&#8220;none&#8220;][vc_column_text smartphonebbresponsive=&#8220;.bb_custom_1581591032044{margin-bottom:20px!important;}&#8220;]<\/p>\n<p class=\"headline-h2 fauna-one\" style=\"text-align: center;\">\u00c4hnliche Themen<\/p>\n<p>[\/vc_column_text][recommended_articles articles_select=&#8220;11153,10765,10766,10077&#8243;][\/vc_column][\/vc_row]<\/p>\n<\/div>","protected":false},"excerpt":{"rendered":"<p>[vc_row full_width=&#8220;stretch_row_content_no_spaces&#8220; el_class=&#8220;has-slider&#8220; css=&#8220;.vc_custom_1688369286404{padding-bottom: 0px !important;}&#8220;][vc_column smartphonebbresponsive=&#8220;.bb_custom_1578659107182{margin-bottom:30px!important;}&#8220;][slider_new slider_id=&#8220;slider-580188&#8243; arrows=&#8220;true&#8220; height_desktop=&#8220;80vh&#8220; height_tablet=&#8220;60vh&#8220; height_smartphone=&#8220;50vh&#8220;][slider_new_item img=&#8220;47446&#8243;][\/slider_new_item][slider_new_item img=&#8220;47447&#8243;][\/slider_new_item][slider_new_item img=&#8220;7786&#8243;][\/slider_new_item][slider_new_item img=&#8220;20079&#8243;][\/slider_new_item][slider_new_item img=&#8220;20091&#8243;][\/slider_new_item][\/slider_new][\/vc_column][\/vc_row][vc_row css_animation=&#8220;none&#8220;][vc_column css_animation=&#8220;none&#8220; offset=&#8220;vc_col-lg-offset-2 vc_col-lg-8 vc_col-md-offset-2 vc_col-md-8&#8243;][vc_column_text smartphonebbresponsive=&#8220;.bb_custom_1579591530906{margin-bottom:20px!important;}&#8220;] Warum hohe Besucherkapazit\u00e4ten nicht den Ausschlag geben sollten [\/vc_column_text][vc_column_text] Lass dich nicht zum Kauf eines Parks verleiten, dessen angeblich hohe Besucherzahlen nicht im Verh\u00e4ltnis zu seinem Preis oder seiner Gr\u00f6\u00dfe stehen. [&hellip;]<\/p>\n","protected":false},"author":16,"featured_media":0,"parent":0,"menu_order":27,"comment_status":"closed","ping_status":"closed","template":"","meta":{"_acf_changed":false,"footnotes":""},"class_list":["post-20161","page","type-page","status-publish","hentry"],"acf":[],"yoast_head":"<!-- This site is optimized with the Yoast SEO plugin v25.6 - https:\/\/yoast.com\/wordpress\/plugins\/seo\/ -->\n<title>Warum hohe Besucherzahlen nicht alles sind - wibit sports<\/title>\n<meta name=\"robots\" content=\"noindex, follow, max-snippet:-1, max-image-preview:large, max-video-preview:-1\" \/>\n<meta property=\"og:locale\" content=\"de_DE\" \/>\n<meta property=\"og:type\" content=\"article\" \/>\n<meta property=\"og:title\" content=\"Warum hohe Besucherzahlen nicht alles sind - wibit sports\" \/>\n<meta property=\"og:description\" content=\"[vc_row full_width=&#8220;stretch_row_content_no_spaces&#8220; el_class=&#8220;has-slider&#8220; css=&#8220;.vc_custom_1688369286404{padding-bottom: 0px !important;}&#8220;][vc_column smartphonebbresponsive=&#8220;.bb_custom_1578659107182{margin-bottom:30px!important;}&#8220;][slider_new slider_id=&#8220;slider-580188&#8243; arrows=&#8220;true&#8220; height_desktop=&#8220;80vh&#8220; height_tablet=&#8220;60vh&#8220; height_smartphone=&#8220;50vh&#8220;][slider_new_item img=&#8220;47446&#8243;][\/slider_new_item][slider_new_item img=&#8220;47447&#8243;][\/slider_new_item][slider_new_item img=&#8220;7786&#8243;][\/slider_new_item][slider_new_item img=&#8220;20079&#8243;][\/slider_new_item][slider_new_item img=&#8220;20091&#8243;][\/slider_new_item][\/slider_new][\/vc_column][\/vc_row][vc_row css_animation=&#8220;none&#8220;][vc_column css_animation=&#8220;none&#8220; offset=&#8220;vc_col-lg-offset-2 vc_col-lg-8 vc_col-md-offset-2 vc_col-md-8&#8243;][vc_column_text smartphonebbresponsive=&#8220;.bb_custom_1579591530906{margin-bottom:20px!important;}&#8220;] Warum hohe Besucherkapazit\u00e4ten nicht den Ausschlag geben sollten [\/vc_column_text][vc_column_text] Lass dich nicht zum Kauf eines Parks verleiten, dessen angeblich hohe Besucherzahlen nicht im Verh\u00e4ltnis zu seinem Preis oder seiner Gr\u00f6\u00dfe stehen. [&hellip;]\" \/>\n<meta property=\"og:url\" content=\"https:\/\/wibit.sechsp.de\/de\/warum-hohe-besucherzahlen-nicht-alles-sind\/\" \/>\n<meta property=\"og:site_name\" content=\"wibit sports\" \/>\n<meta property=\"article:publisher\" content=\"https:\/\/www.facebook.com\/wibitsports\/\" \/>\n<meta property=\"article:modified_time\" content=\"2024-12-09T07:55:57+00:00\" \/>\n<meta name=\"twitter:card\" content=\"summary_large_image\" \/>\n<meta name=\"twitter:label1\" content=\"Gesch\u00e4tzte Lesezeit\" \/>\n\t<meta name=\"twitter:data1\" content=\"3\u00a0Minuten\" \/>\n<script type=\"application\/ld+json\" class=\"yoast-schema-graph\">{\"@context\":\"https:\/\/schema.org\",\"@graph\":[{\"@type\":\"WebPage\",\"@id\":\"https:\/\/wibit.sechsp.de\/de\/warum-hohe-besucherzahlen-nicht-alles-sind\/\",\"url\":\"https:\/\/wibit.sechsp.de\/de\/warum-hohe-besucherzahlen-nicht-alles-sind\/\",\"name\":\"Warum hohe Besucherzahlen nicht alles sind - wibit sports\",\"isPartOf\":{\"@id\":\"https:\/\/wibit.sechsp.de\/de\/#website\"},\"datePublished\":\"2020-01-21T06:51:01+00:00\",\"dateModified\":\"2024-12-09T07:55:57+00:00\",\"breadcrumb\":{\"@id\":\"https:\/\/wibit.sechsp.de\/de\/warum-hohe-besucherzahlen-nicht-alles-sind\/#breadcrumb\"},\"inLanguage\":\"de\",\"potentialAction\":[{\"@type\":\"ReadAction\",\"target\":[\"https:\/\/wibit.sechsp.de\/de\/warum-hohe-besucherzahlen-nicht-alles-sind\/\"]}]},{\"@type\":\"BreadcrumbList\",\"@id\":\"https:\/\/wibit.sechsp.de\/de\/warum-hohe-besucherzahlen-nicht-alles-sind\/#breadcrumb\",\"itemListElement\":[{\"@type\":\"ListItem\",\"position\":1,\"name\":\"Home\",\"item\":\"https:\/\/wibit.sechsp.de\/de\/\"},{\"@type\":\"ListItem\",\"position\":2,\"name\":\"Warum hohe Besucherzahlen nicht alles sind\"}]},{\"@type\":\"WebSite\",\"@id\":\"https:\/\/wibit.sechsp.de\/de\/#website\",\"url\":\"https:\/\/wibit.sechsp.de\/de\/\",\"name\":\"wibit sports\",\"description\":\"We are waterpark!\",\"potentialAction\":[{\"@type\":\"SearchAction\",\"target\":{\"@type\":\"EntryPoint\",\"urlTemplate\":\"https:\/\/wibit.sechsp.de\/de\/?s={search_term_string}\"},\"query-input\":{\"@type\":\"PropertyValueSpecification\",\"valueRequired\":true,\"valueName\":\"search_term_string\"}}],\"inLanguage\":\"de\"}]}<\/script>\n<!-- \/ Yoast SEO plugin. -->","yoast_head_json":{"title":"Warum hohe Besucherzahlen nicht alles sind - wibit sports","robots":{"index":"noindex","follow":"follow","max-snippet":"max-snippet:-1","max-image-preview":"max-image-preview:large","max-video-preview":"max-video-preview:-1"},"og_locale":"de_DE","og_type":"article","og_title":"Warum hohe Besucherzahlen nicht alles sind - wibit sports","og_description":"[vc_row full_width=&#8220;stretch_row_content_no_spaces&#8220; el_class=&#8220;has-slider&#8220; css=&#8220;.vc_custom_1688369286404{padding-bottom: 0px !important;}&#8220;][vc_column smartphonebbresponsive=&#8220;.bb_custom_1578659107182{margin-bottom:30px!important;}&#8220;][slider_new slider_id=&#8220;slider-580188&#8243; arrows=&#8220;true&#8220; height_desktop=&#8220;80vh&#8220; height_tablet=&#8220;60vh&#8220; height_smartphone=&#8220;50vh&#8220;][slider_new_item img=&#8220;47446&#8243;][\/slider_new_item][slider_new_item img=&#8220;47447&#8243;][\/slider_new_item][slider_new_item img=&#8220;7786&#8243;][\/slider_new_item][slider_new_item img=&#8220;20079&#8243;][\/slider_new_item][slider_new_item img=&#8220;20091&#8243;][\/slider_new_item][\/slider_new][\/vc_column][\/vc_row][vc_row css_animation=&#8220;none&#8220;][vc_column css_animation=&#8220;none&#8220; offset=&#8220;vc_col-lg-offset-2 vc_col-lg-8 vc_col-md-offset-2 vc_col-md-8&#8243;][vc_column_text smartphonebbresponsive=&#8220;.bb_custom_1579591530906{margin-bottom:20px!important;}&#8220;] Warum hohe Besucherkapazit\u00e4ten nicht den Ausschlag geben sollten [\/vc_column_text][vc_column_text] Lass dich nicht zum Kauf eines Parks verleiten, dessen angeblich hohe Besucherzahlen nicht im Verh\u00e4ltnis zu seinem Preis oder seiner Gr\u00f6\u00dfe stehen. [&hellip;]","og_url":"https:\/\/wibit.sechsp.de\/de\/warum-hohe-besucherzahlen-nicht-alles-sind\/","og_site_name":"wibit sports","article_publisher":"https:\/\/www.facebook.com\/wibitsports\/","article_modified_time":"2024-12-09T07:55:57+00:00","twitter_card":"summary_large_image","twitter_misc":{"Gesch\u00e4tzte Lesezeit":"3\u00a0Minuten"},"schema":{"@context":"https:\/\/schema.org","@graph":[{"@type":"WebPage","@id":"https:\/\/wibit.sechsp.de\/de\/warum-hohe-besucherzahlen-nicht-alles-sind\/","url":"https:\/\/wibit.sechsp.de\/de\/warum-hohe-besucherzahlen-nicht-alles-sind\/","name":"Warum hohe Besucherzahlen nicht alles sind - wibit sports","isPartOf":{"@id":"https:\/\/wibit.sechsp.de\/de\/#website"},"datePublished":"2020-01-21T06:51:01+00:00","dateModified":"2024-12-09T07:55:57+00:00","breadcrumb":{"@id":"https:\/\/wibit.sechsp.de\/de\/warum-hohe-besucherzahlen-nicht-alles-sind\/#breadcrumb"},"inLanguage":"de","potentialAction":[{"@type":"ReadAction","target":["https:\/\/wibit.sechsp.de\/de\/warum-hohe-besucherzahlen-nicht-alles-sind\/"]}]},{"@type":"BreadcrumbList","@id":"https:\/\/wibit.sechsp.de\/de\/warum-hohe-besucherzahlen-nicht-alles-sind\/#breadcrumb","itemListElement":[{"@type":"ListItem","position":1,"name":"Home","item":"https:\/\/wibit.sechsp.de\/de\/"},{"@type":"ListItem","position":2,"name":"Warum hohe Besucherzahlen nicht alles sind"}]},{"@type":"WebSite","@id":"https:\/\/wibit.sechsp.de\/de\/#website","url":"https:\/\/wibit.sechsp.de\/de\/","name":"wibit sports","description":"We are waterpark!","potentialAction":[{"@type":"SearchAction","target":{"@type":"EntryPoint","urlTemplate":"https:\/\/wibit.sechsp.de\/de\/?s={search_term_string}"},"query-input":{"@type":"PropertyValueSpecification","valueRequired":true,"valueName":"search_term_string"}}],"inLanguage":"de"}]}},"_links":{"self":[{"href":"https:\/\/wibit.sechsp.de\/de\/wp-json\/wp\/v2\/pages\/20161","targetHints":{"allow":["GET"]}}],"collection":[{"href":"https:\/\/wibit.sechsp.de\/de\/wp-json\/wp\/v2\/pages"}],"about":[{"href":"https:\/\/wibit.sechsp.de\/de\/wp-json\/wp\/v2\/types\/page"}],"author":[{"embeddable":true,"href":"https:\/\/wibit.sechsp.de\/de\/wp-json\/wp\/v2\/users\/16"}],"replies":[{"embeddable":true,"href":"https:\/\/wibit.sechsp.de\/de\/wp-json\/wp\/v2\/comments?post=20161"}],"version-history":[{"count":8,"href":"https:\/\/wibit.sechsp.de\/de\/wp-json\/wp\/v2\/pages\/20161\/revisions"}],"predecessor-version":[{"id":47449,"href":"https:\/\/wibit.sechsp.de\/de\/wp-json\/wp\/v2\/pages\/20161\/revisions\/47449"}],"wp:attachment":[{"href":"https:\/\/wibit.sechsp.de\/de\/wp-json\/wp\/v2\/media?parent=20161"}],"curies":[{"name":"wp","href":"https:\/\/api.w.org\/{rel}","templated":true}]}}