{"id":20153,"date":"2019-12-10T09:58:01","date_gmt":"2019-12-10T08:58:01","guid":{"rendered":"https:\/\/wibit.sechsp.de\/company-2\/"},"modified":"2024-11-27T11:07:16","modified_gmt":"2024-11-27T10:07:16","slug":"unser-unternehmen","status":"publish","type":"page","link":"https:\/\/wibit.sechsp.de\/de\/unser-unternehmen\/","title":{"rendered":"Unternehmen"},"content":{"rendered":"<div class=\"wpb-content-wrapper\"><p>[vc_section el_class=&#8220;has-slider&#8220;][vc_row full_width=&#8220;stretch_row_content_no_spaces&#8220; el_class=&#8220;has-slider&#8220; css=&#8220;.vc_custom_1688369296394{padding-bottom: 0px !important;}&#8220;][vc_column smartphonebbresponsive=&#8220;.bb_custom_1578659107182{margin-bottom:30px!important;}&#8220;][slider_new slider_id=&#8220;slider-580188&#8243; arrows=&#8220;true&#8220; height_desktop=&#8220;80vh&#8220; height_tablet=&#8220;60vh&#8220; height_smartphone=&#8220;50vh&#8220;][slider_new_item img=&#8220;41933&#8243;][\/slider_new_item][\/slider_new][\/vc_column][\/vc_row][vc_row][vc_column offset=&#8220;vc_col-lg-offset-2 vc_col-lg-8 vc_col-md-offset-2 vc_col-md-8&#8243;][vc_column_text smartphonebbresponsive=&#8220;.bb_custom_1579081461806{margin-bottom:20px!important;}&#8220;]<\/p>\n<h1 class=\"fauna-one\" style=\"text-align: center;\">Weltweiter Marktf\u00fchrer und Vorreiter<\/h1>\n<p>[\/vc_column_text][vc_column_text]<\/p>\n<p style=\"text-align: center;\">1996 war Wibit eine namenlose Idee, die in unseren K\u00f6pfen zwischen Fu\u00dfballtraining und Vollzeitjobs herumsprang. Aber im Jahr 2000 war Wibit zu unserer \u00dcberraschung bereits zu einem vollwertigen Wasserpark-Unternehmen herangewachsen.<\/p>\n<p style=\"text-align: center;\">In den letzten 25 Jahren haben wir hart daran gearbeitet, <strong>die Welt der schwimmenden Wasserparks zu vergr\u00f6\u00dfern<\/strong>. Wir haben auch daran gearbeitet, sicherzustellen, dass unsere eigenen Standards f\u00fcr Qualit\u00e4t, Integrit\u00e4t, Sicherheit und Innovation in der gesamten Branche aufrechterhalten werden, worauf wir stolz sind.<\/p>\n<p style=\"text-align: center;\">\u00c4hnlich wie unser Namensgeber (inspiriert von unserer Lieblingsamphibie \u2013 dem Frosch), bewegt sich Wibit in schnellen Spr\u00fcngen \u2013 und f\u00fcgt kontinuierlich Produkte, Konfigurationen und Aktivit\u00e4ten hinzu, die an jeder Ecke der Welt begeistern. Die Grundlage unseres Erfolges ist unser unersch\u00fctterliches Engagement, <strong>die qualitativ hochwertigsten Produkte und den au\u00dfergew\u00f6hnlichsten Service in der Wasserparkbranche anzubieten<\/strong>. Jeder Wibit-Besitzer und -Betreiber geh\u00f6rt zu unserer Kultur des kontinuierlichen Lernens, des Wachstums und der Innovation.<\/p>\n<p style=\"text-align: center;\">Die Dynamik unseres deutschen Unternehmens wird durch unerm\u00fcdlichen Einfallsreichtum, Besessenheit von Qualit\u00e4t, Liebe zum Wasser \u2013 und vor allem durch <strong>das Streben nach gr\u00f6\u00dftm\u00f6glicher Freude<\/strong> angetrieben.<\/p>\n<p>[\/vc_column_text][vc_single_image image=&#8220;14961&#8243; img_size=&#8220;350x130px&#8220; alignment=&#8220;center&#8220; smartphonebbresponsive=&#8220;.bb_custom_1581073984420{margin-top:30px!important;margin-bottom:20px!important;padding-top:-!important;padding-right:40px!important;padding-left:40px!important;}&#8220; tabletbbresponsive=&#8220;.bb_custom_1581073984421{padding-left:-!important;}&#8220; laptopbbresponsive=&#8220;.bb_custom_1581073984421{padding-right:0px!important;padding-left:0px!important;}&#8220;][vertical_line][\/vc_column][\/vc_row][\/vc_section][vc_row css_animation=&#8220;bottom-to-top&#8220;][vc_column offset=&#8220;vc_col-lg-offset-2 vc_col-lg-8 vc_col-md-offset-2 vc_col-md-8&#8243;][vc_column_text smartphonebbresponsive=&#8220;.bb_custom_1579081808486{margin-bottom:20px!important;}&#8220;]<\/p>\n<h2 class=\"fauna-one\" style=\"text-align: center;\">Unsere zentralen Werte liegen uns sehr am Herzen<\/h2>\n<p>[\/vc_column_text][vc_column_text]<\/p>\n<p class=\"text-black\" style=\"text-align: center;\">Der Aufbau einer komplett neuen Wasserspielplatz-Branche erforderte neben all dem Spa\u00df auch ein erhebliches Ma\u00df an Zielstrebigkeit und Innovation.<\/p>\n<p class=\"text-black\" style=\"text-align: center;\">Unsere zentralen Werten leiten uns bei allem, was wir tun \u2013 von unserer Arbeitsweise bis hin zu unseren Partnern und bilden die Eckpfeiler der Marke Wibit.<\/p>\n<p>[\/vc_column_text][\/vc_column][\/vc_row][vc_row full_width=&#8220;stretch_row_content_no_spaces&#8220; css_animation=&#8220;bottom-to-top&#8220; smartphonebbresponsive=&#8220;.bb_custom_1580306701603{padding-bottom:-!important;}&#8220;][vc_column offset=&#8220;vc_hidden-xs&#8220;][vc_single_image image=&#8220;11572&#8243; img_size=&#8220;full&#8220; smartphonebbresponsive=&#8220;.bb_custom_1607693583419 img{margin-top:20px!important;margin-bottom:20px!important;width:100%!important;height:auto!important;}&#8220;][\/vc_column][\/vc_row][vc_row full_width=&#8220;stretch_row_content_no_spaces&#8220; css_animation=&#8220;bottom-to-top&#8220;][vc_column offset=&#8220;vc_hidden-lg vc_hidden-md vc_hidden-sm&#8220;][vc_single_image image=&#8220;11623&#8243; img_size=&#8220;full&#8220; smartphonebbresponsive=&#8220;.bb_custom_1580370891875{margin-top:20px!important;margin-bottom:20px!important;}&#8220;][\/vc_column][\/vc_row][vc_row css_animation=&#8220;bottom-to-top&#8220;][vc_column offset=&#8220;vc_col-lg-offset-2 vc_col-lg-8 vc_col-md-offset-2 vc_col-md-8&#8243;][cta id=&#8220;11094&#8243;][\/vc_column][\/vc_row][vc_row css_animation=&#8220;bottom-to-top&#8220;][vc_column offset=&#8220;vc_col-lg-offset-2 vc_col-lg-8 vc_col-md-offset-2 vc_col-md-8&#8243;][vertical_line][vc_column_text smartphonebbresponsive=&#8220;.bb_custom_1579082764785{margin-bottom:20px!important;}&#8220;]<\/p>\n<h2 class=\"fauna-one\" style=\"text-align: center;\">Teamwork l\u00e4sst Tr\u00e4ume wahr werden<\/h2>\n<p>[\/vc_column_text][vc_column_text]<\/p>\n<p style=\"text-align: center;\">Wir lieben Teamsportarten und daher ist Teamwork f\u00fcr uns Grundvoraussetzung. Ein funktionierendes Team ist der Schl\u00fcssel zu guten Leistungen und langfristigem Erfolg. Bei Wibit sind wir weit mehr als nur Kollegen, wir sind ein eingespieltes Team, das das gleiche Ziel vor Augen hat und <strong>seine Arbeit liebt.<\/strong> Unsere Produkte und zentralen Werte tragen dazu bei, dass wir unserer Arbeit mit Begeisterung nachgehen, sodass jeder Einzelne unter uns die Wibit Kultur von Anfang an lebt.<\/p>\n<p>[\/vc_column_text][\/vc_column][\/vc_row][vc_row css_animation=&#8220;bottom-to-top&#8220;][vc_column offset=&#8220;vc_col-lg-offset-1 vc_col-lg-10 vc_col-md-offset-1 vc_col-md-10&#8243;][vc_single_image image=&#8220;47333&#8243; img_size=&#8220;full&#8220; smartphonebbresponsive=&#8220;.bb_custom_1732702017987{margin-top:20px!important;margin-bottom:20px!important;}&#8220; bb_tab_container=&#8220;&#8220;][\/vc_column][\/vc_row][vc_row css_animation=&#8220;bottom-to-top&#8220;][vc_column offset=&#8220;vc_col-lg-offset-2 vc_col-lg-8 vc_col-md-offset-2 vc_col-md-8&#8243;][cta id=&#8220;11015&#8243;][vertical_line][vc_column_text smartphonebbresponsive=&#8220;.bb_custom_1622102979801{margin-bottom:20px!important;}&#8220;]<\/p>\n<h2 class=\"fauna-one\" style=\"text-align: center;\">Wir sind Mitglied in verschiedenen Branchenverb\u00e4nden rund um den Globus<\/h2>\n<p>[\/vc_column_text][\/vc_column][\/vc_row][vc_row][vc_column width=&#8220;1\/4&#8243;][vc_single_image image=&#8220;27303&#8243; img_size=&#8220;150&#215;150&#8243; onclick=&#8220;custom_link&#8220; link=&#8220;https:\/\/www.iaapa.org\/&#8220;][\/vc_column][vc_column width=&#8220;1\/4&#8243;][vc_single_image image=&#8220;29651&#8243; img_size=&#8220;150&#215;150&#8243; onclick=&#8220;custom_link&#8220; link=&#8220;https:\/\/www.menalac.org\/&#8220;][\/vc_column][vc_column width=&#8220;1\/4&#8243;][vc_single_image image=&#8220;30613&#8243; img_size=&#8220;150&#215;150&#8243; onclick=&#8220;custom_link&#8220; link=&#8220;https:\/\/www.plagiarius.com\/&#8220;][\/vc_column][vc_column width=&#8220;1\/4&#8243;][vc_single_image image=&#8220;27307&#8243; img_size=&#8220;150&#215;150&#8243; onclick=&#8220;custom_link&#8220; link=&#8220;https:\/\/www.rlss.org.uk\/&#8220;][\/vc_column][\/vc_row][vc_row css_animation=&#8220;bottom-to-top&#8220;][vc_column offset=&#8220;vc_col-lg-offset-2 vc_col-lg-8 vc_col-md-offset-2 vc_col-md-8&#8243;][vertical_line][\/vc_column][\/vc_row][vc_row css_animation=&#8220;bottom-to-top&#8220; el_id=&#8220;home-of-innovation-and-happiness&#8220; laptopbbresponsive=&#8220;.bb_custom_1580296501396{margin-bottom:-!important;}&#8220;][vc_column css_animation=&#8220;none&#8220; offset=&#8220;vc_col-lg-offset-1 vc_col-lg-10&#8243; smartphonebbresponsive=&#8220;.bb_custom_1578561222595{padding-top:30px!important;padding-right:30px!important;padding-bottom:30px!important;padding-left:30px!important;background-color:#003865!important;}&#8220;][vc_column_text smartphonebbresponsive=&#8220;.bb_custom_1579083158014{margin-bottom:20px!important;}&#8220; laptopbbresponsive=&#8220;.bb_custom_1579083158015{margin-bottom:30px!important;}&#8220;]<\/p>\n<h2 class=\"text-white\" style=\"text-align: center;\"><span class=\"fauna-one\">Der Sitz von Innovation &amp; Fun<\/span><\/h2>\n<p>[\/vc_column_text][vc_row_inner equal_height=&#8220;yes&#8220; content_placement=&#8220;middle&#8220;][vc_column_inner offset=&#8220;vc_col-md-6&#8243;][vc_single_image image=&#8220;20262&#8243; img_size=&#8220;720&#215;480&#8243; alignment=&#8220;center&#8220; laptopbbresponsive=&#8220;.bb_custom_1585146590666{margin-right:-15px!important;margin-left:-60px!important;}&#8220; desktopbbresponsive=&#8220;.bb_custom_1585146590667{margin-left:-120px!important;}&#8220;][\/vc_column_inner][vc_column_inner smartphonebbresponsive=&#8220;.bb_custom_1581062347965{padding-top:15px!important;padding-bottom:15px!important;padding-left:-!important;}&#8220; offset=&#8220;vc_col-md-6&#8243; laptopbbresponsive=&#8220;.bb_custom_1581062347966{padding-left:15px!important;}&#8220;][vc_column_text]<\/p>\n<p class=\"text-white\" style=\"text-align: center;\">Wibit <strong>entwickelt sich st\u00e4ndig weiter<\/strong> \u2013 und zwar nicht nur geografisch. Nachdem unsere B\u00fcro- und Lagerfl\u00e4chen schnell aus allen N\u00e4hten platzten, konnten wir 2012 unseren neuen wibitisierten Firmensitz beziehen, der parallel zu unserem weltweiten Erfolg von Jahr zu Jahr weitergewachsen ist.<\/p>\n<p class=\"text-white\" style=\"text-align: center;\">Mit der letzten Erweiterung im Jahr 2019 haben wir nicht nur unsere Arbeitsfl\u00e4chen, sondern auch unser Warenlager vergr\u00f6\u00dfert.<\/p>\n<p>[\/vc_column_text][\/vc_column_inner][\/vc_row_inner][vc_row_inner equal_height=&#8220;yes&#8220; rtl_reverse=&#8220;yes&#8220; content_placement=&#8220;middle&#8220;][vc_column_inner offset=&#8220;vc_col-md-6&#8243;][vc_single_image image=&#8220;11102&#8243; img_size=&#8220;720&#215;480&#8243; alignment=&#8220;center&#8220; laptopbbresponsive=&#8220;.bb_custom_1579089348017{margin-right:-60px!important;margin-left:-15px!important;}&#8220; desktopbbresponsive=&#8220;.bb_custom_1579089348018{margin-right:-120px!important;}&#8220;][\/vc_column_inner][vc_column_inner offset=&#8220;vc_col-md-6&#8243; smartphonebbresponsive=&#8220;.bb_custom_1581062363204{padding-top:15px!important;padding-right:-!important;padding-bottom:15px!important;}&#8220; laptopbbresponsive=&#8220;.bb_custom_1581062363206{padding-right:15px!important;}&#8220;][vc_column_text]<\/p>\n<p class=\"text-white\" style=\"text-align: center;\">Die Gestaltung unseres B\u00fcrogeb\u00e4udes orientiert sich voll und ganz an unserem Markenkonzept: offen, farbenfroh und freundlich \u2013 eine gro\u00dfartige Arbeitsumgebung mit viel<strong> Raum f\u00fcr Kreativit\u00e4t und innovative Ideen <\/strong>f\u00fcr noch mehr Action und Spa\u00df!<\/p>\n<p>[\/vc_column_text][\/vc_column_inner][\/vc_row_inner][vc_row_inner equal_height=&#8220;yes&#8220; content_placement=&#8220;middle&#8220;][vc_column_inner offset=&#8220;vc_col-md-6&#8243;][vc_single_image image=&#8220;47334&#8243; img_size=&#8220;720&#215;480&#8243; laptopbbresponsive=&#8220;.bb_custom_1732702030942{margin-right:-15px!important;margin-left:-60px!important;}&#8220; desktopbbresponsive=&#8220;.bb_custom_1732702030943{margin-left:-120px!important;}&#8220; bb_tab_container=&#8220;&#8220;][\/vc_column_inner][vc_column_inner smartphonebbresponsive=&#8220;.bb_custom_1581062393620{padding-top:15px!important;padding-bottom:15px!important;padding-left:-!important;}&#8220; offset=&#8220;vc_col-md-6&#8243; laptopbbresponsive=&#8220;.bb_custom_1581062393621{padding-left:15px!important;}&#8220;][vc_column_text]<\/p>\n<p class=\"text-white\" style=\"text-align: center;\">Haben wir deine Neugierde geweckt? Besucher von nah und fern sind herzlich eingeladen, uns an unserem<strong> Firmensitz zu besuchen<\/strong>!<\/p>\n<p>[\/vc_column_text][\/vc_column_inner][\/vc_row_inner][\/vc_column][\/vc_row][vc_row css_animation=&#8220;bottom-to-top&#8220;][vc_column offset=&#8220;vc_col-lg-offset-2 vc_col-lg-8 vc_col-md-offset-2 vc_col-md-8&#8243;][spacer][vc_column_text smartphonebbresponsive=&#8220;.bb_custom_1627993994388{margin-top:-!important;margin-bottom:20px!important;}&#8220;]<\/p>\n<p class=\"headline-h3\" style=\"text-align: center;\">Kontaktiere einfach unser Verkaufsteam und vereinbare einen Termin!<\/p>\n<p>[\/vc_column_text][cta id=&#8220;11023&#8243;][vertical_line][\/vc_column][\/vc_row][vc_row full_width=&#8220;stretch_row_content_no_spaces&#8220; css_animation=&#8220;bottom-to-top&#8220;][vc_column css_animation=&#8220;none&#8220;][vc_column_text smartphonebbresponsive=&#8220;.bb_custom_1580734973660{margin-bottom:30px!important;}&#8220;]<\/p>\n<h2 style=\"text-align: center;\"><span class=\"fauna-one\">Erfolgsgeschichten<br \/>\n<\/span><\/h2>\n<p>[\/vc_column_text][success_stories success_stories_select=&#8220;13151,13147,13163,13161,13160,13156,13132,13157,13153,19863,13148&#8243;][vertical_line][\/vc_column][\/vc_row][vc_row css_animation=&#8220;bottom-to-top&#8220;][vc_column css_animation=&#8220;none&#8220; offset=&#8220;vc_col-lg-offset-0 vc_col-md-offset-0&#8243;][vc_column_text smartphonebbresponsive=&#8220;.bb_custom_1581590414575{margin-bottom:30px!important;}&#8220;]<\/p>\n<h2 style=\"text-align: center;\"><span class=\"fauna-one\">\u00c4hnliche Themen<br \/>\n<\/span><\/h2>\n<p>[\/vc_column_text][recommended_articles articles_select=&#8220;10182,11164,11153,10765&#8243; smartphonebbresponsive=&#8220;.bb_custom_1579093467100{margin-top:20px!important;}&#8220;][\/vc_column][\/vc_row]<\/p>\n<\/div>","protected":false},"excerpt":{"rendered":"<p>[vc_section el_class=&#8220;has-slider&#8220;][vc_row full_width=&#8220;stretch_row_content_no_spaces&#8220; el_class=&#8220;has-slider&#8220; css=&#8220;.vc_custom_1688369296394{padding-bottom: 0px !important;}&#8220;][vc_column smartphonebbresponsive=&#8220;.bb_custom_1578659107182{margin-bottom:30px!important;}&#8220;][slider_new slider_id=&#8220;slider-580188&#8243; arrows=&#8220;true&#8220; height_desktop=&#8220;80vh&#8220; height_tablet=&#8220;60vh&#8220; height_smartphone=&#8220;50vh&#8220;][slider_new_item img=&#8220;41933&#8243;][\/slider_new_item][\/slider_new][\/vc_column][\/vc_row][vc_row][vc_column offset=&#8220;vc_col-lg-offset-2 vc_col-lg-8 vc_col-md-offset-2 vc_col-md-8&#8243;][vc_column_text smartphonebbresponsive=&#8220;.bb_custom_1579081461806{margin-bottom:20px!important;}&#8220;] Weltweiter Marktf\u00fchrer und Vorreiter [\/vc_column_text][vc_column_text] 1996 war Wibit eine namenlose Idee, die in unseren K\u00f6pfen zwischen Fu\u00dfballtraining und Vollzeitjobs herumsprang. Aber im Jahr 2000 war Wibit zu unserer \u00dcberraschung bereits zu einem vollwertigen Wasserpark-Unternehmen herangewachsen. In [&hellip;]<\/p>\n","protected":false},"author":5,"featured_media":0,"parent":0,"menu_order":28,"comment_status":"closed","ping_status":"closed","template":"","meta":{"_acf_changed":false,"footnotes":""},"class_list":["post-20153","page","type-page","status-publish","hentry"],"acf":[],"yoast_head":"<!-- This site is optimized with the Yoast SEO plugin v25.6 - https:\/\/yoast.com\/wordpress\/plugins\/seo\/ -->\n<title>Unternehmen - wibit sports<\/title>\n<meta name=\"robots\" content=\"noindex, follow, max-snippet:-1, max-image-preview:large, max-video-preview:-1\" \/>\n<meta property=\"og:locale\" content=\"de_DE\" \/>\n<meta property=\"og:type\" content=\"article\" \/>\n<meta property=\"og:title\" content=\"Unternehmen - wibit sports\" \/>\n<meta property=\"og:description\" content=\"[vc_section el_class=&#8220;has-slider&#8220;][vc_row full_width=&#8220;stretch_row_content_no_spaces&#8220; el_class=&#8220;has-slider&#8220; css=&#8220;.vc_custom_1688369296394{padding-bottom: 0px !important;}&#8220;][vc_column smartphonebbresponsive=&#8220;.bb_custom_1578659107182{margin-bottom:30px!important;}&#8220;][slider_new slider_id=&#8220;slider-580188&#8243; arrows=&#8220;true&#8220; height_desktop=&#8220;80vh&#8220; height_tablet=&#8220;60vh&#8220; height_smartphone=&#8220;50vh&#8220;][slider_new_item img=&#8220;41933&#8243;][\/slider_new_item][\/slider_new][\/vc_column][\/vc_row][vc_row][vc_column offset=&#8220;vc_col-lg-offset-2 vc_col-lg-8 vc_col-md-offset-2 vc_col-md-8&#8243;][vc_column_text smartphonebbresponsive=&#8220;.bb_custom_1579081461806{margin-bottom:20px!important;}&#8220;] Weltweiter Marktf\u00fchrer und Vorreiter [\/vc_column_text][vc_column_text] 1996 war Wibit eine namenlose Idee, die in unseren K\u00f6pfen zwischen Fu\u00dfballtraining und Vollzeitjobs herumsprang. Aber im Jahr 2000 war Wibit zu unserer \u00dcberraschung bereits zu einem vollwertigen Wasserpark-Unternehmen herangewachsen. In [&hellip;]\" \/>\n<meta property=\"og:url\" content=\"https:\/\/wibit.sechsp.de\/de\/unser-unternehmen\/\" \/>\n<meta property=\"og:site_name\" content=\"wibit sports\" \/>\n<meta property=\"article:publisher\" content=\"https:\/\/www.facebook.com\/wibitsports\/\" \/>\n<meta property=\"article:modified_time\" content=\"2024-11-27T10:07:16+00:00\" \/>\n<meta name=\"twitter:card\" content=\"summary_large_image\" \/>\n<meta name=\"twitter:label1\" content=\"Gesch\u00e4tzte Lesezeit\" \/>\n\t<meta name=\"twitter:data1\" content=\"6\u00a0Minuten\" \/>\n<script type=\"application\/ld+json\" class=\"yoast-schema-graph\">{\"@context\":\"https:\/\/schema.org\",\"@graph\":[{\"@type\":\"WebPage\",\"@id\":\"https:\/\/wibit.sechsp.de\/de\/unser-unternehmen\/\",\"url\":\"https:\/\/wibit.sechsp.de\/de\/unser-unternehmen\/\",\"name\":\"Unternehmen - wibit sports\",\"isPartOf\":{\"@id\":\"https:\/\/wibit.sechsp.de\/de\/#website\"},\"datePublished\":\"2019-12-10T08:58:01+00:00\",\"dateModified\":\"2024-11-27T10:07:16+00:00\",\"breadcrumb\":{\"@id\":\"https:\/\/wibit.sechsp.de\/de\/unser-unternehmen\/#breadcrumb\"},\"inLanguage\":\"de\",\"potentialAction\":[{\"@type\":\"ReadAction\",\"target\":[\"https:\/\/wibit.sechsp.de\/de\/unser-unternehmen\/\"]}]},{\"@type\":\"BreadcrumbList\",\"@id\":\"https:\/\/wibit.sechsp.de\/de\/unser-unternehmen\/#breadcrumb\",\"itemListElement\":[{\"@type\":\"ListItem\",\"position\":1,\"name\":\"Home\",\"item\":\"https:\/\/wibit.sechsp.de\/de\/\"},{\"@type\":\"ListItem\",\"position\":2,\"name\":\"Unternehmen\"}]},{\"@type\":\"WebSite\",\"@id\":\"https:\/\/wibit.sechsp.de\/de\/#website\",\"url\":\"https:\/\/wibit.sechsp.de\/de\/\",\"name\":\"wibit sports\",\"description\":\"We are waterpark!\",\"potentialAction\":[{\"@type\":\"SearchAction\",\"target\":{\"@type\":\"EntryPoint\",\"urlTemplate\":\"https:\/\/wibit.sechsp.de\/de\/?s={search_term_string}\"},\"query-input\":{\"@type\":\"PropertyValueSpecification\",\"valueRequired\":true,\"valueName\":\"search_term_string\"}}],\"inLanguage\":\"de\"}]}<\/script>\n<!-- \/ Yoast SEO plugin. -->","yoast_head_json":{"title":"Unternehmen - wibit sports","robots":{"index":"noindex","follow":"follow","max-snippet":"max-snippet:-1","max-image-preview":"max-image-preview:large","max-video-preview":"max-video-preview:-1"},"og_locale":"de_DE","og_type":"article","og_title":"Unternehmen - wibit sports","og_description":"[vc_section el_class=&#8220;has-slider&#8220;][vc_row full_width=&#8220;stretch_row_content_no_spaces&#8220; el_class=&#8220;has-slider&#8220; css=&#8220;.vc_custom_1688369296394{padding-bottom: 0px !important;}&#8220;][vc_column smartphonebbresponsive=&#8220;.bb_custom_1578659107182{margin-bottom:30px!important;}&#8220;][slider_new slider_id=&#8220;slider-580188&#8243; arrows=&#8220;true&#8220; height_desktop=&#8220;80vh&#8220; height_tablet=&#8220;60vh&#8220; height_smartphone=&#8220;50vh&#8220;][slider_new_item img=&#8220;41933&#8243;][\/slider_new_item][\/slider_new][\/vc_column][\/vc_row][vc_row][vc_column offset=&#8220;vc_col-lg-offset-2 vc_col-lg-8 vc_col-md-offset-2 vc_col-md-8&#8243;][vc_column_text smartphonebbresponsive=&#8220;.bb_custom_1579081461806{margin-bottom:20px!important;}&#8220;] Weltweiter Marktf\u00fchrer und Vorreiter [\/vc_column_text][vc_column_text] 1996 war Wibit eine namenlose Idee, die in unseren K\u00f6pfen zwischen Fu\u00dfballtraining und Vollzeitjobs herumsprang. Aber im Jahr 2000 war Wibit zu unserer \u00dcberraschung bereits zu einem vollwertigen Wasserpark-Unternehmen herangewachsen. In [&hellip;]","og_url":"https:\/\/wibit.sechsp.de\/de\/unser-unternehmen\/","og_site_name":"wibit sports","article_publisher":"https:\/\/www.facebook.com\/wibitsports\/","article_modified_time":"2024-11-27T10:07:16+00:00","twitter_card":"summary_large_image","twitter_misc":{"Gesch\u00e4tzte Lesezeit":"6\u00a0Minuten"},"schema":{"@context":"https:\/\/schema.org","@graph":[{"@type":"WebPage","@id":"https:\/\/wibit.sechsp.de\/de\/unser-unternehmen\/","url":"https:\/\/wibit.sechsp.de\/de\/unser-unternehmen\/","name":"Unternehmen - wibit sports","isPartOf":{"@id":"https:\/\/wibit.sechsp.de\/de\/#website"},"datePublished":"2019-12-10T08:58:01+00:00","dateModified":"2024-11-27T10:07:16+00:00","breadcrumb":{"@id":"https:\/\/wibit.sechsp.de\/de\/unser-unternehmen\/#breadcrumb"},"inLanguage":"de","potentialAction":[{"@type":"ReadAction","target":["https:\/\/wibit.sechsp.de\/de\/unser-unternehmen\/"]}]},{"@type":"BreadcrumbList","@id":"https:\/\/wibit.sechsp.de\/de\/unser-unternehmen\/#breadcrumb","itemListElement":[{"@type":"ListItem","position":1,"name":"Home","item":"https:\/\/wibit.sechsp.de\/de\/"},{"@type":"ListItem","position":2,"name":"Unternehmen"}]},{"@type":"WebSite","@id":"https:\/\/wibit.sechsp.de\/de\/#website","url":"https:\/\/wibit.sechsp.de\/de\/","name":"wibit sports","description":"We are waterpark!","potentialAction":[{"@type":"SearchAction","target":{"@type":"EntryPoint","urlTemplate":"https:\/\/wibit.sechsp.de\/de\/?s={search_term_string}"},"query-input":{"@type":"PropertyValueSpecification","valueRequired":true,"valueName":"search_term_string"}}],"inLanguage":"de"}]}},"_links":{"self":[{"href":"https:\/\/wibit.sechsp.de\/de\/wp-json\/wp\/v2\/pages\/20153","targetHints":{"allow":["GET"]}}],"collection":[{"href":"https:\/\/wibit.sechsp.de\/de\/wp-json\/wp\/v2\/pages"}],"about":[{"href":"https:\/\/wibit.sechsp.de\/de\/wp-json\/wp\/v2\/types\/page"}],"author":[{"embeddable":true,"href":"https:\/\/wibit.sechsp.de\/de\/wp-json\/wp\/v2\/users\/5"}],"replies":[{"embeddable":true,"href":"https:\/\/wibit.sechsp.de\/de\/wp-json\/wp\/v2\/comments?post=20153"}],"version-history":[{"count":31,"href":"https:\/\/wibit.sechsp.de\/de\/wp-json\/wp\/v2\/pages\/20153\/revisions"}],"predecessor-version":[{"id":47336,"href":"https:\/\/wibit.sechsp.de\/de\/wp-json\/wp\/v2\/pages\/20153\/revisions\/47336"}],"wp:attachment":[{"href":"https:\/\/wibit.sechsp.de\/de\/wp-json\/wp\/v2\/media?parent=20153"}],"curies":[{"name":"wp","href":"https:\/\/api.w.org\/{rel}","templated":true}]}}