{"id":20151,"date":"2019-12-04T11:48:01","date_gmt":"2019-12-04T10:48:01","guid":{"rendered":"https:\/\/wibit.sechsp.de\/branding-package\/"},"modified":"2023-07-03T09:30:43","modified_gmt":"2023-07-03T07:30:43","slug":"branding-paket","status":"publish","type":"page","link":"https:\/\/wibit.sechsp.de\/de\/branding-paket\/","title":{"rendered":"Branding-Paket"},"content":{"rendered":"<div class=\"wpb-content-wrapper\"><p>[vc_section el_class=&#8220;has-slider&#8220;][vc_row full_width=&#8220;stretch_row_content_no_spaces&#8220; el_class=&#8220;has-slider&#8220; css=&#8220;.vc_custom_1688369441291{padding-bottom: 0px !important;}&#8220; bb_tab_container=&#8220;&#8220;][vc_column smartphonebbresponsive=&#8220;.bb_custom_1578659107182{margin-bottom:30px!important;}&#8220;][slider_new slider_id=&#8220;slider-580188&#8243; arrows=&#8220;true&#8220; height_desktop=&#8220;80vh&#8220; height_tablet=&#8220;60vh&#8220; height_smartphone=&#8220;50vh&#8220;][slider_new_item img=&#8220;9631&#8243;][\/slider_new_item][slider_new_item img=&#8220;9174&#8243;][\/slider_new_item][slider_new_item img=&#8220;6026&#8243;][\/slider_new_item][\/slider_new][\/vc_column][\/vc_row][vc_row css_animation=&#8220;none&#8220;][vc_column css_animation=&#8220;none&#8220; offset=&#8220;vc_col-lg-offset-2 vc_col-lg-8 vc_col-md-offset-2 vc_col-md-8&#8243;][vc_column_text smartphonebbresponsive=&#8220;.bb_custom_1579001190918{margin-bottom:20px!important;}&#8220;]<\/p>\n<h1 style=\"text-align: center;\">Steigere den Bekanntheitsgrad deiner Marke oder Location!<\/h1>\n<p>[\/vc_column_text][vc_column_text]<\/p>\n<p style=\"text-align: center;\">Die individuelle Gestaltung deines Wibits geht weit \u00fcber die ideale Konfiguration hinaus. Immer auch den wirtschaftlichen Erfolg im Hinterkopf bietet unser\u00a0<strong>Branding-Paket<\/strong>\u00a0unz\u00e4hlige M\u00f6glichkeiten, deinem SportsPark oder PoolTrack deinen ganz eigenen Stempel aufzudr\u00fccken, z.B. durch eine individuelle Farbgebung oder dein Logo bzw. den Namenszug deiner Location.<\/p>\n<p>[\/vc_column_text][vertical_line][\/vc_column][\/vc_row][vc_row css_animation=&#8220;bottom-to-top&#8220; el_id=&#8220;Stufenbox&#8220;][vc_column css_animation=&#8220;none&#8220; offset=&#8220;vc_col-lg-offset-1 vc_col-lg-10&#8243; smartphonebbresponsive=&#8220;.bb_custom_1578561222595{padding-top:30px!important;padding-right:30px!important;padding-bottom:30px!important;padding-left:30px!important;background-color:#003865!important;}&#8220;][vc_row_inner equal_height=&#8220;yes&#8220; content_placement=&#8220;middle&#8220;][vc_column_inner offset=&#8220;vc_col-md-6&#8243;][vc_single_image image=&#8220;8619&#8243; img_size=&#8220;720&#215;480&#8243; alignment=&#8220;center&#8220; laptopbbresponsive=&#8220;.bb_custom_1579001336839{margin-right:-15px!important;margin-left:-60px!important;}&#8220; desktopbbresponsive=&#8220;.bb_custom_1579001336840{margin-left:-120px!important;}&#8220;][\/vc_column_inner][vc_column_inner smartphonebbresponsive=&#8220;.bb_custom_1582636603910{padding-top:15px!important;padding-bottom:15px!important;}&#8220; offset=&#8220;vc_col-md-6&#8243; laptopbbresponsive=&#8220;.bb_custom_1582636603911{padding-left:30px!important;}&#8220;][vc_column_text smartphonebbresponsive=&#8220;.bb_custom_1579001390460{margin-bottom:20px!important;}&#8220;]<\/p>\n<h3 class=\"text-white\" style=\"text-align: center;\">Individuelle Farbgebung<\/h3>\n<p>[\/vc_column_text][vc_column_text]<\/p>\n<p class=\"text-white\" style=\"text-align: center;\">Individuelle Farben\u00a0sind das ultimative Werbemittel f\u00fcr<strong>\u00a0deine Marke<\/strong>\u00a0<strong>oder deine Sponsoren<\/strong>. Mit den vielen zur Auswahl stehenden PVC-Farben und unterschiedlichen Drucktechniken stellen wir sicher, dass deine <strong>Claims oder Logos\u00a0perfekt auf dem Wasser zur Geltung kommen<\/strong> \u2026 und zwar genau dort, wo es so richtig zur Sache geht!<\/p>\n<p>[\/vc_column_text][\/vc_column_inner][\/vc_row_inner][vc_row_inner equal_height=&#8220;yes&#8220; rtl_reverse=&#8220;yes&#8220; content_placement=&#8220;middle&#8220; smartphonebbresponsive=&#8220;.bb_custom_1581346468292{margin-top:30px!important;}&#8220; tabletbbresponsive=&#8220;.bb_custom_1581346468294{margin-top:0px!important;}&#8220;][vc_column_inner offset=&#8220;vc_col-md-6&#8243;][vc_single_image image=&#8220;9174&#8243; img_size=&#8220;720&#215;480&#8243; alignment=&#8220;center&#8220; laptopbbresponsive=&#8220;.bb_custom_1579001353258{margin-right:-60px!important;margin-left:-15px!important;}&#8220; desktopbbresponsive=&#8220;.bb_custom_1579001353259{margin-right:-120px!important;}&#8220;][\/vc_column_inner][vc_column_inner offset=&#8220;vc_col-md-6&#8243; smartphonebbresponsive=&#8220;.bb_custom_1582636578127{padding-top:15px!important;padding-bottom:15px!important;}&#8220; laptopbbresponsive=&#8220;.bb_custom_1582636578129{padding-right:30px!important;}&#8220;][vc_column_text smartphonebbresponsive=&#8220;.bb_custom_1579004027726{margin-bottom:20px!important;}&#8220;]<\/p>\n<h3 class=\"text-white\" style=\"text-align: center;\">Eigenes Logo<\/h3>\n<p>[\/vc_column_text][vc_column_text]<\/p>\n<p class=\"text-white\" style=\"text-align: center;\">Du m\u00f6chtest den Bekanntheitsgrad deiner Marke steigern und daher einfach\u00a0deinen Wibit mit deinem Logo\u00a0versehen? Oder deinen\u00a0<strong>Sponsoren eine unschlagbare Werbem\u00f6glichkeit<\/strong> bieten, sodass sie\u00a0einen Teil deines Parks finanzieren? Mit unserer kosteng\u00fcnstigen Logo-Option er\u00f6ffnen sich brandneue Business-Perspektiven.<\/p>\n<p>[\/vc_column_text][\/vc_column_inner][\/vc_row_inner][\/vc_column][\/vc_row][vc_row css_animation=&#8220;bottom-to-top&#8220;][vc_column css_animation=&#8220;none&#8220; offset=&#8220;vc_col-lg-offset-1 vc_col-lg-10 vc_col-md-offset-1 vc_col-md-10&#8243;][vertical_line][vc_column_text smartphonebbresponsive=&#8220;.bb_custom_1579004471866{margin-bottom:30px!important;}&#8220;]<\/p>\n<h2 style=\"text-align: center;\">Individuelle Farbgebung bei SO Sofitel Hua Hin, Thailand<\/h2>\n<p>[\/vc_column_text][vc_video link=&#8220;https:\/\/vimeo.com\/386912263&#8243; css_animation=&#8220;bottom-to-top&#8220;][vertical_line css_animation=&#8220;bottom-to-top&#8220;][\/vc_column][\/vc_row][vc_row full_width=&#8220;stretch_row&#8220; css_animation=&#8220;bottom-to-top&#8220; el_id=&#8220;super_quote&#8220; smartphonebbresponsive=&#8220;.bb_custom_1579098234347{padding-top:30px!important;padding-bottom:20px!important;border-color:#003865!important;background-color:#003865!important;}&#8220;][vc_column css_animation=&#8220;none&#8220; offset=&#8220;vc_col-lg-offset-1 vc_col-lg-10 vc_col-md-offset-1 vc_col-md-10&#8243;][vc_single_image image=&#8220;16026&#8243; alignment=&#8220;center&#8220; style=&#8220;vc_box_circle&#8220; onclick=&#8220;img_link_large&#8220; img_link_target=&#8220;_blank&#8220; tabletbbresponsive=&#8220;.bb_custom_1582636842782{padding-top:0px!important;padding-bottom:0px!important;}&#8220; css=&#8220;.vc_custom_1579004734935{margin-top: 0px !important;}&#8220;][vc_column_text css_animation=&#8220;none&#8220; tabletbbresponsive=&#8220;.bb_custom_1580722133174{margin-bottom:20px!important;}&#8220; smartphonebbresponsive=&#8220;.bb_custom_1580722133173{padding-top:10px!important;padding-bottom:10px!important;}&#8220;]<\/p>\n<p class=\"text-white\" style=\"text-align: center;\"><strong>Chanrutt Thayartsuwan, <\/strong>Direktor Marketing und Kommunikation<br \/>\nSO Sofitel Hua Hin, Thailand<\/p>\n<p>[\/vc_column_text][vc_column_text css_animation=&#8220;none&#8220;]<\/p>\n<p class=\"headline-h3 text-white\" style=\"text-align: center;\">\u201eUnser neuer Schwimmbad-Parcours im SO Sofitel Hua Hin f\u00fcgt sich perfekt in seine Umgebung ein und passt sehr gut zu unserer verspielten Marke. Unsere G\u00e4ste lieben den Wibit Parcours. Er ist perfekt f\u00fcr Kinder und Jugendliche, und sogar ihre Eltern haben damit einen Riesenspa\u00df. Die Zusammenarbeit mit dem Wibit Team verlief absolut reibungslos und der Parcours ist gro\u00dfartig. Er sorgt nicht nur f\u00fcr Begeisterung, sondern ist auch ein Alleinstellungsmerkmal f\u00fcr unser Hotel. Alles lief sehr professionell ab und wir sind sehr zufrieden mit dem Ergebnis.\u201c<\/p>\n<p>[\/vc_column_text][\/vc_column][\/vc_row][vc_row css_animation=&#8220;bottom-to-top&#8220;][vc_column offset=&#8220;vc_col-lg-offset-2 vc_col-lg-8 vc_col-md-offset-2 vc_col-md-8&#8243;][spacer][cta id=&#8220;6676&#8243;][\/vc_column][\/vc_row][\/vc_section][vc_row full_width=&#8220;stretch_row_content_no_spaces&#8220; css_animation=&#8220;bottom-to-top&#8220;][vc_column css_animation=&#8220;none&#8220;][vertical_line][vc_column_text smartphonebbresponsive=&#8220;.bb_custom_1580734973660{margin-bottom:30px!important;}&#8220;]<\/p>\n<h2 style=\"text-align: center;\"><span class=\"fauna-one\">Erfolgsgeschichten<br \/>\n<\/span><\/h2>\n<p>[\/vc_column_text][success_stories success_stories_select=&#8220;13147,13132,19863,13148&#8243;][vertical_line][\/vc_column][\/vc_row][vc_row css_animation=&#8220;bottom-to-top&#8220;][vc_column css_animation=&#8220;none&#8220;][vc_column_text smartphonebbresponsive=&#8220;.bb_custom_1581590229368{margin-bottom:30px!important;}&#8220;]<\/p>\n<h2 style=\"text-align: center;\"><span class=\"fauna-one\">\u00c4hnliche Themen<\/span><\/h2>\n<p>[\/vc_column_text][recommended_articles articles_select=&#8220;10078,10077,10076,10074&#8243; smartphonebbresponsive=&#8220;.bb_custom_1578489950101{margin-top:20px!important;}&#8220;][\/vc_column][\/vc_row]<\/p>\n<\/div>","protected":false},"excerpt":{"rendered":"<p>[vc_section el_class=&#8220;has-slider&#8220;][vc_row full_width=&#8220;stretch_row_content_no_spaces&#8220; el_class=&#8220;has-slider&#8220; css=&#8220;.vc_custom_1688369441291{padding-bottom: 0px !important;}&#8220; bb_tab_container=&#8220;&#8220;][vc_column smartphonebbresponsive=&#8220;.bb_custom_1578659107182{margin-bottom:30px!important;}&#8220;][slider_new slider_id=&#8220;slider-580188&#8243; arrows=&#8220;true&#8220; height_desktop=&#8220;80vh&#8220; height_tablet=&#8220;60vh&#8220; height_smartphone=&#8220;50vh&#8220;][slider_new_item img=&#8220;9631&#8243;][\/slider_new_item][slider_new_item img=&#8220;9174&#8243;][\/slider_new_item][slider_new_item img=&#8220;6026&#8243;][\/slider_new_item][\/slider_new][\/vc_column][\/vc_row][vc_row css_animation=&#8220;none&#8220;][vc_column css_animation=&#8220;none&#8220; offset=&#8220;vc_col-lg-offset-2 vc_col-lg-8 vc_col-md-offset-2 vc_col-md-8&#8243;][vc_column_text smartphonebbresponsive=&#8220;.bb_custom_1579001190918{margin-bottom:20px!important;}&#8220;] Steigere den Bekanntheitsgrad deiner Marke oder Location! [\/vc_column_text][vc_column_text] Die individuelle Gestaltung deines Wibits geht weit \u00fcber die ideale Konfiguration hinaus. Immer auch den wirtschaftlichen Erfolg im Hinterkopf bietet unser\u00a0Branding-Paket\u00a0unz\u00e4hlige M\u00f6glichkeiten, deinem [&hellip;]<\/p>\n","protected":false},"author":5,"featured_media":0,"parent":0,"menu_order":33,"comment_status":"closed","ping_status":"closed","template":"","meta":{"_acf_changed":false,"footnotes":""},"class_list":["post-20151","page","type-page","status-publish","hentry"],"acf":[],"yoast_head":"<!-- This site is optimized with the Yoast SEO plugin v25.6 - https:\/\/yoast.com\/wordpress\/plugins\/seo\/ -->\n<title>Branding-Paket - wibit sports<\/title>\n<meta name=\"robots\" content=\"noindex, follow, max-snippet:-1, max-image-preview:large, max-video-preview:-1\" \/>\n<meta property=\"og:locale\" content=\"de_DE\" \/>\n<meta property=\"og:type\" content=\"article\" \/>\n<meta property=\"og:title\" content=\"Branding-Paket - wibit sports\" \/>\n<meta property=\"og:description\" content=\"[vc_section el_class=&#8220;has-slider&#8220;][vc_row full_width=&#8220;stretch_row_content_no_spaces&#8220; el_class=&#8220;has-slider&#8220; css=&#8220;.vc_custom_1688369441291{padding-bottom: 0px !important;}&#8220; bb_tab_container=&#8220;&#8220;][vc_column smartphonebbresponsive=&#8220;.bb_custom_1578659107182{margin-bottom:30px!important;}&#8220;][slider_new slider_id=&#8220;slider-580188&#8243; arrows=&#8220;true&#8220; height_desktop=&#8220;80vh&#8220; height_tablet=&#8220;60vh&#8220; height_smartphone=&#8220;50vh&#8220;][slider_new_item img=&#8220;9631&#8243;][\/slider_new_item][slider_new_item img=&#8220;9174&#8243;][\/slider_new_item][slider_new_item img=&#8220;6026&#8243;][\/slider_new_item][\/slider_new][\/vc_column][\/vc_row][vc_row css_animation=&#8220;none&#8220;][vc_column css_animation=&#8220;none&#8220; offset=&#8220;vc_col-lg-offset-2 vc_col-lg-8 vc_col-md-offset-2 vc_col-md-8&#8243;][vc_column_text smartphonebbresponsive=&#8220;.bb_custom_1579001190918{margin-bottom:20px!important;}&#8220;] Steigere den Bekanntheitsgrad deiner Marke oder Location! [\/vc_column_text][vc_column_text] Die individuelle Gestaltung deines Wibits geht weit \u00fcber die ideale Konfiguration hinaus. Immer auch den wirtschaftlichen Erfolg im Hinterkopf bietet unser\u00a0Branding-Paket\u00a0unz\u00e4hlige M\u00f6glichkeiten, deinem [&hellip;]\" \/>\n<meta property=\"og:url\" content=\"https:\/\/wibit.sechsp.de\/de\/branding-paket\/\" \/>\n<meta property=\"og:site_name\" content=\"wibit sports\" \/>\n<meta property=\"article:publisher\" content=\"https:\/\/www.facebook.com\/wibitsports\/\" \/>\n<meta property=\"article:modified_time\" content=\"2023-07-03T07:30:43+00:00\" \/>\n<meta name=\"twitter:card\" content=\"summary_large_image\" \/>\n<meta name=\"twitter:label1\" content=\"Gesch\u00e4tzte Lesezeit\" \/>\n\t<meta name=\"twitter:data1\" content=\"3\u00a0Minuten\" \/>\n<script type=\"application\/ld+json\" class=\"yoast-schema-graph\">{\"@context\":\"https:\/\/schema.org\",\"@graph\":[{\"@type\":\"WebPage\",\"@id\":\"https:\/\/wibit.sechsp.de\/de\/branding-paket\/\",\"url\":\"https:\/\/wibit.sechsp.de\/de\/branding-paket\/\",\"name\":\"Branding-Paket - wibit sports\",\"isPartOf\":{\"@id\":\"https:\/\/wibit.sechsp.de\/de\/#website\"},\"datePublished\":\"2019-12-04T10:48:01+00:00\",\"dateModified\":\"2023-07-03T07:30:43+00:00\",\"breadcrumb\":{\"@id\":\"https:\/\/wibit.sechsp.de\/de\/branding-paket\/#breadcrumb\"},\"inLanguage\":\"de\",\"potentialAction\":[{\"@type\":\"ReadAction\",\"target\":[\"https:\/\/wibit.sechsp.de\/de\/branding-paket\/\"]}]},{\"@type\":\"BreadcrumbList\",\"@id\":\"https:\/\/wibit.sechsp.de\/de\/branding-paket\/#breadcrumb\",\"itemListElement\":[{\"@type\":\"ListItem\",\"position\":1,\"name\":\"Home\",\"item\":\"https:\/\/wibit.sechsp.de\/de\/\"},{\"@type\":\"ListItem\",\"position\":2,\"name\":\"Branding-Paket\"}]},{\"@type\":\"WebSite\",\"@id\":\"https:\/\/wibit.sechsp.de\/de\/#website\",\"url\":\"https:\/\/wibit.sechsp.de\/de\/\",\"name\":\"wibit sports\",\"description\":\"We are waterpark!\",\"potentialAction\":[{\"@type\":\"SearchAction\",\"target\":{\"@type\":\"EntryPoint\",\"urlTemplate\":\"https:\/\/wibit.sechsp.de\/de\/?s={search_term_string}\"},\"query-input\":{\"@type\":\"PropertyValueSpecification\",\"valueRequired\":true,\"valueName\":\"search_term_string\"}}],\"inLanguage\":\"de\"}]}<\/script>\n<!-- \/ Yoast SEO plugin. -->","yoast_head_json":{"title":"Branding-Paket - wibit sports","robots":{"index":"noindex","follow":"follow","max-snippet":"max-snippet:-1","max-image-preview":"max-image-preview:large","max-video-preview":"max-video-preview:-1"},"og_locale":"de_DE","og_type":"article","og_title":"Branding-Paket - wibit sports","og_description":"[vc_section el_class=&#8220;has-slider&#8220;][vc_row full_width=&#8220;stretch_row_content_no_spaces&#8220; el_class=&#8220;has-slider&#8220; css=&#8220;.vc_custom_1688369441291{padding-bottom: 0px !important;}&#8220; bb_tab_container=&#8220;&#8220;][vc_column smartphonebbresponsive=&#8220;.bb_custom_1578659107182{margin-bottom:30px!important;}&#8220;][slider_new slider_id=&#8220;slider-580188&#8243; arrows=&#8220;true&#8220; height_desktop=&#8220;80vh&#8220; height_tablet=&#8220;60vh&#8220; height_smartphone=&#8220;50vh&#8220;][slider_new_item img=&#8220;9631&#8243;][\/slider_new_item][slider_new_item img=&#8220;9174&#8243;][\/slider_new_item][slider_new_item img=&#8220;6026&#8243;][\/slider_new_item][\/slider_new][\/vc_column][\/vc_row][vc_row css_animation=&#8220;none&#8220;][vc_column css_animation=&#8220;none&#8220; offset=&#8220;vc_col-lg-offset-2 vc_col-lg-8 vc_col-md-offset-2 vc_col-md-8&#8243;][vc_column_text smartphonebbresponsive=&#8220;.bb_custom_1579001190918{margin-bottom:20px!important;}&#8220;] Steigere den Bekanntheitsgrad deiner Marke oder Location! [\/vc_column_text][vc_column_text] Die individuelle Gestaltung deines Wibits geht weit \u00fcber die ideale Konfiguration hinaus. Immer auch den wirtschaftlichen Erfolg im Hinterkopf bietet unser\u00a0Branding-Paket\u00a0unz\u00e4hlige M\u00f6glichkeiten, deinem [&hellip;]","og_url":"https:\/\/wibit.sechsp.de\/de\/branding-paket\/","og_site_name":"wibit sports","article_publisher":"https:\/\/www.facebook.com\/wibitsports\/","article_modified_time":"2023-07-03T07:30:43+00:00","twitter_card":"summary_large_image","twitter_misc":{"Gesch\u00e4tzte Lesezeit":"3\u00a0Minuten"},"schema":{"@context":"https:\/\/schema.org","@graph":[{"@type":"WebPage","@id":"https:\/\/wibit.sechsp.de\/de\/branding-paket\/","url":"https:\/\/wibit.sechsp.de\/de\/branding-paket\/","name":"Branding-Paket - wibit sports","isPartOf":{"@id":"https:\/\/wibit.sechsp.de\/de\/#website"},"datePublished":"2019-12-04T10:48:01+00:00","dateModified":"2023-07-03T07:30:43+00:00","breadcrumb":{"@id":"https:\/\/wibit.sechsp.de\/de\/branding-paket\/#breadcrumb"},"inLanguage":"de","potentialAction":[{"@type":"ReadAction","target":["https:\/\/wibit.sechsp.de\/de\/branding-paket\/"]}]},{"@type":"BreadcrumbList","@id":"https:\/\/wibit.sechsp.de\/de\/branding-paket\/#breadcrumb","itemListElement":[{"@type":"ListItem","position":1,"name":"Home","item":"https:\/\/wibit.sechsp.de\/de\/"},{"@type":"ListItem","position":2,"name":"Branding-Paket"}]},{"@type":"WebSite","@id":"https:\/\/wibit.sechsp.de\/de\/#website","url":"https:\/\/wibit.sechsp.de\/de\/","name":"wibit sports","description":"We are waterpark!","potentialAction":[{"@type":"SearchAction","target":{"@type":"EntryPoint","urlTemplate":"https:\/\/wibit.sechsp.de\/de\/?s={search_term_string}"},"query-input":{"@type":"PropertyValueSpecification","valueRequired":true,"valueName":"search_term_string"}}],"inLanguage":"de"}]}},"_links":{"self":[{"href":"https:\/\/wibit.sechsp.de\/de\/wp-json\/wp\/v2\/pages\/20151","targetHints":{"allow":["GET"]}}],"collection":[{"href":"https:\/\/wibit.sechsp.de\/de\/wp-json\/wp\/v2\/pages"}],"about":[{"href":"https:\/\/wibit.sechsp.de\/de\/wp-json\/wp\/v2\/types\/page"}],"author":[{"embeddable":true,"href":"https:\/\/wibit.sechsp.de\/de\/wp-json\/wp\/v2\/users\/5"}],"replies":[{"embeddable":true,"href":"https:\/\/wibit.sechsp.de\/de\/wp-json\/wp\/v2\/comments?post=20151"}],"version-history":[{"count":5,"href":"https:\/\/wibit.sechsp.de\/de\/wp-json\/wp\/v2\/pages\/20151\/revisions"}],"predecessor-version":[{"id":44039,"href":"https:\/\/wibit.sechsp.de\/de\/wp-json\/wp\/v2\/pages\/20151\/revisions\/44039"}],"wp:attachment":[{"href":"https:\/\/wibit.sechsp.de\/de\/wp-json\/wp\/v2\/media?parent=20151"}],"curies":[{"name":"wp","href":"https:\/\/api.w.org\/{rel}","templated":true}]}}